{"id":1562,"date":"2020-11-03T12:41:35","date_gmt":"2020-11-03T12:41:35","guid":{"rendered":"https:\/\/atualizacao.enapp.ao\/?page_id=1562"},"modified":"2023-02-20T12:44:24","modified_gmt":"2023-02-20T12:44:24","slug":"quem-e-quem","status":"publish","type":"page","link":"https:\/\/www.enapp.gov.ao\/?page_id=1562","title":{"rendered":"Quem \u00e9 Quem"},"content":{"rendered":"\t\t<div data-elementor-type=\"wp-page\" data-elementor-id=\"1562\" class=\"elementor elementor-1562\" data-elementor-settings=\"[]\">\n\t\t\t\t\t\t<div class=\"elementor-inner\">\n\t\t\t\t\t\t\t<div class=\"elementor-section-wrap\">\n\t\t\t\t\t\t\t<section class=\"elementor-section elementor-top-section elementor-element elementor-element-13ecede2 elementor-section-boxed elementor-section-height-default elementor-section-height-default\" data-id=\"13ecede2\" data-element_type=\"section\">\n\t\t\t\t\t\t<div class=\"elementor-container elementor-column-gap-default\">\n\t\t\t\t\t\t\t<div class=\"elementor-row\">\n\t\t\t\t\t<div class=\"elementor-column elementor-col-100 elementor-top-column elementor-element elementor-element-1c076e86\" data-id=\"1c076e86\" data-element_type=\"column\">\n\t\t\t<div class=\"elementor-column-wrap elementor-element-populated\">\n\t\t\t\t\t\t\t<div class=\"elementor-widget-wrap\">\n\t\t\t\t\t\t<div class=\"elementor-element elementor-element-68685d81 elementor-invisible elementor-widget elementor-widget-image\" data-id=\"68685d81\" data-element_type=\"widget\" data-settings=\"{&quot;_animation&quot;:&quot;fadeInUp&quot;}\" data-widget_type=\"image.default\">\n\t\t\t\t<div class=\"elementor-widget-container\">\n\t\t\t\t\t<div class=\"elementor-image\">\n\t\t\t\t\t\t\t\t\t\t<img width=\"2407\" height=\"1824\" src=\"https:\/\/www.enapp.gov.ao\/wp-content\/uploads\/2023\/02\/PROJECT-PCA-003-Dra-Sadra.jpg\" class=\"attachment-full size-full\" alt=\"\" loading=\"lazy\" srcset=\"https:\/\/www.enapp.gov.ao\/wp-content\/uploads\/2023\/02\/PROJECT-PCA-003-Dra-Sadra.jpg 2407w, https:\/\/www.enapp.gov.ao\/wp-content\/uploads\/2023\/02\/PROJECT-PCA-003-Dra-Sadra-300x227.jpg 300w, https:\/\/www.enapp.gov.ao\/wp-content\/uploads\/2023\/02\/PROJECT-PCA-003-Dra-Sadra-1024x776.jpg 1024w, https:\/\/www.enapp.gov.ao\/wp-content\/uploads\/2023\/02\/PROJECT-PCA-003-Dra-Sadra-768x582.jpg 768w, https:\/\/www.enapp.gov.ao\/wp-content\/uploads\/2023\/02\/PROJECT-PCA-003-Dra-Sadra-1536x1164.jpg 1536w, https:\/\/www.enapp.gov.ao\/wp-content\/uploads\/2023\/02\/PROJECT-PCA-003-Dra-Sadra-2048x1552.jpg 2048w, https:\/\/www.enapp.gov.ao\/wp-content\/uploads\/2023\/02\/PROJECT-PCA-003-Dra-Sadra-600x455.jpg 600w, https:\/\/www.enapp.gov.ao\/wp-content\/uploads\/2023\/02\/PROJECT-PCA-003-Dra-Sadra-64x48.jpg 64w\" sizes=\"(max-width: 2407px) 100vw, 2407px\" \/>\t\t\t\t\t\t\t\t\t\t\t<\/div>\n\t\t\t\t<\/div>\n\t\t\t\t<\/div>\n\t\t\t\t<div class=\"elementor-element elementor-element-3907c4b8 elementor-widget elementor-widget-heading\" data-id=\"3907c4b8\" data-element_type=\"widget\" data-widget_type=\"heading.default\">\n\t\t\t\t<div class=\"elementor-widget-container\">\n\t\t\t<h3 class=\"elementor-heading-title elementor-size-large\">Sandra Cristina dos Reis Rodrigues Alves<\/h3>\t\t<\/div>\n\t\t\t\t<\/div>\n\t\t\t\t<div class=\"elementor-element elementor-element-f1aae03 elementor-widget elementor-widget-heading\" data-id=\"f1aae03\" data-element_type=\"widget\" data-widget_type=\"heading.default\">\n\t\t\t\t<div class=\"elementor-widget-container\">\n\t\t\t<h3 class=\"elementor-heading-title elementor-size-large\">PRESIDENTE DO CONSELHO DE ADMINISTRA\u00c7\u00c3O\n<\/h3>\t\t<\/div>\n\t\t\t\t<\/div>\n\t\t\t\t<div class=\"elementor-element elementor-element-035907f elementor-align-center elementor-mobile-align-center elementor-widget elementor-widget-button\" data-id=\"035907f\" data-element_type=\"widget\" data-widget_type=\"button.default\">\n\t\t\t\t<div class=\"elementor-widget-container\">\n\t\t\t\t\t<div class=\"elementor-button-wrapper\">\n\t\t\t<a href=\"#elementor-action%3Aaction%3Dpopup%3Aopen%26settings%3DeyJpZCI6IjQ2NDkiLCJ0b2dnbGUiOmZhbHNlfQ%3D%3D\" class=\"elementor-button-link elementor-button elementor-size-xs\" role=\"button\">\n\t\t\t\t\t\t<span class=\"elementor-button-content-wrapper\">\n\t\t\t\t\t\t<span class=\"elementor-button-text\">Saber mais<\/span>\n\t\t<\/span>\n\t\t\t\t\t<\/a>\n\t\t<\/div>\n\t\t\t\t<\/div>\n\t\t\t\t<\/div>\n\t\t\t\t<div class=\"elementor-element elementor-element-6588bd1 elementor-widget-divider--view-line_icon elementor-view-framed elementor-widget-divider--element-align-center elementor-widget elementor-widget-divider\" data-id=\"6588bd1\" data-element_type=\"widget\" data-widget_type=\"divider.default\">\n\t\t\t\t<div class=\"elementor-widget-container\">\n\t\t\t\t\t<div class=\"elementor-divider\">\n\t\t\t<span class=\"elementor-divider-separator\">\n\t\t\t\t\t\t\t<div class=\"elementor-icon elementor-divider__element\">\n\t\t\t\t\t<i aria-hidden=\"true\" class=\"fas fa-long-arrow-alt-down\"><\/i><\/div>\n\t\t\t\t\t\t<\/span>\n\t\t<\/div>\n\t\t\t\t<\/div>\n\t\t\t\t<\/div>\n\t\t\t\t\t\t<\/div>\n\t\t\t\t\t<\/div>\n\t\t<\/div>\n\t\t\t\t\t\t\t\t<\/div>\n\t\t\t\t\t<\/div>\n\t\t<\/section>\n\t\t\t\t<section class=\"elementor-section elementor-top-section elementor-element elementor-element-78fbacb1 elementor-section-boxed elementor-section-height-default elementor-section-height-default\" data-id=\"78fbacb1\" data-element_type=\"section\">\n\t\t\t\t\t\t<div class=\"elementor-container elementor-column-gap-default\">\n\t\t\t\t\t\t\t<div class=\"elementor-row\">\n\t\t\t\t\t<div class=\"elementor-column elementor-col-50 elementor-top-column elementor-element elementor-element-15f0e7eb\" data-id=\"15f0e7eb\" data-element_type=\"column\">\n\t\t\t<div class=\"elementor-column-wrap elementor-element-populated\">\n\t\t\t\t\t\t\t<div class=\"elementor-widget-wrap\">\n\t\t\t\t\t\t<div class=\"elementor-element elementor-element-ffefd74 elementor-invisible elementor-widget elementor-widget-image\" data-id=\"ffefd74\" data-element_type=\"widget\" data-settings=\"{&quot;_animation&quot;:&quot;fadeInUp&quot;}\" data-widget_type=\"image.default\">\n\t\t\t\t<div class=\"elementor-widget-container\">\n\t\t\t\t\t<div class=\"elementor-image\">\n\t\t\t\t\t\t\t\t\t\t<img width=\"2476\" height=\"1824\" src=\"https:\/\/www.enapp.gov.ao\/wp-content\/uploads\/2023\/02\/Dr-Edmio.jpg\" class=\"attachment-full size-full\" alt=\"\" loading=\"lazy\" srcset=\"https:\/\/www.enapp.gov.ao\/wp-content\/uploads\/2023\/02\/Dr-Edmio.jpg 2476w, https:\/\/www.enapp.gov.ao\/wp-content\/uploads\/2023\/02\/Dr-Edmio-300x221.jpg 300w, https:\/\/www.enapp.gov.ao\/wp-content\/uploads\/2023\/02\/Dr-Edmio-1024x754.jpg 1024w, https:\/\/www.enapp.gov.ao\/wp-content\/uploads\/2023\/02\/Dr-Edmio-768x566.jpg 768w, https:\/\/www.enapp.gov.ao\/wp-content\/uploads\/2023\/02\/Dr-Edmio-1536x1132.jpg 1536w, https:\/\/www.enapp.gov.ao\/wp-content\/uploads\/2023\/02\/Dr-Edmio-2048x1509.jpg 2048w, https:\/\/www.enapp.gov.ao\/wp-content\/uploads\/2023\/02\/Dr-Edmio-600x442.jpg 600w, https:\/\/www.enapp.gov.ao\/wp-content\/uploads\/2023\/02\/Dr-Edmio-64x47.jpg 64w\" sizes=\"(max-width: 2476px) 100vw, 2476px\" \/>\t\t\t\t\t\t\t\t\t\t\t<\/div>\n\t\t\t\t<\/div>\n\t\t\t\t<\/div>\n\t\t\t\t<div class=\"elementor-element elementor-element-ce20d48 elementor-widget elementor-widget-heading\" data-id=\"ce20d48\" data-element_type=\"widget\" data-widget_type=\"heading.default\">\n\t\t\t\t<div class=\"elementor-widget-container\">\n\t\t\t<h3 class=\"elementor-heading-title elementor-size-large\">\u00c9dmio Fl\u00e1vio Macundy Fernando<\/h3>\t\t<\/div>\n\t\t\t\t<\/div>\n\t\t\t\t<div class=\"elementor-element elementor-element-e795acb elementor-widget elementor-widget-heading\" data-id=\"e795acb\" data-element_type=\"widget\" data-widget_type=\"heading.default\">\n\t\t\t\t<div class=\"elementor-widget-container\">\n\t\t\t<h3 class=\"elementor-heading-title elementor-size-large\">ADMINISTRADOR PARA \u00c1REA DE FORMA\u00c7\u00c3O<\/h3>\t\t<\/div>\n\t\t\t\t<\/div>\n\t\t\t\t<div class=\"elementor-element elementor-element-3213582 elementor-align-right elementor-mobile-align-center elementor-widget elementor-widget-button\" data-id=\"3213582\" data-element_type=\"widget\" data-widget_type=\"button.default\">\n\t\t\t\t<div class=\"elementor-widget-container\">\n\t\t\t\t\t<div class=\"elementor-button-wrapper\">\n\t\t\t<a href=\"#elementor-action%3Aaction%3Dpopup%3Aopen%26settings%3DeyJpZCI6IjQ2NjUiLCJ0b2dnbGUiOmZhbHNlfQ%3D%3D\" class=\"elementor-button-link elementor-button elementor-size-xs\" role=\"button\">\n\t\t\t\t\t\t<span class=\"elementor-button-content-wrapper\">\n\t\t\t\t\t\t<span class=\"elementor-button-text\">Saber mais<\/span>\n\t\t<\/span>\n\t\t\t\t\t<\/a>\n\t\t<\/div>\n\t\t\t\t<\/div>\n\t\t\t\t<\/div>\n\t\t\t\t<div class=\"elementor-element elementor-element-b6d5bbe elementor-widget-divider--view-line_icon elementor-widget-divider--element-align-right elementor-view-default elementor-widget elementor-widget-divider\" data-id=\"b6d5bbe\" data-element_type=\"widget\" data-widget_type=\"divider.default\">\n\t\t\t\t<div class=\"elementor-widget-container\">\n\t\t\t\t\t<div class=\"elementor-divider\">\n\t\t\t<span class=\"elementor-divider-separator\">\n\t\t\t\t\t\t\t<div class=\"elementor-icon elementor-divider__element\">\n\t\t\t\t\t<i aria-hidden=\"true\" class=\"fas fa-long-arrow-alt-down\"><\/i><\/div>\n\t\t\t\t\t\t<\/span>\n\t\t<\/div>\n\t\t\t\t<\/div>\n\t\t\t\t<\/div>\n\t\t\t\t<div class=\"elementor-element elementor-element-a4b00b0 elementor-invisible elementor-widget elementor-widget-image\" data-id=\"a4b00b0\" data-element_type=\"widget\" data-settings=\"{&quot;_animation&quot;:&quot;fadeInUp&quot;}\" data-widget_type=\"image.default\">\n\t\t\t\t<div class=\"elementor-widget-container\">\n\t\t\t\t\t<div class=\"elementor-image\">\n\t\t\t\t\t\t\t\t\t\t<img width=\"2476\" height=\"1824\" src=\"https:\/\/www.enapp.gov.ao\/wp-content\/uploads\/2023\/02\/Dra-Graca.jpg\" class=\"attachment-full size-full\" alt=\"\" loading=\"lazy\" srcset=\"https:\/\/www.enapp.gov.ao\/wp-content\/uploads\/2023\/02\/Dra-Graca.jpg 2476w, https:\/\/www.enapp.gov.ao\/wp-content\/uploads\/2023\/02\/Dra-Graca-300x221.jpg 300w, https:\/\/www.enapp.gov.ao\/wp-content\/uploads\/2023\/02\/Dra-Graca-1024x754.jpg 1024w, https:\/\/www.enapp.gov.ao\/wp-content\/uploads\/2023\/02\/Dra-Graca-768x566.jpg 768w, https:\/\/www.enapp.gov.ao\/wp-content\/uploads\/2023\/02\/Dra-Graca-1536x1132.jpg 1536w, https:\/\/www.enapp.gov.ao\/wp-content\/uploads\/2023\/02\/Dra-Graca-2048x1509.jpg 2048w, https:\/\/www.enapp.gov.ao\/wp-content\/uploads\/2023\/02\/Dra-Graca-600x442.jpg 600w, https:\/\/www.enapp.gov.ao\/wp-content\/uploads\/2023\/02\/Dra-Graca-64x47.jpg 64w\" sizes=\"(max-width: 2476px) 100vw, 2476px\" \/>\t\t\t\t\t\t\t\t\t\t\t<\/div>\n\t\t\t\t<\/div>\n\t\t\t\t<\/div>\n\t\t\t\t<div class=\"elementor-element elementor-element-c07624b elementor-widget elementor-widget-heading\" data-id=\"c07624b\" data-element_type=\"widget\" data-widget_type=\"heading.default\">\n\t\t\t\t<div class=\"elementor-widget-container\">\n\t\t\t<h3 class=\"elementor-heading-title elementor-size-large\">Rosa Jo\u00e3o Gra\u00e7a<\/h3>\t\t<\/div>\n\t\t\t\t<\/div>\n\t\t\t\t<div class=\"elementor-element elementor-element-4d3e0e9 elementor-widget elementor-widget-heading\" data-id=\"4d3e0e9\" data-element_type=\"widget\" data-widget_type=\"heading.default\">\n\t\t\t\t<div class=\"elementor-widget-container\">\n\t\t\t<h3 class=\"elementor-heading-title elementor-size-large\">Administradora para a \u00c1rea de Neg\u00f3cios e Internacionaliza\u00e7\u00e3o<\/h3>\t\t<\/div>\n\t\t\t\t<\/div>\n\t\t\t\t<div class=\"elementor-element elementor-element-fb81224 elementor-align-right elementor-mobile-align-center elementor-widget elementor-widget-button\" data-id=\"fb81224\" data-element_type=\"widget\" data-widget_type=\"button.default\">\n\t\t\t\t<div class=\"elementor-widget-container\">\n\t\t\t\t\t<div class=\"elementor-button-wrapper\">\n\t\t\t<a href=\"#elementor-action%3Aaction%3Dpopup%3Aopen%26settings%3DeyJpZCI6IjQ2NDMiLCJ0b2dnbGUiOmZhbHNlfQ%3D%3D\" class=\"elementor-button-link elementor-button elementor-size-xs\" role=\"button\">\n\t\t\t\t\t\t<span class=\"elementor-button-content-wrapper\">\n\t\t\t\t\t\t<span class=\"elementor-button-text\">Saber mais<\/span>\n\t\t<\/span>\n\t\t\t\t\t<\/a>\n\t\t<\/div>\n\t\t\t\t<\/div>\n\t\t\t\t<\/div>\n\t\t\t\t\t\t<\/div>\n\t\t\t\t\t<\/div>\n\t\t<\/div>\n\t\t\t\t<div class=\"elementor-column elementor-col-50 elementor-top-column elementor-element elementor-element-2cc022a8\" data-id=\"2cc022a8\" data-element_type=\"column\">\n\t\t\t<div class=\"elementor-column-wrap elementor-element-populated\">\n\t\t\t\t\t\t\t<div class=\"elementor-widget-wrap\">\n\t\t\t\t\t\t<div class=\"elementor-element elementor-element-670bac3 elementor-invisible elementor-widget elementor-widget-image\" data-id=\"670bac3\" data-element_type=\"widget\" data-settings=\"{&quot;_animation&quot;:&quot;fadeInUp&quot;}\" data-widget_type=\"image.default\">\n\t\t\t\t<div class=\"elementor-widget-container\">\n\t\t\t\t\t<div class=\"elementor-image\">\n\t\t\t\t\t\t\t\t\t\t<img width=\"2403\" height=\"1824\" src=\"https:\/\/www.enapp.gov.ao\/wp-content\/uploads\/2023\/02\/Dr-Osmar.jpg\" class=\"attachment-full size-full\" alt=\"\" loading=\"lazy\" srcset=\"https:\/\/www.enapp.gov.ao\/wp-content\/uploads\/2023\/02\/Dr-Osmar.jpg 2403w, https:\/\/www.enapp.gov.ao\/wp-content\/uploads\/2023\/02\/Dr-Osmar-300x228.jpg 300w, https:\/\/www.enapp.gov.ao\/wp-content\/uploads\/2023\/02\/Dr-Osmar-1024x777.jpg 1024w, https:\/\/www.enapp.gov.ao\/wp-content\/uploads\/2023\/02\/Dr-Osmar-768x583.jpg 768w, https:\/\/www.enapp.gov.ao\/wp-content\/uploads\/2023\/02\/Dr-Osmar-1536x1166.jpg 1536w, https:\/\/www.enapp.gov.ao\/wp-content\/uploads\/2023\/02\/Dr-Osmar-2048x1555.jpg 2048w, https:\/\/www.enapp.gov.ao\/wp-content\/uploads\/2023\/02\/Dr-Osmar-600x455.jpg 600w, https:\/\/www.enapp.gov.ao\/wp-content\/uploads\/2023\/02\/Dr-Osmar-64x49.jpg 64w\" sizes=\"(max-width: 2403px) 100vw, 2403px\" \/>\t\t\t\t\t\t\t\t\t\t\t<\/div>\n\t\t\t\t<\/div>\n\t\t\t\t<\/div>\n\t\t\t\t<div class=\"elementor-element elementor-element-0084efe elementor-widget elementor-widget-heading\" data-id=\"0084efe\" data-element_type=\"widget\" data-widget_type=\"heading.default\">\n\t\t\t\t<div class=\"elementor-widget-container\">\n\t\t\t<h3 class=\"elementor-heading-title elementor-size-large\">Osmar Valdik Vict\u00f3rio Dos Santos<\/h3>\t\t<\/div>\n\t\t\t\t<\/div>\n\t\t\t\t<div class=\"elementor-element elementor-element-78cb726 elementor-widget elementor-widget-heading\" data-id=\"78cb726\" data-element_type=\"widget\" data-widget_type=\"heading.default\">\n\t\t\t\t<div class=\"elementor-widget-container\">\n\t\t\t<h3 class=\"elementor-heading-title elementor-size-large\">ADMINISTRADOR PARA \u00c1REA DE ADMINISTRA\u00c7\u00c3O E FINAN\u00c7AS <\/h3>\t\t<\/div>\n\t\t\t\t<\/div>\n\t\t\t\t<div class=\"elementor-element elementor-element-2169b83 elementor-align-left elementor-mobile-align-center elementor-widget elementor-widget-button\" data-id=\"2169b83\" data-element_type=\"widget\" data-widget_type=\"button.default\">\n\t\t\t\t<div class=\"elementor-widget-container\">\n\t\t\t\t\t<div class=\"elementor-button-wrapper\">\n\t\t\t<a href=\"#elementor-action%3Aaction%3Dpopup%3Aopen%26settings%3DeyJpZCI6IjQ2NTkiLCJ0b2dnbGUiOmZhbHNlfQ%3D%3D\" class=\"elementor-button-link elementor-button elementor-size-xs\" role=\"button\">\n\t\t\t\t\t\t<span class=\"elementor-button-content-wrapper\">\n\t\t\t\t\t\t<span class=\"elementor-button-text\">Saber mais<\/span>\n\t\t<\/span>\n\t\t\t\t\t<\/a>\n\t\t<\/div>\n\t\t\t\t<\/div>\n\t\t\t\t<\/div>\n\t\t\t\t<div class=\"elementor-element elementor-element-8c191ad elementor-widget-divider--view-line_icon elementor-widget-divider--element-align-left elementor-view-default elementor-widget elementor-widget-divider\" data-id=\"8c191ad\" data-element_type=\"widget\" data-widget_type=\"divider.default\">\n\t\t\t\t<div class=\"elementor-widget-container\">\n\t\t\t\t\t<div class=\"elementor-divider\">\n\t\t\t<span class=\"elementor-divider-separator\">\n\t\t\t\t\t\t\t<div class=\"elementor-icon elementor-divider__element\">\n\t\t\t\t\t<i aria-hidden=\"true\" class=\"fas fa-long-arrow-alt-down\"><\/i><\/div>\n\t\t\t\t\t\t<\/span>\n\t\t<\/div>\n\t\t\t\t<\/div>\n\t\t\t\t<\/div>\n\t\t\t\t<div class=\"elementor-element elementor-element-d047360 elementor-invisible elementor-widget elementor-widget-image\" data-id=\"d047360\" data-element_type=\"widget\" data-settings=\"{&quot;_animation&quot;:&quot;fadeInUp&quot;}\" data-widget_type=\"image.default\">\n\t\t\t\t<div class=\"elementor-widget-container\">\n\t\t\t\t\t<div class=\"elementor-image\">\n\t\t\t\t\t\t\t\t\t\t<img width=\"2476\" height=\"1824\" src=\"https:\/\/www.enapp.gov.ao\/wp-content\/uploads\/2023\/02\/Dr-Herinelto.jpg\" class=\"attachment-full size-full\" alt=\"\" loading=\"lazy\" srcset=\"https:\/\/www.enapp.gov.ao\/wp-content\/uploads\/2023\/02\/Dr-Herinelto.jpg 2476w, https:\/\/www.enapp.gov.ao\/wp-content\/uploads\/2023\/02\/Dr-Herinelto-300x221.jpg 300w, https:\/\/www.enapp.gov.ao\/wp-content\/uploads\/2023\/02\/Dr-Herinelto-1024x754.jpg 1024w, https:\/\/www.enapp.gov.ao\/wp-content\/uploads\/2023\/02\/Dr-Herinelto-768x566.jpg 768w, https:\/\/www.enapp.gov.ao\/wp-content\/uploads\/2023\/02\/Dr-Herinelto-1536x1132.jpg 1536w, https:\/\/www.enapp.gov.ao\/wp-content\/uploads\/2023\/02\/Dr-Herinelto-2048x1509.jpg 2048w, https:\/\/www.enapp.gov.ao\/wp-content\/uploads\/2023\/02\/Dr-Herinelto-600x442.jpg 600w, https:\/\/www.enapp.gov.ao\/wp-content\/uploads\/2023\/02\/Dr-Herinelto-64x47.jpg 64w\" sizes=\"(max-width: 2476px) 100vw, 2476px\" \/>\t\t\t\t\t\t\t\t\t\t\t<\/div>\n\t\t\t\t<\/div>\n\t\t\t\t<\/div>\n\t\t\t\t<div class=\"elementor-element elementor-element-e82a249 elementor-widget elementor-widget-heading\" data-id=\"e82a249\" data-element_type=\"widget\" data-widget_type=\"heading.default\">\n\t\t\t\t<div class=\"elementor-widget-container\">\n\t\t\t<h3 class=\"elementor-heading-title elementor-size-large\">Herinelto da Fonseca Josefa Casimiro<\/h3>\t\t<\/div>\n\t\t\t\t<\/div>\n\t\t\t\t<div class=\"elementor-element elementor-element-5f482d5 elementor-widget elementor-widget-heading\" data-id=\"5f482d5\" data-element_type=\"widget\" data-widget_type=\"heading.default\">\n\t\t\t\t<div class=\"elementor-widget-container\">\n\t\t\t<h3 class=\"elementor-heading-title elementor-size-large\">Administrador para a \u00c1rea de Investiga\u00e7\u00e3o e Extens\u00e3o<\/h3>\t\t<\/div>\n\t\t\t\t<\/div>\n\t\t\t\t<div class=\"elementor-element elementor-element-608e9f7 elementor-align-left elementor-mobile-align-center elementor-widget elementor-widget-button\" data-id=\"608e9f7\" data-element_type=\"widget\" data-widget_type=\"button.default\">\n\t\t\t\t<div class=\"elementor-widget-container\">\n\t\t\t\t\t<div class=\"elementor-button-wrapper\">\n\t\t\t<a href=\"#elementor-action%3Aaction%3Dpopup%3Aopen%26settings%3DeyJpZCI6IjQ1NjYiLCJ0b2dnbGUiOmZhbHNlfQ%3D%3D\" class=\"elementor-button-link elementor-button elementor-size-xs\" role=\"button\">\n\t\t\t\t\t\t<span class=\"elementor-button-content-wrapper\">\n\t\t\t\t\t\t<span class=\"elementor-button-text\">Saber mais<\/span>\n\t\t<\/span>\n\t\t\t\t\t<\/a>\n\t\t<\/div>\n\t\t\t\t<\/div>\n\t\t\t\t<\/div>\n\t\t\t\t\t\t<\/div>\n\t\t\t\t\t<\/div>\n\t\t<\/div>\n\t\t\t\t\t\t\t\t<\/div>\n\t\t\t\t\t<\/div>\n\t\t<\/section>\n\t\t\t\t\t\t<\/div>\n\t\t\t\t\t\t<\/div>\n\t\t\t\t\t<\/div>\n\t\t","protected":false},"excerpt":{"rendered":"<p>Sandra Cristina dos Reis Rodrigues Alves PRESIDENTE DO CONSELHO DE ADMINISTRA\u00c7\u00c3O Saber mais \u00c9dmio Fl\u00e1vio Macundy Fernando ADMINISTRADOR PARA \u00c1REA DE FORMA\u00c7\u00c3O Saber mais Rosa&hellip;<\/p>\n","protected":false},"author":1,"featured_media":0,"parent":0,"menu_order":0,"comment_status":"closed","ping_status":"closed","template":"","meta":[],"_links":{"self":[{"href":"https:\/\/www.enapp.gov.ao\/index.php?rest_route=\/wp\/v2\/pages\/1562"}],"collection":[{"href":"https:\/\/www.enapp.gov.ao\/index.php?rest_route=\/wp\/v2\/pages"}],"about":[{"href":"https:\/\/www.enapp.gov.ao\/index.php?rest_route=\/wp\/v2\/types\/page"}],"author":[{"embeddable":true,"href":"https:\/\/www.enapp.gov.ao\/index.php?rest_route=\/wp\/v2\/users\/1"}],"replies":[{"embeddable":true,"href":"https:\/\/www.enapp.gov.ao\/index.php?rest_route=%2Fwp%2Fv2%2Fcomments&post=1562"}],"version-history":[{"count":12,"href":"https:\/\/www.enapp.gov.ao\/index.php?rest_route=\/wp\/v2\/pages\/1562\/revisions"}],"predecessor-version":[{"id":7379,"href":"https:\/\/www.enapp.gov.ao\/index.php?rest_route=\/wp\/v2\/pages\/1562\/revisions\/7379"}],"wp:attachment":[{"href":"https:\/\/www.enapp.gov.ao\/index.php?rest_route=%2Fwp%2Fv2%2Fmedia&parent=1562"}],"curies":[{"name":"wp","href":"https:\/\/api.w.org\/{rel}","templated":true}]}}