{"id":1595,"date":"2020-11-03T12:47:45","date_gmt":"2020-11-03T12:47:45","guid":{"rendered":"https:\/\/atualizacao.enapp.ao\/?page_id=1595"},"modified":"2023-03-13T00:54:28","modified_gmt":"2023-03-13T00:54:28","slug":"business-school-ebus","status":"publish","type":"page","link":"https:\/\/www.enapp.gov.ao\/?page_id=1595","title":{"rendered":"Escola de Neg\u00f3cio"},"content":{"rendered":"\t\t<div data-elementor-type=\"wp-page\" data-elementor-id=\"1595\" class=\"elementor elementor-1595\" data-elementor-settings=\"[]\">\n\t\t\t\t\t\t<div class=\"elementor-inner\">\n\t\t\t\t\t\t\t<div class=\"elementor-section-wrap\">\n\t\t\t\t\t\t\t<section class=\"elementor-section elementor-top-section elementor-element elementor-element-68ed3029 elementor-section-stretched elementor-section-full_width elementor-hidden-tablet elementor-hidden-phone elementor-section-height-default elementor-section-height-default\" data-id=\"68ed3029\" data-element_type=\"section\" data-settings=\"{&quot;stretch_section&quot;:&quot;section-stretched&quot;}\">\n\t\t\t\t\t\t<div class=\"elementor-container elementor-column-gap-default\">\n\t\t\t\t\t\t\t<div class=\"elementor-row\">\n\t\t\t\t\t<div class=\"elementor-column elementor-col-50 elementor-top-column elementor-element elementor-element-70d3a56a\" data-id=\"70d3a56a\" data-element_type=\"column\">\n\t\t\t<div class=\"elementor-column-wrap elementor-element-populated\">\n\t\t\t\t\t\t\t<div class=\"elementor-widget-wrap\">\n\t\t\t\t\t\t<div class=\"elementor-element elementor-element-36ef7a5 elementor-widget elementor-widget-spacer\" data-id=\"36ef7a5\" data-element_type=\"widget\" data-widget_type=\"spacer.default\">\n\t\t\t\t<div class=\"elementor-widget-container\">\n\t\t\t\t\t<div class=\"elementor-spacer\">\n\t\t\t<div class=\"elementor-spacer-inner\"><\/div>\n\t\t<\/div>\n\t\t\t\t<\/div>\n\t\t\t\t<\/div>\n\t\t\t\t\t\t<\/div>\n\t\t\t\t\t<\/div>\n\t\t<\/div>\n\t\t\t\t<div class=\"elementor-column elementor-col-50 elementor-top-column elementor-element elementor-element-5d8023e5\" data-id=\"5d8023e5\" data-element_type=\"column\">\n\t\t\t<div class=\"elementor-column-wrap elementor-element-populated\">\n\t\t\t\t\t\t\t<div class=\"elementor-widget-wrap\">\n\t\t\t\t\t\t<div class=\"elementor-element elementor-element-36acc034 elementor-widget elementor-widget-image\" data-id=\"36acc034\" data-element_type=\"widget\" data-widget_type=\"image.default\">\n\t\t\t\t<div class=\"elementor-widget-container\">\n\t\t\t\t\t<div class=\"elementor-image\">\n\t\t\t\t\t\t\t\t\t\t<img width=\"138\" height=\"20\" src=\"https:\/\/www.enapp.gov.ao\/wp-content\/uploads\/2020\/11\/Barra-Branca.png\" class=\"attachment-large size-large\" alt=\"\" loading=\"lazy\" \/>\t\t\t\t\t\t\t\t\t\t\t<\/div>\n\t\t\t\t<\/div>\n\t\t\t\t<\/div>\n\t\t\t\t<div class=\"elementor-element elementor-element-e179069 elementor-testimonial--align-left elementor-testimonial--skin-default elementor-testimonial--layout-image_inline elementor-widget elementor-widget-testimonial-carousel\" data-id=\"e179069\" data-element_type=\"widget\" data-settings=\"{&quot;speed&quot;:500,&quot;autoplay&quot;:&quot;yes&quot;,&quot;autoplay_speed&quot;:5000,&quot;loop&quot;:&quot;yes&quot;,&quot;pause_on_hover&quot;:&quot;yes&quot;,&quot;pause_on_interaction&quot;:&quot;yes&quot;,&quot;space_between&quot;:{&quot;unit&quot;:&quot;px&quot;,&quot;size&quot;:10,&quot;sizes&quot;:[]},&quot;space_between_tablet&quot;:{&quot;unit&quot;:&quot;px&quot;,&quot;size&quot;:10,&quot;sizes&quot;:[]},&quot;space_between_mobile&quot;:{&quot;unit&quot;:&quot;px&quot;,&quot;size&quot;:10,&quot;sizes&quot;:[]}}\" data-widget_type=\"testimonial-carousel.default\">\n\t\t\t\t<div class=\"elementor-widget-container\">\n\t\t\t\t\t<div class=\"elementor-swiper\">\n\t\t\t<div class=\"elementor-main-swiper swiper-container\">\n\t\t\t\t<div class=\"swiper-wrapper\">\n\t\t\t\t\t\t\t\t\t\t\t<div class=\"swiper-slide\">\n\t\t\t\t\t\t\t\t\t<div class=\"elementor-testimonial\">\n\t\t\t\t\t\t\t<div class=\"elementor-testimonial__content\">\n\t\t\t\t\t<div class=\"elementor-testimonial__text\">\n\t\t\t\t\t\t.\t\t\t\t\t<\/div>\n\t\t\t\t\t\t\t\t\t<\/div>\n\t\t\t\t\t\t<div class=\"elementor-testimonial__footer\">\n\t\t\t\t\t\t\t\t<cite class=\"elementor-testimonial__cite\"><span class=\"elementor-testimonial__name\">SE VOC\u00ca N\u00c3O PROCURAR A PERFEI\u00c7\u00c3O N\u00c3O ALCAN\u00c7AR\u00c1 A EXCEL\u00caNCIA!<\/span><span class=\"elementor-testimonial__title\">''Don Shula''<\/span><\/cite>\t\t\t<\/div>\n\t\t<\/div>\n\t\t\t\t\t\t\t\t<\/div>\n\t\t\t\t\t\t\t\t\t\t\t<div class=\"swiper-slide\">\n\t\t\t\t\t\t\t\t\t<div class=\"elementor-testimonial\">\n\t\t\t\t\t\t\t<div class=\"elementor-testimonial__content\">\n\t\t\t\t\t<div class=\"elementor-testimonial__text\">\n\t\t\t\t\t\t.\t\t\t\t\t<\/div>\n\t\t\t\t\t\t\t\t\t<\/div>\n\t\t\t\t\t\t<div class=\"elementor-testimonial__footer\">\n\t\t\t\t\t\t\t\t<cite class=\"elementor-testimonial__cite\"><span class=\"elementor-testimonial__name\">SE VOC\u00ca N\u00c3O PROCURAR A PERFEI\u00c7\u00c3O N\u00c3O ALCAN\u00c7AR\u00c1 A EXCEL\u00caNCIA!<\/span><span class=\"elementor-testimonial__title\">''Don Shula''<\/span><\/cite>\t\t\t<\/div>\n\t\t<\/div>\n\t\t\t\t\t\t\t\t<\/div>\n\t\t\t\t\t\t\t\t\t<\/div>\n\t\t\t\t\t\t\t\t\t\t\t\t\t\t\t\t\t\t\t\t\t<\/div>\n\t\t<\/div>\n\t\t\t\t<\/div>\n\t\t\t\t<\/div>\n\t\t\t\t\t\t<\/div>\n\t\t\t\t\t<\/div>\n\t\t<\/div>\n\t\t\t\t\t\t\t\t<\/div>\n\t\t\t\t\t<\/div>\n\t\t<\/section>\n\t\t\t\t<section class=\"elementor-section elementor-top-section elementor-element elementor-element-44c8582 elementor-section-boxed elementor-section-height-default elementor-section-height-default\" data-id=\"44c8582\" data-element_type=\"section\">\n\t\t\t\t\t\t<div class=\"elementor-container elementor-column-gap-default\">\n\t\t\t\t\t\t\t<div class=\"elementor-row\">\n\t\t\t\t\t<div class=\"elementor-column elementor-col-100 elementor-top-column elementor-element elementor-element-9c6777e\" data-id=\"9c6777e\" data-element_type=\"column\">\n\t\t\t<div class=\"elementor-column-wrap elementor-element-populated\">\n\t\t\t\t\t\t\t<div class=\"elementor-widget-wrap\">\n\t\t\t\t\t\t<div class=\"elementor-element elementor-element-271f63f elementor-widget elementor-widget-text-editor\" data-id=\"271f63f\" data-element_type=\"widget\" data-widget_type=\"text-editor.default\">\n\t\t\t\t<div class=\"elementor-widget-container\">\n\t\t\t\t\t<div class=\"elementor-text-editor elementor-clearfix\"><p>A Escola de Neg\u00f3cio (EBUS) tem como miss\u00e3o a forma\u00e7\u00e3o de excel\u00eancia, em especializa\u00e7\u00e3o, p\u00f3s-gradua\u00e7\u00e3o, MBA, bem como programas executivos avan\u00e7ados e espec\u00edficos de alta lideran\u00e7a para o p\u00fablico em geral.<\/p><p>A EBUS combina elementos de escola convencional e modelos de espa\u00e7os acad\u00e9micos din\u00e2micos. Por meio de metodologias inovadoras, busca unir a realidade do mercado com conceitos actualizados de gest\u00e3o e neg\u00f3cios, com foco no desenvolvimento de boas pr\u00e1ticas, sustent\u00e1veis, para dar respostas aos novos desafios da sociedade.<\/p><p>Trata-se de uma estrat\u00e9gia que visa capacitar os gestores da mais alta lideran\u00e7a, sendo que a exig\u00eancia de uma forma\u00e7\u00e3o de excel\u00eancia, de elevada responsabilidade profissional, de efectivo compromisso social e de inova\u00e7\u00e3o, s\u00e3o marca indelevel dos princ\u00edpios orientadores que norteiam a nossa actua\u00e7\u00e3o.<\/p><p>Temos dispon\u00edvel um programa formativo com matriz curricular atual e robusta, direcionada \u00e0s necessidades do mercado e \u00e0 forma\u00e7\u00e3o de profissionais altamente qualificados.<\/p><\/div>\n\t\t\t\t<\/div>\n\t\t\t\t<\/div>\n\t\t\t\t\t\t<\/div>\n\t\t\t\t\t<\/div>\n\t\t<\/div>\n\t\t\t\t\t\t\t\t<\/div>\n\t\t\t\t\t<\/div>\n\t\t<\/section>\n\t\t\t\t<section class=\"elementor-section elementor-top-section elementor-element elementor-element-e618e31 elementor-section-boxed elementor-section-height-default elementor-section-height-default\" data-id=\"e618e31\" data-element_type=\"section\">\n\t\t\t\t\t\t<div class=\"elementor-container elementor-column-gap-default\">\n\t\t\t\t\t\t\t<div class=\"elementor-row\">\n\t\t\t\t\t<div class=\"elementor-column elementor-col-100 elementor-top-column elementor-element elementor-element-5d44a4c\" data-id=\"5d44a4c\" data-element_type=\"column\">\n\t\t\t<div class=\"elementor-column-wrap elementor-element-populated\">\n\t\t\t\t\t\t\t<div class=\"elementor-widget-wrap\">\n\t\t\t\t\t\t<div class=\"elementor-element elementor-element-9277fe5 elementor-widget elementor-widget-wpb-ea-timeline\" data-id=\"9277fe5\" data-element_type=\"widget\" data-widget_type=\"wpb-ea-timeline.default\">\n\t\t\t\t<div class=\"elementor-widget-container\">\n\t\t\t\t        <div class=\"wpb-timeline-area wpb-timeline-right wpb-timeline-shadow-yes\">\n\n\t        \t\n\t\t\t\t\t<div class=\"wpb-timeline-block\">\n\t\t\t\t\t\t\t\t\t\t\t\t\t\t\t\t\t\t\t<div class=\"wpb-timeline-icon\">\n                                <i aria-hidden=\"true\" class=\"fas fa-user-tie\"><\/i>                            <\/div>\n\t\t\t\t\t\t\t\t\t\t\t\t<div class=\"wpb-timeline-content\">\n\t\t\t\t\t\t\t\n\t\t\t\t\t\t\t<h3><a href=\"https:\/\/www.enapp.gov.ao\/programa-para-altos-dirigentes-da-administracao-publica\/\" >Programa  para Altos Dirigentes da Administra\u00e7\u00e3o P\u00fablica<\/a><\/h3>\n\t\t\t\t\t\t\t\n                            \n\t\t\t\t\t\t\t\t\t\t\t\t\t<\/div>\n\t\t\t\t\t\t\t\t\t\t\t<\/div>\n\n\t\t\t  \t\n\t\t\t\t\t<div class=\"wpb-timeline-block\">\n\t\t\t\t\t\t\t\t\t\t\t\t\t\t\t\t\t\t\t<div class=\"wpb-timeline-icon\">\n                                <i aria-hidden=\"true\" class=\"fas fa-users\"><\/i>                            <\/div>\n\t\t\t\t\t\t\t\t\t\t\t\t<div class=\"wpb-timeline-content\">\n\t\t\t\t\t\t\t\n\t\t\t\t\t\t\t<h3><a href=\"https:\/\/www.enapp.gov.ao\/programa-executivo-avancado\/\" >Programa Executivo Avan\u00e7ado<\/a><\/h3>\n\t\t\t\t\t\t\t\n                            \n\t\t\t\t\t\t\t\t\t\t\t\t\t<\/div>\n\t\t\t\t\t\t\t\t\t\t\t<\/div>\n\n\t\t\t  \t\n\t\t\t\t\t<div class=\"wpb-timeline-block\">\n\t\t\t\t\t\t\t\t\t\t\t\t\t\t\t\t\t\t\t<div class=\"wpb-timeline-icon\">\n                                <i aria-hidden=\"true\" class=\"fas fa-user-graduate\"><\/i>                            <\/div>\n\t\t\t\t\t\t\t\t\t\t\t\t<div class=\"wpb-timeline-content\">\n\t\t\t\t\t\t\t\n\t\t\t\t\t\t\t<h3><a href=\"https:\/\/www.enapp.gov.ao\/programa-executivo-especifico\/\" >Forma\u00e7\u00e3o Executiva Espec\u00edfica<\/a><\/h3>\n\t\t\t\t\t\t\t\n                            \n\t\t\t\t\t\t\t\t\t\t\t\t\t<\/div>\n\t\t\t\t\t\t\t\t\t\t\t<\/div>\n\n\t\t\t  \t\n\t\t\t\t\t<div class=\"wpb-timeline-block\">\n\t\t\t\t\t\t\t\t\t\t\t\t\t\t\t\t\t\t\t<div class=\"wpb-timeline-icon\">\n                                <i aria-hidden=\"true\" class=\"fas fa-book-open\"><\/i>                            <\/div>\n\t\t\t\t\t\t\t\t\t\t\t\t<div class=\"wpb-timeline-content\">\n\t\t\t\t\t\t\t\n\t\t\t\t\t\t\t<h3><a href=\"https:\/\/www.enapp.gov.ao\/programa-de-formacao-academica-profissionalizante\/\" >Forma\u00e7\u00e3o Acad\u00e9mica Profissionalizante <\/a><\/h3>\n\t\t\t\t\t\t\t\n                            \n\t\t\t\t\t\t\t\t\t\t\t\t\t<\/div>\n\t\t\t\t\t\t\t\t\t\t\t<\/div>\n\n\t\t\t  \t\n\t\t\t\t\t<div class=\"wpb-timeline-block\">\n\t\t\t\t\t\t\t\t\t\t\t\t\t\t\t\t\t\t\t<div class=\"wpb-timeline-icon\">\n                                <i aria-hidden=\"true\" class=\"fas fa-people-carry\"><\/i>                            <\/div>\n\t\t\t\t\t\t\t\t\t\t\t\t<div class=\"wpb-timeline-content\">\n\t\t\t\t\t\t\t\n\t\t\t\t\t\t\t<h3><a href=\"https:\/\/www.enapp.gov.ao\/cursos-por-encomenda\/\" >Cursos por encomenda<\/a><\/h3>\n\t\t\t\t\t\t\t\n                            \n\t\t\t\t\t\t\t\t\t\t\t\t\t<\/div>\n\t\t\t\t\t\t\t\t\t\t\t<\/div>\n\n\t\t\t  \t\n\t\t\t<\/div>\n\t\t\n        \t\t<\/div>\n\t\t\t\t<\/div>\n\t\t\t\t\t\t<\/div>\n\t\t\t\t\t<\/div>\n\t\t<\/div>\n\t\t\t\t\t\t\t\t<\/div>\n\t\t\t\t\t<\/div>\n\t\t<\/section>\n\t\t\t\t<section class=\"elementor-section elementor-top-section elementor-element elementor-element-722e948 elementor-section-height-min-height elementor-section-boxed elementor-section-height-default elementor-section-items-middle\" data-id=\"722e948\" data-element_type=\"section\">\n\t\t\t\t\t\t<div class=\"elementor-container elementor-column-gap-default\">\n\t\t\t\t\t\t\t<div class=\"elementor-row\">\n\t\t\t\t\t<div class=\"elementor-column elementor-col-100 elementor-top-column elementor-element elementor-element-3c8ea5d\" data-id=\"3c8ea5d\" data-element_type=\"column\">\n\t\t\t<div class=\"elementor-column-wrap elementor-element-populated\">\n\t\t\t\t\t\t\t<div class=\"elementor-widget-wrap\">\n\t\t\t\t\t\t<div class=\"elementor-element elementor-element-a78cfd5 elementor-position-left elementor-view-default elementor-vertical-align-top elementor-widget elementor-widget-icon-box\" data-id=\"a78cfd5\" data-element_type=\"widget\" data-widget_type=\"icon-box.default\">\n\t\t\t\t<div class=\"elementor-widget-container\">\n\t\t\t\t\t<div class=\"elementor-icon-box-wrapper\">\n\t\t\t\t\t\t<div class=\"elementor-icon-box-icon\">\n\t\t\t\t<span class=\"elementor-icon elementor-animation-\" >\n\t\t\t\t<i aria-hidden=\"true\" class=\"lni lni-check-mark-circle\"><\/i>\t\t\t\t<\/span>\n\t\t\t<\/div>\n\t\t\t\t\t\t<div class=\"elementor-icon-box-content\">\n\t\t\t\t<h3 class=\"elementor-icon-box-title\">\n\t\t\t\t\t<span >Benef\u00edcios em Participar de uma Forma\u00e7\u00e3o na EBUS<\/span>\n\t\t\t\t<\/h3>\n\t\t\t\t\t\t\t\t<p class=\"elementor-icon-box-description\">Os principais benef\u00edcios em participar de uma forma\u00e7\u00e3o da EBUS consistem em:<\/p>\n\t\t\t\t\t\t\t<\/div>\n\t\t<\/div>\n\t\t\t\t<\/div>\n\t\t\t\t<\/div>\n\t\t\t\t<div class=\"elementor-element elementor-element-922a7bb elementor-widget elementor-widget-timeline-widget-addon\" data-id=\"922a7bb\" data-element_type=\"widget\" data-widget_type=\"timeline-widget-addon.default\">\n\t\t\t\t<div class=\"elementor-widget-container\">\n\t\t\t\r\n<div class=\"twae-vertical twae-wrapper twae-centered\">    \r\n    <div class=\"twae-timeline-centered twae-timeline-sm twae-line \"><article class=\"twae-timeline-entry twae-right-aligned\">\r\n            <div class=\"twae-timeline-entry-inner\">\r\n                <time class=\"twae-label-extra-label\">\r\n                    <span class=\"twae-label\"><\/span>\r\n                    <span class=\"twae-extra-label\">Aprender<\/span>\r\n                <\/time>\r\n                <div class=\"twae-icon\"><i aria-hidden=\"true\" class=\"fas fa-pen-square\"><\/i><\/div>\r\n                <div class=\"twae-data-container\">\r\n                    <span class=\"twae-title\"><\/span>\r\n                    \r\n                    <div class=\"twae-description\"><p>Aprender com um corpo docente de excel\u00eancia;<\/p><\/div>\r\n                <\/div>\r\n            <\/div>\r\n        <\/article><article class=\"twae-timeline-entry twae-left-aligned\">\r\n            <div class=\"twae-timeline-entry-inner\">\r\n                <time class=\"twae-label-extra-label\">\r\n                    <span class=\"twae-label\"><\/span>\r\n                    <span class=\"twae-extra-label\">Experi\u00eancia<\/span>\r\n                <\/time>\r\n                <div class=\"twae-icon\"><i aria-hidden=\"true\" class=\"fas fa-person-booth\"><\/i><\/div>\r\n                <div class=\"twae-data-container\">\r\n                    <span class=\"twae-title\"><\/span>\r\n                    \r\n                    <div class=\"twae-description\"><p>Adquirir uma diversidade de experi\u00eancias tendo em conta a heterogeneidade das nossas turmas;<\/p><\/div>\r\n                <\/div>\r\n            <\/div>\r\n        <\/article><article class=\"twae-timeline-entry twae-right-aligned\">\r\n            <div class=\"twae-timeline-entry-inner\">\r\n                <time class=\"twae-label-extra-label\">\r\n                    <span class=\"twae-label\"><\/span>\r\n                    <span class=\"twae-extra-label\">Performance<\/span>\r\n                <\/time>\r\n                <div class=\"twae-icon\"><i aria-hidden=\"true\" class=\"fas fa-people-carry\"><\/i><\/div>\r\n                <div class=\"twae-data-container\">\r\n                    <span class=\"twae-title\"><\/span>\r\n                    \r\n                    <div class=\"twae-description\"><p>Obter resultados de aplica\u00e7\u00e3o imediata pela forte componente pr\u00e1tica da forma\u00e7\u00e3o, aliados a metodologia saber-fazer.<\/p><\/div>\r\n                <\/div>\r\n            <\/div>\r\n        <\/article><\/div><\/div>\t\t<\/div>\n\t\t\t\t<\/div>\n\t\t\t\t<div class=\"elementor-element elementor-element-79af7c4 elementor-widget elementor-widget-timeline-widget-addon\" data-id=\"79af7c4\" data-element_type=\"widget\" data-widget_type=\"timeline-widget-addon.default\">\n\t\t\t\t<div class=\"elementor-widget-container\">\n\t\t\t\r\n<div class=\"twae-vertical twae-wrapper twae-centered\">    \r\n    <div class=\"twae-timeline-centered twae-timeline-sm twae-line \"><article class=\"twae-timeline-entry twae-right-aligned\">\r\n            <div class=\"twae-timeline-entry-inner\">\r\n                <time class=\"twae-label-extra-label\">\r\n                    <span class=\"twae-label\"><\/span>\r\n                    <span class=\"twae-extra-label\">Metodologia de Ensino<\/span>\r\n                <\/time>\r\n                <div class=\"twae-icon\"><i aria-hidden=\"true\" class=\"fas fa-chalkboard-teacher\"><\/i><\/div>\r\n                <div class=\"twae-data-container\">\r\n                    <span class=\"twae-title\"><\/span>\r\n                    \r\n                    <div class=\"twae-description\"><p>Os cursos da EBUS s\u00e3o ministrados com base na metodologia de ensino \u201csaber-fazer\u201d, em que as unidades curriculares dos cursos s\u00e3o apresentadas no formato de discuss\u00e3o e an\u00e1lise dos seus conte\u00fados program\u00e1ticos, acompanhada pela interpreta\u00e7\u00e3o de situa\u00e7\u00f5es reais e pr\u00e1ticas, existentes no quotidiano do ambiente de neg\u00f3cios das empresas p\u00fablicas e privadas.<\/p><\/div>\r\n                <\/div>\r\n            <\/div>\r\n        <\/article><article class=\"twae-timeline-entry twae-left-aligned\">\r\n            <div class=\"twae-timeline-entry-inner\">\r\n                <time class=\"twae-label-extra-label\">\r\n                    <span class=\"twae-label\"><\/span>\r\n                    <span class=\"twae-extra-label\">Avalia\u00e7\u00e3o<\/span>\r\n                <\/time>\r\n                <div class=\"twae-icon\"><i aria-hidden=\"true\" class=\"lni lni-pencil-alt\"><\/i><\/div>\r\n                <div class=\"twae-data-container\">\r\n                    <span class=\"twae-title\"><\/span>\r\n                    \r\n                    <div class=\"twae-description\"><p>Tendo em conta a componente profissionalizante, eminentemente pr\u00e1tica, que caracterizam os nossos cursos, a avalia\u00e7\u00e3o dos nossos formandos s\u00e3o feitos com base nos seguintes crit\u00e9rios:<\/p><ul><li>Temas de Desenvolvimento (Trabalhos) \u2013 70%;<\/li><li>Participa\u00e7\u00e3o e aplica\u00e7\u00e3o de conhecimentos \u2013 30%.<\/li><\/ul><\/div>\r\n                <\/div>\r\n            <\/div>\r\n        <\/article><\/div><\/div>\t\t<\/div>\n\t\t\t\t<\/div>\n\t\t\t\t\t\t<\/div>\n\t\t\t\t\t<\/div>\n\t\t<\/div>\n\t\t\t\t\t\t\t\t<\/div>\n\t\t\t\t\t<\/div>\n\t\t<\/section>\n\t\t\t\t\t\t<\/div>\n\t\t\t\t\t\t<\/div>\n\t\t\t\t\t<\/div>\n\t\t","protected":false},"excerpt":{"rendered":"<p>. SE VOC\u00ca N\u00c3O PROCURAR A PERFEI\u00c7\u00c3O N\u00c3O ALCAN\u00c7AR\u00c1 A EXCEL\u00caNCIA!&#8221;Don Shula&#8221; . SE VOC\u00ca N\u00c3O PROCURAR A PERFEI\u00c7\u00c3O N\u00c3O ALCAN\u00c7AR\u00c1 A EXCEL\u00caNCIA!&#8221;Don Shula&#8221; A&hellip;<\/p>\n","protected":false},"author":1,"featured_media":0,"parent":0,"menu_order":0,"comment_status":"closed","ping_status":"closed","template":"","meta":[],"_links":{"self":[{"href":"https:\/\/www.enapp.gov.ao\/index.php?rest_route=\/wp\/v2\/pages\/1595"}],"collection":[{"href":"https:\/\/www.enapp.gov.ao\/index.php?rest_route=\/wp\/v2\/pages"}],"about":[{"href":"https:\/\/www.enapp.gov.ao\/index.php?rest_route=\/wp\/v2\/types\/page"}],"author":[{"embeddable":true,"href":"https:\/\/www.enapp.gov.ao\/index.php?rest_route=\/wp\/v2\/users\/1"}],"replies":[{"embeddable":true,"href":"https:\/\/www.enapp.gov.ao\/index.php?rest_route=%2Fwp%2Fv2%2Fcomments&post=1595"}],"version-history":[{"count":9,"href":"https:\/\/www.enapp.gov.ao\/index.php?rest_route=\/wp\/v2\/pages\/1595\/revisions"}],"predecessor-version":[{"id":7473,"href":"https:\/\/www.enapp.gov.ao\/index.php?rest_route=\/wp\/v2\/pages\/1595\/revisions\/7473"}],"wp:attachment":[{"href":"https:\/\/www.enapp.gov.ao\/index.php?rest_route=%2Fwp%2Fv2%2Fmedia&parent=1595"}],"curies":[{"name":"wp","href":"https:\/\/api.w.org\/{rel}","templated":true}]}}