{"id":1596,"date":"2020-11-03T12:47:45","date_gmt":"2020-11-03T12:47:45","guid":{"rendered":"https:\/\/atualizacao.enapp.ao\/?page_id=1596"},"modified":"2021-06-09T15:42:32","modified_gmt":"2021-06-09T15:42:32","slug":"comunicacao-e-marketing","status":"publish","type":"page","link":"https:\/\/www.enapp.gov.ao\/?page_id=1596","title":{"rendered":"Comunica\u00e7\u00e3o e Marketing"},"content":{"rendered":"\t\t<div data-elementor-type=\"wp-page\" data-elementor-id=\"1596\" class=\"elementor elementor-1596\" data-elementor-settings=\"[]\">\n\t\t\t\t\t\t<div class=\"elementor-inner\">\n\t\t\t\t\t\t\t<div class=\"elementor-section-wrap\">\n\t\t\t\t\t\t\t<section class=\"elementor-section elementor-top-section elementor-element elementor-element-5a76552 elementor-section-boxed elementor-section-height-default elementor-section-height-default\" data-id=\"5a76552\" data-element_type=\"section\">\n\t\t\t\t\t\t<div class=\"elementor-container elementor-column-gap-default\">\n\t\t\t\t\t\t\t<div class=\"elementor-row\">\n\t\t\t\t\t<div class=\"elementor-column elementor-col-100 elementor-top-column elementor-element elementor-element-04d4045\" data-id=\"04d4045\" data-element_type=\"column\">\n\t\t\t<div class=\"elementor-column-wrap elementor-element-populated\">\n\t\t\t\t\t\t\t<div class=\"elementor-widget-wrap\">\n\t\t\t\t\t\t<div class=\"elementor-element elementor-element-4fdb582 elementor-widget elementor-widget-text-editor\" data-id=\"4fdb582\" data-element_type=\"widget\" data-widget_type=\"text-editor.default\">\n\t\t\t\t<div class=\"elementor-widget-container\">\n\t\t\t\t\t<div class=\"elementor-text-editor elementor-clearfix\"><p>Os nossos servi\u00e7os gr\u00e1ficos e audiovisuais s\u00e3o prestados a todos os organismos do sector p\u00fablico administrativo e dos sectores empresariais p\u00fablico e privado, bem como a um grupo personalizado de clientes de forma exclusiva e completa.<\/p><p>Dispomos de uma equipa profissional capaz de fazer face aos desafios que o mercado apresenta, desde cria\u00e7\u00f5es gr\u00e1ficas at\u00e9 \u00e0 sua produ\u00e7\u00e3o, a aplica\u00e7\u00e3o de toda a linha de comunica\u00e7\u00e3o em pe\u00e7as digitais e impressas, e o atendimento ao segmento audiovisual e m\u00eddia digital.<\/p><\/div>\n\t\t\t\t<\/div>\n\t\t\t\t<\/div>\n\t\t\t\t\t\t<\/div>\n\t\t\t\t\t<\/div>\n\t\t<\/div>\n\t\t\t\t\t\t\t\t<\/div>\n\t\t\t\t\t<\/div>\n\t\t<\/section>\n\t\t\t\t<section class=\"elementor-section elementor-top-section elementor-element elementor-element-63444f0 elementor-section-boxed elementor-section-height-default elementor-section-height-default\" data-id=\"63444f0\" data-element_type=\"section\">\n\t\t\t\t\t\t<div class=\"elementor-container elementor-column-gap-default\">\n\t\t\t\t\t\t\t<div class=\"elementor-row\">\n\t\t\t\t\t<div class=\"elementor-column elementor-col-100 elementor-top-column elementor-element elementor-element-c133800\" data-id=\"c133800\" data-element_type=\"column\">\n\t\t\t<div class=\"elementor-column-wrap elementor-element-populated\">\n\t\t\t\t\t\t\t<div class=\"elementor-widget-wrap\">\n\t\t\t\t\t\t<div class=\"elementor-element elementor-element-c5248ac elementor-widget elementor-widget-timeline-widget-addon\" data-id=\"c5248ac\" data-element_type=\"widget\" data-widget_type=\"timeline-widget-addon.default\">\n\t\t\t\t<div class=\"elementor-widget-container\">\n\t\t\t\r\n<div class=\"twae-vertical twae-wrapper twae-one-sided-wrapper\">    \r\n    <div class=\"twae-timeline-centered twae-timeline-sm twae-line twae-one-sided-timeline\"><article class=\"twae-timeline-entry twae-right-aligned\">\r\n            <div class=\"twae-timeline-entry-inner\">\r\n                <time class=\"twae-label-extra-label\">\r\n                    <span class=\"twae-label\"><\/span>\r\n                    <span class=\"twae-extra-label\"><\/span>\r\n                <\/time>\r\n                <div class=\"twae-icon\"><i aria-hidden=\"true\" class=\"fas fa-globe\"><\/i><\/div>\r\n                <div class=\"twae-data-container\">\r\n                    <span class=\"twae-title\">M\u00eddias Sociais <\/span>\r\n                    \r\n                    <div class=\"twae-description\"><p align=\"justify\">A ENAPP possui plataformas de comunica\u00e7\u00e3o com o objectivo de conectar pessoas em todo o mundo e permitir que a \u00c1rea de Comunica\u00e7\u00e3o Institucional, Marketing, Publicidade e Rela\u00e7\u00f5es P\u00fablicas, segmente o seu p\u00fablico, crie audi\u00eancia e maximize a venda de servi\u00e7os e produtos.<\/p><\/div>\r\n                <\/div>\r\n            <\/div>\r\n        <\/article><article class=\"twae-timeline-entry twae-right-aligned\">\r\n            <div class=\"twae-timeline-entry-inner\">\r\n                <time class=\"twae-label-extra-label\">\r\n                    <span class=\"twae-label\"><\/span>\r\n                    <span class=\"twae-extra-label\"><\/span>\r\n                <\/time>\r\n                <div class=\"twae-icon\"><i aria-hidden=\"true\" class=\"lni lni-pencil-alt\"><\/i><\/div>\r\n                <div class=\"twae-data-container\">\r\n                    <span class=\"twae-title\">Design Gr\u00e1fico<\/span>\r\n                    \r\n                    <div class=\"twae-description\"><p align=\"justify\">A ENAPP disp\u00f5e de servi\u00e7os de designer gr\u00e1fico, e a sua ac\u00e7\u00e3o resulta nas seguintes aplica\u00e7\u00f5es:<\/p>\n\n<ul>\n \t<li>\u00a0Identidade corporativa (branding)<\/li>\n \t<li>\u00a0Design de embalagem (packaging design)<\/li>\n \t<li>\u00a0Design Editorial<\/li>\n \t<li>\u00a0Design Digital<\/li>\n \t<li>\u00a0Design de Intera\u00e7\u00e3o<\/li>\n \t<li>\u00a0Sinal\u00e9tica ou Finaliza\u00e7\u00e3o<\/li>\n \t<li>Tipografia<\/li>\n<\/ul><\/div>\r\n                <\/div>\r\n            <\/div>\r\n        <\/article><article class=\"twae-timeline-entry twae-right-aligned\">\r\n            <div class=\"twae-timeline-entry-inner\">\r\n                <time class=\"twae-label-extra-label\">\r\n                    <span class=\"twae-label\"><\/span>\r\n                    <span class=\"twae-extra-label\"><\/span>\r\n                <\/time>\r\n                <div class=\"twae-icon\"><i aria-hidden=\"true\" class=\"lni lni-video\"><\/i><\/div>\r\n                <div class=\"twae-data-container\">\r\n                    <span class=\"twae-title\">Audiovisual e Transmiss\u00e3o ao Vivo<\/span>\r\n                    \r\n                    <div class=\"twae-description\"><p align=\"justify\">A ENAPP realiza servi\u00e7os audiovisuais, bem como transmiss\u00e3o on-line pelas plataformas digitais.<\/p><p align=\"justify\">Os nossos servi\u00e7os audiovisuais s\u00e3o os seguintes:<\/p><ul><li>\u00c1udio Visual<\/li><li>\u00a0Spot Publicit\u00e1rio (TV)<\/li><li>\u00a0Grava\u00e7\u00e3o de Locu\u00e7\u00e3o<\/li><li>\u00a0Produ\u00e7\u00e3o de Document\u00e1rios<\/li><li>\u00a0Live streaming Broadcasting<\/li><li>\u00a0Fotografias<\/li><\/ul><\/div>\r\n                <\/div>\r\n            <\/div>\r\n        <\/article><article class=\"twae-timeline-entry twae-right-aligned\">\r\n            <div class=\"twae-timeline-entry-inner\">\r\n                <time class=\"twae-label-extra-label\">\r\n                    <span class=\"twae-label\"><\/span>\r\n                    <span class=\"twae-extra-label\"><\/span>\r\n                <\/time>\r\n                <div class=\"twae-icon\"><i aria-hidden=\"true\" class=\"fas fa-phone-square-alt\"><\/i><\/div>\r\n                <div class=\"twae-data-container\">\r\n                    <span class=\"twae-title\">Contactos <\/span>\r\n                    \r\n                    <div class=\"twae-description\"><div id=\"elementor-tab-content-2064\" class=\"elementor-tab-content elementor-clearfix elementor-active\" role=\"tabpanel\" data-tab=\"4\" aria-labelledby=\"elementor-tab-title-2064\"><ul><li><strong>E-mail:\u00a0<\/strong>\u00a0comunicacao.marketing@enapp.gov.ao<\/li><li><strong>Telemovel:<\/strong>\u00a0 (+244 )947 59 66 84\u00a0<\/li><\/ul><\/div><\/div>\r\n                <\/div>\r\n            <\/div>\r\n        <\/article><\/div><\/div>\t\t<\/div>\n\t\t\t\t<\/div>\n\t\t\t\t\t\t<\/div>\n\t\t\t\t\t<\/div>\n\t\t<\/div>\n\t\t\t\t\t\t\t\t<\/div>\n\t\t\t\t\t<\/div>\n\t\t<\/section>\n\t\t\t\t\t\t<\/div>\n\t\t\t\t\t\t<\/div>\n\t\t\t\t\t<\/div>\n\t\t","protected":false},"excerpt":{"rendered":"<p>Os nossos servi\u00e7os gr\u00e1ficos e audiovisuais s\u00e3o prestados a todos os organismos do sector p\u00fablico administrativo e dos sectores empresariais p\u00fablico e privado, bem como&hellip;<\/p>\n","protected":false},"author":1,"featured_media":0,"parent":0,"menu_order":0,"comment_status":"closed","ping_status":"closed","template":"","meta":[],"_links":{"self":[{"href":"https:\/\/www.enapp.gov.ao\/index.php?rest_route=\/wp\/v2\/pages\/1596"}],"collection":[{"href":"https:\/\/www.enapp.gov.ao\/index.php?rest_route=\/wp\/v2\/pages"}],"about":[{"href":"https:\/\/www.enapp.gov.ao\/index.php?rest_route=\/wp\/v2\/types\/page"}],"author":[{"embeddable":true,"href":"https:\/\/www.enapp.gov.ao\/index.php?rest_route=\/wp\/v2\/users\/1"}],"replies":[{"embeddable":true,"href":"https:\/\/www.enapp.gov.ao\/index.php?rest_route=%2Fwp%2Fv2%2Fcomments&post=1596"}],"version-history":[{"count":0,"href":"https:\/\/www.enapp.gov.ao\/index.php?rest_route=\/wp\/v2\/pages\/1596\/revisions"}],"wp:attachment":[{"href":"https:\/\/www.enapp.gov.ao\/index.php?rest_route=%2Fwp%2Fv2%2Fmedia&parent=1596"}],"curies":[{"name":"wp","href":"https:\/\/api.w.org\/{rel}","templated":true}]}}