{"id":1683,"date":"2020-11-03T14:40:18","date_gmt":"2020-11-03T14:40:18","guid":{"rendered":"https:\/\/atualizacao.enapp.ao\/?page_id=1683"},"modified":"2021-07-05T11:16:48","modified_gmt":"2021-07-05T11:16:48","slug":"centros-regionais","status":"publish","type":"page","link":"https:\/\/www.enapp.gov.ao\/?page_id=1683","title":{"rendered":"Centros Regionais"},"content":{"rendered":"\t\t<div data-elementor-type=\"wp-page\" data-elementor-id=\"1683\" class=\"elementor elementor-1683\" data-elementor-settings=\"[]\">\n\t\t\t\t\t\t<div class=\"elementor-inner\">\n\t\t\t\t\t\t\t<div class=\"elementor-section-wrap\">\n\t\t\t\t\t\t\t<section class=\"elementor-section elementor-top-section elementor-element elementor-element-a95fa58 elementor-section-boxed elementor-section-height-default elementor-section-height-default\" data-id=\"a95fa58\" data-element_type=\"section\">\n\t\t\t\t\t\t<div class=\"elementor-container elementor-column-gap-default\">\n\t\t\t\t\t\t\t<div class=\"elementor-row\">\n\t\t\t\t\t<div class=\"elementor-column elementor-col-100 elementor-top-column elementor-element elementor-element-d7e9d29\" data-id=\"d7e9d29\" data-element_type=\"column\">\n\t\t\t<div class=\"elementor-column-wrap elementor-element-populated\">\n\t\t\t\t\t\t\t<div class=\"elementor-widget-wrap\">\n\t\t\t\t\t\t<div class=\"elementor-element elementor-element-70aaaa1 elementor-widget elementor-widget-text-editor\" data-id=\"70aaaa1\" data-element_type=\"widget\" data-widget_type=\"text-editor.default\">\n\t\t\t\t<div class=\"elementor-widget-container\">\n\t\t\t\t\t<div class=\"elementor-text-editor elementor-clearfix\"><p>Os Centros Regionais apresentam a desconcentra\u00e7\u00e3o administrativa e descentraliza\u00e7\u00e3o formativa da ENAPP.\u00a0<\/p><p>A ENAPP, possui 6 centros Regionais, cada Centro Regional \u00e9 formado por 3 prov\u00edncias, de modo a conferir maior mobilidade, as a\u00e7\u00f5es de forma\u00e7\u00e3o.<\/p><\/div>\n\t\t\t\t<\/div>\n\t\t\t\t<\/div>\n\t\t\t\t\t\t<\/div>\n\t\t\t\t\t<\/div>\n\t\t<\/div>\n\t\t\t\t\t\t\t\t<\/div>\n\t\t\t\t\t<\/div>\n\t\t<\/section>\n\t\t\t\t<section class=\"elementor-section elementor-top-section elementor-element elementor-element-56b5195 elementor-section-boxed elementor-section-height-default elementor-section-height-default\" data-id=\"56b5195\" data-element_type=\"section\">\n\t\t\t\t\t\t<div class=\"elementor-container elementor-column-gap-default\">\n\t\t\t\t\t\t\t<div class=\"elementor-row\">\n\t\t\t\t\t<div class=\"elementor-column elementor-col-100 elementor-top-column elementor-element elementor-element-e600ae4\" data-id=\"e600ae4\" data-element_type=\"column\">\n\t\t\t<div class=\"elementor-column-wrap elementor-element-populated\">\n\t\t\t\t\t\t\t<div class=\"elementor-widget-wrap\">\n\t\t\t\t\t\t<div class=\"elementor-element elementor-element-becd761 elementor-widget elementor-widget-image\" data-id=\"becd761\" data-element_type=\"widget\" data-widget_type=\"image.default\">\n\t\t\t\t<div class=\"elementor-widget-container\">\n\t\t\t\t\t<div class=\"elementor-image\">\n\t\t\t\t\t\t\t\t\t\t<img width=\"1441\" height=\"1536\" src=\"https:\/\/www.enapp.gov.ao\/wp-content\/uploads\/2020\/11\/Centros-Regionais-1441x1536-1.png\" class=\"attachment-full size-full\" alt=\"\" loading=\"lazy\" srcset=\"https:\/\/www.enapp.gov.ao\/wp-content\/uploads\/2020\/11\/Centros-Regionais-1441x1536-1.png 1441w, https:\/\/www.enapp.gov.ao\/wp-content\/uploads\/2020\/11\/Centros-Regionais-1441x1536-1-281x300.png 281w, https:\/\/www.enapp.gov.ao\/wp-content\/uploads\/2020\/11\/Centros-Regionais-1441x1536-1-961x1024.png 961w, https:\/\/www.enapp.gov.ao\/wp-content\/uploads\/2020\/11\/Centros-Regionais-1441x1536-1-768x819.png 768w, https:\/\/www.enapp.gov.ao\/wp-content\/uploads\/2020\/11\/Centros-Regionais-1441x1536-1-600x640.png 600w\" sizes=\"(max-width: 1441px) 100vw, 1441px\" \/>\t\t\t\t\t\t\t\t\t\t\t<\/div>\n\t\t\t\t<\/div>\n\t\t\t\t<\/div>\n\t\t\t\t\t\t<\/div>\n\t\t\t\t\t<\/div>\n\t\t<\/div>\n\t\t\t\t\t\t\t\t<\/div>\n\t\t\t\t\t<\/div>\n\t\t<\/section>\n\t\t\t\t<section class=\"elementor-section elementor-top-section elementor-element elementor-element-702c08c6 elementor-section-boxed elementor-section-height-default elementor-section-height-default\" data-id=\"702c08c6\" data-element_type=\"section\">\n\t\t\t\t\t\t<div class=\"elementor-container elementor-column-gap-default\">\n\t\t\t\t\t\t\t<div class=\"elementor-row\">\n\t\t\t\t\t<div class=\"elementor-column elementor-col-100 elementor-top-column elementor-element elementor-element-71a6edd5\" data-id=\"71a6edd5\" data-element_type=\"column\">\n\t\t\t<div class=\"elementor-column-wrap elementor-element-populated\">\n\t\t\t\t\t\t\t<div class=\"elementor-widget-wrap\">\n\t\t\t\t\t\t<div class=\"elementor-element elementor-element-624feb36 elementor-widget elementor-widget-toggle\" data-id=\"624feb36\" data-element_type=\"widget\" data-widget_type=\"toggle.default\">\n\t\t\t\t<div class=\"elementor-widget-container\">\n\t\t\t\t\t<div class=\"elementor-toggle\" role=\"tablist\">\n\t\t\t\t\t\t\t<div class=\"elementor-toggle-item\">\n\t\t\t\t\t<div id=\"elementor-tab-title-1641\" class=\"elementor-tab-title\" data-tab=\"1\" role=\"tab\" aria-controls=\"elementor-tab-content-1641\">\n\t\t\t\t\t\t\t\t\t\t\t\t<span class=\"elementor-toggle-icon elementor-toggle-icon-left\" aria-hidden=\"true\">\n\t\t\t\t\t\t\t\t\t\t\t\t\t\t\t<span class=\"elementor-toggle-icon-closed\"><i class=\"fas fa-caret-right\"><\/i><\/span>\n\t\t\t\t\t\t\t\t<span class=\"elementor-toggle-icon-opened\"><i class=\"elementor-toggle-icon-opened fas fa-caret-up\"><\/i><\/span>\n\t\t\t\t\t\t\t\t\t\t\t\t\t<\/span>\n\t\t\t\t\t\t\t\t\t\t\t\t<a href=\"\" class=\"elementor-toggle-title\">CREBE - CENTRO REGIONAL DE BENGUELA<\/a>\n\t\t\t\t\t<\/div>\n\t\t\t\t\t<div id=\"elementor-tab-content-1641\" class=\"elementor-tab-content elementor-clearfix\" data-tab=\"1\" role=\"tabpanel\" aria-labelledby=\"elementor-tab-title-1641\"><p>Em colabora\u00e7\u00e3o com os governos provinciais de Benguela, Cuanza-Sul e Luanda e respectivas administra\u00e7\u00f5es municipais,<br \/>distritais e comunais, a ENAPP oferece programas formativos em diversos dom\u00ednios tem\u00e1ticos de compet\u00eancias<br \/>da Administra\u00e7\u00e3o P\u00fablica, incluindo forma\u00e7\u00e3o sobre autarquias locais, de gest\u00e3o empresarial, economia e pol\u00edticas<br \/>p\u00fablicas atrav\u00e9s do CREBE.<\/p><p><strong>Elegibilidade:<\/strong> Os programas de forma\u00e7\u00e3o e cursos do CREBE s\u00e3o abertos a todos os funcion\u00e1rios dos Governos<br \/>Provinciais de Benguela, Cuanza-Sul e Luanda, e das respectivas administra\u00e7\u00f5es municipais, distritais e comunais.<br \/>S\u00e3o igualmente eleg\u00edveis ao CREBE os funcion\u00e1rios da classe empresarial daquelas prov\u00edncias.<\/p><p><strong>Participa\u00e7\u00e3o:<\/strong> A participa\u00e7\u00e3o nos programas e cursos do CREBE \u00e9 por inscri\u00e7\u00e3o, patrocinada pelo candidato ou pela<br \/>sua institui\u00e7\u00e3o. Se a participa\u00e7\u00e3o num programa ou curso for por convite, os candidatos s\u00e3o indicados pela sua<br \/>respectiva institui\u00e7\u00e3o a pedido da Direc\u00e7\u00e3o de Forma\u00e7\u00e3o da ENAPP ou de um dos Centros Regionais de Forma\u00e7\u00e3o.<\/p><p><strong>Programa\u00e7\u00e3o:<\/strong> O cronograma da oferta dos programas formativos e cursos a serem realizados nas instala\u00e7\u00f5es do<br \/>Centro Regional de Benguela encontra-se em anexo (<a href=\"https:\/\/www.enapp.gov.ao\/wp-content\/uploads\/2021\/05\/Plano-de-Formacao-Anual-2021_compressed-2_compressed.pdf\">Programa de forma\u00e7\u00e3o<\/a>\u00a0e o <a href=\"https:\/\/www.enapp.gov.ao\/wp-content\/uploads\/2021\/05\/PF21EBUS.pdf\">Programa da Escola de Neg\u00f3cios<\/a>), podendo igualmente ser obtido nos nossos canais digitais.<\/p><p><strong>Contacto para Informa\u00e7\u00f5es:<\/strong><br \/>Centro Regional de Benguela<br \/>Direc\u00e7\u00e3o da Forma\u00e7\u00e3o &#8211; ENAPP<br \/>gestor.crebe@enapp.gov.ao<\/p><\/div>\n\t\t\t\t<\/div>\n\t\t\t\t\t\t\t<div class=\"elementor-toggle-item\">\n\t\t\t\t\t<div id=\"elementor-tab-title-1642\" class=\"elementor-tab-title\" data-tab=\"2\" role=\"tab\" aria-controls=\"elementor-tab-content-1642\">\n\t\t\t\t\t\t\t\t\t\t\t\t<span class=\"elementor-toggle-icon elementor-toggle-icon-left\" aria-hidden=\"true\">\n\t\t\t\t\t\t\t\t\t\t\t\t\t\t\t<span class=\"elementor-toggle-icon-closed\"><i class=\"fas fa-caret-right\"><\/i><\/span>\n\t\t\t\t\t\t\t\t<span class=\"elementor-toggle-icon-opened\"><i class=\"elementor-toggle-icon-opened fas fa-caret-up\"><\/i><\/span>\n\t\t\t\t\t\t\t\t\t\t\t\t\t<\/span>\n\t\t\t\t\t\t\t\t\t\t\t\t<a href=\"\" class=\"elementor-toggle-title\">CREHU - CENTRO REGIONAL DO HUAMBO<\/a>\n\t\t\t\t\t<\/div>\n\t\t\t\t\t<div id=\"elementor-tab-content-1642\" class=\"elementor-tab-content elementor-clearfix\" data-tab=\"2\" role=\"tabpanel\" aria-labelledby=\"elementor-tab-title-1642\"><p>Os Governos Provinciais de Huambo, Bi\u00e9 e Cuando Cubango, e respectivas administra\u00e7\u00f5es municipais, distritais e<br \/>comunais, apoiam a ENAPP na oferta de seus programas formativos atrav\u00e9s do CREHU. Por este canal a ENAPP<br \/>disponibiliza ao mercado programas formativos em diversos dom\u00ednios tem\u00e1ticos de compet\u00eancias da Administra\u00e7\u00e3o<br \/>P\u00fablica, incluindo forma\u00e7\u00e3o sobre autarquias locais, de gest\u00e3o empresarial, economia e pol\u00edticas p\u00fablicas.<\/p><p><strong>Elegibilidade:<\/strong> Os programas de forma\u00e7\u00e3o e cursos do CREHU destinam-se a todos os funcion\u00e1rios dos Governos<br \/>Provinciais do Huambo, Bi\u00e9 e Cuando Cubango, e das respectivas administra\u00e7\u00f5es municipais, distritais e comunais.<br \/>S\u00e3o igualmente eleg\u00edveis ao CREHU os funcion\u00e1rios da classe empresarial residentes naquelas prov\u00edncias.<\/p><p><strong>Participa\u00e7\u00e3o:<\/strong> A participa\u00e7\u00e3o nos programas e cursos do CREHU \u00e9 por inscri\u00e7\u00e3o, patrocinada pelo candidato ou pela<br \/>sua institui\u00e7\u00e3o. Se a participa\u00e7\u00e3o num programa ou curso for por convite, os candidatos s\u00e3o indicados pela sua<br \/>respectiva institui\u00e7\u00e3o a pedido da Direc\u00e7\u00e3o de Forma\u00e7\u00e3o da ENAPP ou de um de seus Centros Regionais de Forma\u00e7\u00e3o.<\/p><p><strong>Programa\u00e7\u00e3o:<\/strong> O cronograma da oferta dos programas formativos e cursos a serem realizados nas instala\u00e7\u00f5es do<br \/>Centro Regional do Huambo encontra-se em anexo (<a href=\"https:\/\/www.enapp.gov.ao\/wp-content\/uploads\/2021\/05\/Plano-de-Formacao-Anual-2021_compressed-2_compressed.pdf\">Programa de forma\u00e7\u00e3o<\/a>\u00a0e o <a href=\"https:\/\/www.enapp.gov.ao\/wp-content\/uploads\/2021\/05\/PF21EBUS.pdf\">Programa da Escola de Neg\u00f3cios<\/a>),\u00a0podendo igualmente ser obtido nos nossos canais digitais.<\/p><p><strong>Contacto para Informa\u00e7\u00f5es:<\/strong><br \/>Centro Regional de Huambo<br \/>Direc\u00e7\u00e3o da Forma\u00e7\u00e3o &#8211; ENAPP<br \/>gestor.crehu@enapp.gov.ao<\/p><\/div>\n\t\t\t\t<\/div>\n\t\t\t\t\t\t\t<div class=\"elementor-toggle-item\">\n\t\t\t\t\t<div id=\"elementor-tab-title-1643\" class=\"elementor-tab-title\" data-tab=\"3\" role=\"tab\" aria-controls=\"elementor-tab-content-1643\">\n\t\t\t\t\t\t\t\t\t\t\t\t<span class=\"elementor-toggle-icon elementor-toggle-icon-left\" aria-hidden=\"true\">\n\t\t\t\t\t\t\t\t\t\t\t\t\t\t\t<span class=\"elementor-toggle-icon-closed\"><i class=\"fas fa-caret-right\"><\/i><\/span>\n\t\t\t\t\t\t\t\t<span class=\"elementor-toggle-icon-opened\"><i class=\"elementor-toggle-icon-opened fas fa-caret-up\"><\/i><\/span>\n\t\t\t\t\t\t\t\t\t\t\t\t\t<\/span>\n\t\t\t\t\t\t\t\t\t\t\t\t<a href=\"\" class=\"elementor-toggle-title\">CRELU - CENTRO REGIONAL DE LUBANGO <\/a>\n\t\t\t\t\t<\/div>\n\t\t\t\t\t<div id=\"elementor-tab-content-1643\" class=\"elementor-tab-content elementor-clearfix\" data-tab=\"3\" role=\"tabpanel\" aria-labelledby=\"elementor-tab-title-1643\"><p>A oferta formativa do CRELU \u00e9 realizada contando com o apoio directo dos governos provinciais da Hu\u00edla, Namibe<br \/>e Cunene e das respectivas administra\u00e7\u00f5es municipais, distritais e comunais. A ENAPP, atrav\u00e9s do CRELU, oferece<br \/>programas formativos em diversos dom\u00ednios tem\u00e1ticos da gest\u00e3o p\u00fablica, gest\u00e3o empresarial e economia e pol\u00edticas<br \/>p\u00fablicas.<\/p><p><strong>Elegibilidade:<\/strong> S\u00e3o destinat\u00e1rios dos programas de forma\u00e7\u00e3o e cursos organizados pelo CRELU, todos os funcion\u00e1rios<br \/>dos Governos Provinciais da Hu\u00edla, Namibe e Cunene, e das respectivas administra\u00e7\u00f5es municipais, distritais e comunais.<br \/>De igual modo, s\u00e3o eleg\u00edveis ao CRELU os funcion\u00e1rios da classe empresarial em actividade naquelas prov\u00edncias.<\/p><p><strong>Participa\u00e7\u00e3o:<\/strong> O crit\u00e9rio geral para participar nos programas e cursos do CRELU \u00e9 por inscri\u00e7\u00e3o, assumido pelo candidato<br \/>ou pela sua institui\u00e7\u00e3o. Nos casos da participa\u00e7\u00e3o num programa ou curso for por convite, os candidatos s\u00e3o<br \/>seleccionados pelo sua respectiva institui\u00e7\u00e3o quer a pedido da Direc\u00e7\u00e3o de Forma\u00e7\u00e3o da ENAPP quer de um dos<br \/>seus Centros Regionais de Forma\u00e7\u00e3o.<\/p><p><strong>Programa\u00e7\u00e3o:<\/strong> O cronograma da oferta dos programas formativos e cursos a serem realizados nas instala\u00e7\u00f5es do<br \/>Centro Regional do Lubango encontra-se em anexo (<a href=\"https:\/\/www.enapp.gov.ao\/wp-content\/uploads\/2021\/05\/Plano-de-Formacao-Anual-2021_compressed-2_compressed.pdf\">Programa de forma\u00e7\u00e3o<\/a>\u00a0e o <a href=\"https:\/\/www.enapp.gov.ao\/wp-content\/uploads\/2021\/05\/PF21EBUS.pdf\">Programa da Escola de Neg\u00f3cios<\/a>),\u00a0podendo igualmente ser obtido nos nossos canais digitais.<\/p><p><strong>Contacto para Informa\u00e7\u00f5es:<\/strong><br \/>Centro Regional do Lubango<br \/>Direc\u00e7\u00e3o da Forma\u00e7\u00e3o &#8211; ENAPP<br \/>gestor.crelu@enapp.gov.ao<\/p><\/div>\n\t\t\t\t<\/div>\n\t\t\t\t\t\t\t<div class=\"elementor-toggle-item\">\n\t\t\t\t\t<div id=\"elementor-tab-title-1644\" class=\"elementor-tab-title\" data-tab=\"4\" role=\"tab\" aria-controls=\"elementor-tab-content-1644\">\n\t\t\t\t\t\t\t\t\t\t\t\t<span class=\"elementor-toggle-icon elementor-toggle-icon-left\" aria-hidden=\"true\">\n\t\t\t\t\t\t\t\t\t\t\t\t\t\t\t<span class=\"elementor-toggle-icon-closed\"><i class=\"fas fa-caret-right\"><\/i><\/span>\n\t\t\t\t\t\t\t\t<span class=\"elementor-toggle-icon-opened\"><i class=\"elementor-toggle-icon-opened fas fa-caret-up\"><\/i><\/span>\n\t\t\t\t\t\t\t\t\t\t\t\t\t<\/span>\n\t\t\t\t\t\t\t\t\t\t\t\t<a href=\"\" class=\"elementor-toggle-title\">CREUI - CENTRO REGIONAL DO UIGE <\/a>\n\t\t\t\t\t<\/div>\n\t\t\t\t\t<div id=\"elementor-tab-content-1644\" class=\"elementor-tab-content elementor-clearfix\" data-tab=\"4\" role=\"tabpanel\" aria-labelledby=\"elementor-tab-title-1644\"><p>O CREUI, em parceria com os Governos Provinciais do U\u00edge, Zaire e Cabinda, e respectivas administra\u00e7\u00f5es municipais,<br \/>distritais e comunais, oferece programas formativos em diversos dom\u00ednios tem\u00e1ticos da gest\u00e3o p\u00fablica, gest\u00e3o<br \/>empresarial e economia e pol\u00edticas p\u00fablicas.<\/p><p><strong>Elegibilidade:<\/strong> Os programas de forma\u00e7\u00e3o e cursos do CREUI abrangem todos os funcion\u00e1rios dos Governos Provinciais<br \/>do U\u00edge, Zaire e Cabinda, e das respectivas administra\u00e7\u00f5es municipais, distritais e comunais. S\u00e3o tamb\u00e9m eleg\u00edveis<br \/>ao CREUI os funcion\u00e1rios da classe empresarial das referidas prov\u00edncias.<\/p><p>Participa\u00e7\u00e3o: A participa\u00e7\u00e3o nos programas e cursos do CREUI \u00e9 por inscri\u00e7\u00e3o, patrocinada pelo candidato ou pela<br \/>sua institui\u00e7\u00e3o. Se a participa\u00e7\u00e3o num programa ou curso for por convite, os candidatos s\u00e3o indicados por sua<br \/>respectiva institui\u00e7\u00e3o a pedido da Direc\u00e7\u00e3o de Forma\u00e7\u00e3o da ENAPP ou de um de seus Centros Regionais de Forma\u00e7\u00e3o.<\/p><p><strong>Programa\u00e7\u00e3o:<\/strong> O cronograma da oferta dos programas formativos e cursos a serem realizados nas instala\u00e7\u00f5es do<br \/>Centro Regional do U\u00edge encontra-se em anexo (<a href=\"https:\/\/www.enapp.gov.ao\/wp-content\/uploads\/2021\/05\/Plano-de-Formacao-Anual-2021_compressed-2_compressed.pdf\">Programa de forma\u00e7\u00e3o<\/a>\u00a0e o <a href=\"https:\/\/www.enapp.gov.ao\/wp-content\/uploads\/2021\/05\/PF21EBUS.pdf\">Programa da Escola de Neg\u00f3cios<\/a>),\u00a0podendo igualmente ser obtido nos nossos canais digitais.<\/p><p><strong>Contacto para Informa\u00e7\u00f5es:<\/strong><br \/>Centro Regional do U\u00edge<br \/>Direc\u00e7\u00e3o da Forma\u00e7\u00e3o &#8211; ENAPP<br \/>gestor.creui@enapp.gov.ao<\/p><\/div>\n\t\t\t\t<\/div>\n\t\t\t\t\t\t\t<div class=\"elementor-toggle-item\">\n\t\t\t\t\t<div id=\"elementor-tab-title-1645\" class=\"elementor-tab-title\" data-tab=\"5\" role=\"tab\" aria-controls=\"elementor-tab-content-1645\">\n\t\t\t\t\t\t\t\t\t\t\t\t<span class=\"elementor-toggle-icon elementor-toggle-icon-left\" aria-hidden=\"true\">\n\t\t\t\t\t\t\t\t\t\t\t\t\t\t\t<span class=\"elementor-toggle-icon-closed\"><i class=\"fas fa-caret-right\"><\/i><\/span>\n\t\t\t\t\t\t\t\t<span class=\"elementor-toggle-icon-opened\"><i class=\"elementor-toggle-icon-opened fas fa-caret-up\"><\/i><\/span>\n\t\t\t\t\t\t\t\t\t\t\t\t\t<\/span>\n\t\t\t\t\t\t\t\t\t\t\t\t<a href=\"\" class=\"elementor-toggle-title\">CREND - CENTRO REGIONAL DE NDALATANDO <\/a>\n\t\t\t\t\t<\/div>\n\t\t\t\t\t<div id=\"elementor-tab-content-1645\" class=\"elementor-tab-content elementor-clearfix\" data-tab=\"5\" role=\"tabpanel\" aria-labelledby=\"elementor-tab-title-1645\"><p>No \u00e2mbito da coopera\u00e7\u00e3o com os Governos Provinciais de Cuanza-Norte, Bengo e Malange, e respectivas administra\u00e7\u00f5es<br \/>municipais, distritais e comunais, o CREND oferece programas formativos em diversos dom\u00ednios tem\u00e1ticos<br \/>da gest\u00e3o p\u00fablica, gest\u00e3o empresarial e economia e pol\u00edticas p\u00fablicas.<\/p><p><strong>Elegibilidade:<\/strong> S\u00e3o destinat\u00e1rios dos programas de forma\u00e7\u00e3o e cursos do CREND todos os funcion\u00e1rios dos Governos<br \/>das Prov\u00edncias de Cuanza-Norte, Bengo e Malange, e das respectivas administra\u00e7\u00f5es municipais, distritais e<br \/>comunais. Ainda s\u00e3o eleg\u00edveis ao CREND os funcion\u00e1rios da classe empresarial em exerc\u00edcio naquelas prov\u00edncias.<\/p><p><strong>Participa\u00e7\u00e3o:<\/strong> O crit\u00e9rio de participa\u00e7\u00e3o nos programas e cursos promovidos pelo CREND \u00e9 por inscri\u00e7\u00e3o, assumida<br \/>pelo candidato ou pela institui\u00e7\u00e3o a que perten\u00e7a. Caso a participa\u00e7\u00e3o num programa ou curso seja mediante convite,<br \/>os candidatos s\u00e3o designados pela sua respectiva institui\u00e7\u00e3o a pedido da Direc\u00e7\u00e3o de Forma\u00e7\u00e3o da ENAPP ou de<br \/>um dos seus Centros Regionais de Forma\u00e7\u00e3o.<\/p><p><strong>Programa\u00e7\u00e3o:<\/strong> O cronograma da oferta dos programas formativos e cursos a serem realizados nas instala\u00e7\u00f5es do<br \/>Centro Regional do Ndalatando encontra-se em anexo (<a href=\"https:\/\/www.enapp.gov.ao\/wp-content\/uploads\/2021\/05\/Plano-de-Formacao-Anual-2021_compressed-2_compressed.pdf\">Programa de forma\u00e7\u00e3o<\/a>\u00a0e o <a href=\"https:\/\/www.enapp.gov.ao\/wp-content\/uploads\/2021\/05\/PF21EBUS.pdf\">Programa da Escola de Neg\u00f3cios<\/a>),\u00a0podendo igualmente ser obtido nos nossos canais digitais.<\/p><p><strong>Contacto para Informa\u00e7\u00f5es:<\/strong><br \/>Centro Regional de Ndalatando<br \/>Direc\u00e7\u00e3o da Forma\u00e7\u00e3o &#8211; ENAPP<br \/>gestor.crend@enapp.gov.ao<\/p><\/div>\n\t\t\t\t<\/div>\n\t\t\t\t\t\t\t<div class=\"elementor-toggle-item\">\n\t\t\t\t\t<div id=\"elementor-tab-title-1646\" class=\"elementor-tab-title\" data-tab=\"6\" role=\"tab\" aria-controls=\"elementor-tab-content-1646\">\n\t\t\t\t\t\t\t\t\t\t\t\t<span class=\"elementor-toggle-icon elementor-toggle-icon-left\" aria-hidden=\"true\">\n\t\t\t\t\t\t\t\t\t\t\t\t\t\t\t<span class=\"elementor-toggle-icon-closed\"><i class=\"fas fa-caret-right\"><\/i><\/span>\n\t\t\t\t\t\t\t\t<span class=\"elementor-toggle-icon-opened\"><i class=\"elementor-toggle-icon-opened fas fa-caret-up\"><\/i><\/span>\n\t\t\t\t\t\t\t\t\t\t\t\t\t<\/span>\n\t\t\t\t\t\t\t\t\t\t\t\t<a href=\"\" class=\"elementor-toggle-title\">CRESA - CENTRO REGIONAL DE SAURIMO <\/a>\n\t\t\t\t\t<\/div>\n\t\t\t\t\t<div id=\"elementor-tab-content-1646\" class=\"elementor-tab-content elementor-clearfix\" data-tab=\"6\" role=\"tabpanel\" aria-labelledby=\"elementor-tab-title-1646\"><p>O CRESA, em coordena\u00e7\u00e3o com os Governos Provinciais de Lunda-Norte, Lunda-Sul e Moxico, e respectivas administra\u00e7\u00f5es<br \/>municipais, distritais e comunais, disponibiliza programas formativos em diversos dom\u00ednios tem\u00e1ticos da<br \/>gest\u00e3o p\u00fablica, gest\u00e3o empresarial e economia e pol\u00edticas p\u00fablicas.<\/p><p><strong>Elegibilidade:<\/strong> S\u00e3o destinat\u00e1rios por excel\u00eancia dos programas de forma\u00e7\u00e3o e cursos do CRESA todos os funcion\u00e1rios<br \/>dos Governos das Prov\u00edncias de Lunda-Norte, Lunda-Sul e Moxico, e das respectivas administra\u00e7\u00f5es municipais,<br \/>distritais e Comunais. Tamb\u00e9m s\u00e3o eleg\u00edveis ao CRESA os funcion\u00e1rios da classe empresarial das prov\u00edncias mencionadas.<\/p><p><strong>Participa\u00e7\u00e3o:<\/strong> Participa-se nos programas e cursos do CRESA, por via de regra, mediante inscri\u00e7\u00e3o patrocinada pelo<br \/>candidato ou pela sua institui\u00e7\u00e3o. Na eventualidade de a participa\u00e7\u00e3o a um programa ou curso operar-se por convite,<br \/>os candidatos s\u00e3o nestes casos designados pela sua respectiva institui\u00e7\u00e3o a pedido da Direc\u00e7\u00e3o de Forma\u00e7\u00e3o da<br \/>ENAPP ou de um de seus<br \/>Centros Regionais de Forma\u00e7\u00e3o.<\/p><p><strong>Programa\u00e7\u00e3o:<\/strong> O cronograma da oferta dos programas formativos e cursos a serem realizados nas instala\u00e7\u00f5es do<br \/>Centro Regional do U\u00edge encontra-se em anexo (<a href=\"https:\/\/www.enapp.gov.ao\/wp-content\/uploads\/2021\/05\/Plano-de-Formacao-Anual-2021_compressed-2_compressed.pdf\">Programa de forma\u00e7\u00e3o<\/a>\u00a0e o <a href=\"https:\/\/www.enapp.gov.ao\/wp-content\/uploads\/2021\/05\/PF21EBUS.pdf\">Programa da Escola de Neg\u00f3cios<\/a>),\u00a0podendo igualmente ser obtido nos nossos canais digitais.<\/p><p><strong>Contacto para Informa\u00e7\u00f5es:<\/strong><br \/>Centro Regional de Saurimo<br \/>Direc\u00e7\u00e3o da Forma\u00e7\u00e3o &#8211; ENAPP<br \/>gestor.cresa@enapp.gov.ao<\/p><\/div>\n\t\t\t\t<\/div>\n\t\t\t\t\t<\/div>\n\t\t\t\t<\/div>\n\t\t\t\t<\/div>\n\t\t\t\t\t\t<\/div>\n\t\t\t\t\t<\/div>\n\t\t<\/div>\n\t\t\t\t\t\t\t\t<\/div>\n\t\t\t\t\t<\/div>\n\t\t<\/section>\n\t\t\t\t\t\t<\/div>\n\t\t\t\t\t\t<\/div>\n\t\t\t\t\t<\/div>\n\t\t","protected":false},"excerpt":{"rendered":"<p>Os Centros Regionais apresentam a desconcentra\u00e7\u00e3o administrativa e descentraliza\u00e7\u00e3o formativa da ENAPP.\u00a0 A ENAPP, possui 6 centros Regionais, cada Centro Regional \u00e9 formado por 3&hellip;<\/p>\n","protected":false},"author":1,"featured_media":0,"parent":0,"menu_order":0,"comment_status":"closed","ping_status":"closed","template":"","meta":[],"_links":{"self":[{"href":"https:\/\/www.enapp.gov.ao\/index.php?rest_route=\/wp\/v2\/pages\/1683"}],"collection":[{"href":"https:\/\/www.enapp.gov.ao\/index.php?rest_route=\/wp\/v2\/pages"}],"about":[{"href":"https:\/\/www.enapp.gov.ao\/index.php?rest_route=\/wp\/v2\/types\/page"}],"author":[{"embeddable":true,"href":"https:\/\/www.enapp.gov.ao\/index.php?rest_route=\/wp\/v2\/users\/1"}],"replies":[{"embeddable":true,"href":"https:\/\/www.enapp.gov.ao\/index.php?rest_route=%2Fwp%2Fv2%2Fcomments&post=1683"}],"version-history":[{"count":0,"href":"https:\/\/www.enapp.gov.ao\/index.php?rest_route=\/wp\/v2\/pages\/1683\/revisions"}],"wp:attachment":[{"href":"https:\/\/www.enapp.gov.ao\/index.php?rest_route=%2Fwp%2Fv2%2Fmedia&parent=1683"}],"curies":[{"name":"wp","href":"https:\/\/api.w.org\/{rel}","templated":true}]}}