{"id":3037,"date":"2021-01-10T12:59:29","date_gmt":"2021-01-10T12:59:29","guid":{"rendered":"https:\/\/atualizacao.enapp.ao\/?page_id=3037"},"modified":"2021-05-28T12:51:58","modified_gmt":"2021-05-28T12:51:58","slug":"programa-executivo-especifico","status":"publish","type":"page","link":"https:\/\/www.enapp.gov.ao\/?page_id=3037","title":{"rendered":"Programa Executivo Espec\u00edfico"},"content":{"rendered":"\t\t<div data-elementor-type=\"wp-page\" data-elementor-id=\"3037\" class=\"elementor elementor-3037\" data-elementor-settings=\"[]\">\n\t\t\t\t\t\t<div class=\"elementor-inner\">\n\t\t\t\t\t\t\t<div class=\"elementor-section-wrap\">\n\t\t\t\t\t\t\t<section class=\"elementor-section elementor-top-section elementor-element elementor-element-92ff395 elementor-section-boxed elementor-section-height-default elementor-section-height-default\" data-id=\"92ff395\" data-element_type=\"section\">\n\t\t\t\t\t\t<div class=\"elementor-container elementor-column-gap-default\">\n\t\t\t\t\t\t\t<div class=\"elementor-row\">\n\t\t\t\t\t<div class=\"elementor-column elementor-col-100 elementor-top-column elementor-element elementor-element-6c25091\" data-id=\"6c25091\" data-element_type=\"column\">\n\t\t\t<div class=\"elementor-column-wrap elementor-element-populated\">\n\t\t\t\t\t\t\t<div class=\"elementor-widget-wrap\">\n\t\t\t\t\t\t<div class=\"elementor-element elementor-element-ac58541 elementor-widget elementor-widget-text-editor\" data-id=\"ac58541\" data-element_type=\"widget\" data-widget_type=\"text-editor.default\">\n\t\t\t\t<div class=\"elementor-widget-container\">\n\t\t\t\t\t<div class=\"elementor-text-editor elementor-clearfix\"><p>Os cursos que incorporam esse segmento resultam de um diagn\u00f3stico pr\u00e9vio efectuado pela Escola de Neg\u00f3cios em institui\u00e7\u00f5es parceiras estrat\u00e9gicas, e que pressup\u00f5e uma abordagem espec\u00edfica de materiais que integram as atribui\u00e7\u00f5es do Sector do Turismo,\u00a0 Agricultura e Transportes.<\/p><\/div>\n\t\t\t\t<\/div>\n\t\t\t\t<\/div>\n\t\t\t\t\t\t<\/div>\n\t\t\t\t\t<\/div>\n\t\t<\/div>\n\t\t\t\t\t\t\t\t<\/div>\n\t\t\t\t\t<\/div>\n\t\t<\/section>\n\t\t\t\t<section class=\"elementor-section elementor-top-section elementor-element elementor-element-1b3c5ae elementor-section-boxed elementor-section-height-default elementor-section-height-default\" data-id=\"1b3c5ae\" data-element_type=\"section\">\n\t\t\t\t\t\t<div class=\"elementor-container elementor-column-gap-default\">\n\t\t\t\t\t\t\t<div class=\"elementor-row\">\n\t\t\t\t\t<div class=\"elementor-column elementor-col-100 elementor-top-column elementor-element elementor-element-cd9ddf3\" data-id=\"cd9ddf3\" data-element_type=\"column\">\n\t\t\t<div class=\"elementor-column-wrap elementor-element-populated\">\n\t\t\t\t\t\t\t<div class=\"elementor-widget-wrap\">\n\t\t\t\t\t\t<div class=\"elementor-element elementor-element-45abcd2 elementor-widget elementor-widget-shortcode\" data-id=\"45abcd2\" data-element_type=\"widget\" data-widget_type=\"shortcode.default\">\n\t\t\t\t<div class=\"elementor-widget-container\">\n\t\t\t\t\t<div class=\"elementor-shortcode\"><div class=\"woocommerce columns-3 \"><ul class=\"products customify-grid-3_md-3_sm-2_xs-1 wc-grid-view\">\n<li \nclass=\"customify-col product type-product post-5474 status-publish first instock product_cat-formacao-executiva-especifica has-post-thumbnail shipping-taxable product-type-simple\">\n\t<div class=\"wc-product-inner\">\n\t<div class=\"wc-product-media\"><a href=\"https:\/\/www.enapp.gov.ao\/?product=logistica-internacional\" class=\"woocommerce-LoopProduct-link woocommerce-loop-product__link\"><img width=\"256\" height=\"222\" src=\"https:\/\/www.enapp.gov.ao\/wp-content\/uploads\/2021\/05\/Logistica-Internacional.jpg\" class=\"attachment-woocommerce_thumbnail size-woocommerce_thumbnail\" alt=\"\" loading=\"lazy\" srcset=\"https:\/\/www.enapp.gov.ao\/wp-content\/uploads\/2021\/05\/Logistica-Internacional.jpg 256w, https:\/\/www.enapp.gov.ao\/wp-content\/uploads\/2021\/05\/Logistica-Internacional-64x56.jpg 64w\" sizes=\"(max-width: 256px) 100vw, 256px\" \/><\/a><\/div><div class=\"wc-product-contents\"><a href=\"https:\/\/www.enapp.gov.ao\/?product=logistica-internacional\" class=\"woocommerce-LoopProduct-link woocommerce-loop-product__link\"><div class=\"b-row-main\"><div class=\"b-col col-left\"><div class=\"wc-product__part wc-product__title show-in-grid show-in-list\"><img width=\"256\" height=\"222\" src=\"https:\/\/www.enapp.gov.ao\/wp-content\/uploads\/2021\/05\/Logistica-Internacional.jpg\" class=\"attachment-woocommerce_thumbnail size-woocommerce_thumbnail\" alt=\"\" loading=\"lazy\" srcset=\"https:\/\/www.enapp.gov.ao\/wp-content\/uploads\/2021\/05\/Logistica-Internacional.jpg 256w, https:\/\/www.enapp.gov.ao\/wp-content\/uploads\/2021\/05\/Logistica-Internacional-64x56.jpg 64w\" sizes=\"(max-width: 256px) 100vw, 256px\" \/><h2 class=\"woocommerce-loop-product__title\"><a href=\"https:\/\/www.enapp.gov.ao\/?product=logistica-internacional\" class=\"woocommerce-LoopProduct-link woocommerce-loop-product__link\">Log\u00edstica Internacional<\/a><\/h2>\n<\/div><div class=\"wc-product__part wc-product__description hide-in-grid show-in-list\"><div class=\"woocommerce-loop-product__desc\"><p>Objectivos: Este curso visa dotar os participantes de conhecimentos para an\u00e1lise de informa\u00e7\u00f5es e de necessidades nas negocia\u00e7\u00f5es de\u00a0compra e venda internacionais, por meio da&hellip;<\/p>\n<\/div><\/div><div class=\"wc-product__part wc-product__add_to_cart show-in-grid show-in-list\"><a href=\"https:\/\/www.enapp.gov.ao\/?product=logistica-internacional\" data-quantity=\"1\" class=\"button c-pro product_type_simple display-text out-media add_to_cart_button\" data-product_id=\"5474\" data-product_sku=\"\" aria-label=\"Leia mais sobre &ldquo;Log\u00edstica Internacional&rdquo;\" title=\"Add to cart\" rel=\"nofollow\">Ler mais<\/a><\/div><\/div><\/div><\/a><a href=\"https:\/\/www.enapp.gov.ao\/?product=logistica-internacional\" data-quantity=\"1\" class=\"button product_type_simple add_to_cart_button\" data-product_id=\"5474\" data-product_sku=\"\" aria-label=\"Leia mais sobre &ldquo;Log\u00edstica Internacional&rdquo;\" rel=\"nofollow\"><span class=\"button-label\">Ler mais<\/span><\/a><\/div>\t<\/div>\n<\/li>\n<li \nclass=\"customify-col product type-product post-5473 status-publish instock product_cat-formacao-executiva-especifica has-post-thumbnail shipping-taxable product-type-simple\">\n\t<div class=\"wc-product-inner\">\n\t<div class=\"wc-product-media\"><a href=\"https:\/\/www.enapp.gov.ao\/?product=legislacao-do-transporte-rodoviario-de-produtos-perigosos\" class=\"woocommerce-LoopProduct-link woocommerce-loop-product__link\"><img width=\"256\" height=\"222\" src=\"https:\/\/www.enapp.gov.ao\/wp-content\/uploads\/2021\/05\/Transporte-Rodoviario-de-Produtos-Perigosos.jpg\" class=\"attachment-woocommerce_thumbnail size-woocommerce_thumbnail\" alt=\"\" loading=\"lazy\" srcset=\"https:\/\/www.enapp.gov.ao\/wp-content\/uploads\/2021\/05\/Transporte-Rodoviario-de-Produtos-Perigosos.jpg 256w, https:\/\/www.enapp.gov.ao\/wp-content\/uploads\/2021\/05\/Transporte-Rodoviario-de-Produtos-Perigosos-64x56.jpg 64w\" sizes=\"(max-width: 256px) 100vw, 256px\" \/><\/a><\/div><div class=\"wc-product-contents\"><a href=\"https:\/\/www.enapp.gov.ao\/?product=legislacao-do-transporte-rodoviario-de-produtos-perigosos\" class=\"woocommerce-LoopProduct-link woocommerce-loop-product__link\"><div class=\"b-row-main\"><div class=\"b-col col-left\"><div class=\"wc-product__part wc-product__title show-in-grid show-in-list\"><img width=\"256\" height=\"222\" src=\"https:\/\/www.enapp.gov.ao\/wp-content\/uploads\/2021\/05\/Transporte-Rodoviario-de-Produtos-Perigosos.jpg\" class=\"attachment-woocommerce_thumbnail size-woocommerce_thumbnail\" alt=\"\" loading=\"lazy\" srcset=\"https:\/\/www.enapp.gov.ao\/wp-content\/uploads\/2021\/05\/Transporte-Rodoviario-de-Produtos-Perigosos.jpg 256w, https:\/\/www.enapp.gov.ao\/wp-content\/uploads\/2021\/05\/Transporte-Rodoviario-de-Produtos-Perigosos-64x56.jpg 64w\" sizes=\"(max-width: 256px) 100vw, 256px\" \/><h2 class=\"woocommerce-loop-product__title\"><a href=\"https:\/\/www.enapp.gov.ao\/?product=legislacao-do-transporte-rodoviario-de-produtos-perigosos\" class=\"woocommerce-LoopProduct-link woocommerce-loop-product__link\">Legisla\u00e7\u00e3o do Transporte Rodovi\u00e1rio de Produtos Perigosos<\/a><\/h2>\n<\/div><div class=\"wc-product__part wc-product__description hide-in-grid show-in-list\"><div class=\"woocommerce-loop-product__desc\"><p>Objectivos: Este curso visa actualizar os t\u00e9cnicos que actuam no mercado de transporte de produtos perigosos da ind\u00fastria qu\u00edmica e impactos para a cadeia log\u00edstica,&hellip;<\/p>\n<\/div><\/div><div class=\"wc-product__part wc-product__add_to_cart show-in-grid show-in-list\"><a href=\"https:\/\/www.enapp.gov.ao\/?product=legislacao-do-transporte-rodoviario-de-produtos-perigosos\" data-quantity=\"1\" class=\"button c-pro product_type_simple display-text out-media add_to_cart_button\" data-product_id=\"5473\" data-product_sku=\"\" aria-label=\"Leia mais sobre &ldquo;Legisla\u00e7\u00e3o do Transporte Rodovi\u00e1rio de Produtos Perigosos&rdquo;\" title=\"Add to cart\" rel=\"nofollow\">Ler mais<\/a><\/div><\/div><\/div><\/a><a href=\"https:\/\/www.enapp.gov.ao\/?product=legislacao-do-transporte-rodoviario-de-produtos-perigosos\" data-quantity=\"1\" class=\"button product_type_simple add_to_cart_button\" data-product_id=\"5473\" data-product_sku=\"\" aria-label=\"Leia mais sobre &ldquo;Legisla\u00e7\u00e3o do Transporte Rodovi\u00e1rio de Produtos Perigosos&rdquo;\" rel=\"nofollow\"><span class=\"button-label\">Ler mais<\/span><\/a><\/div>\t<\/div>\n<\/li>\n<li \nclass=\"customify-col product type-product post-5472 status-publish last instock product_cat-formacao-executiva-especifica has-post-thumbnail shipping-taxable product-type-simple\">\n\t<div class=\"wc-product-inner\">\n\t<div class=\"wc-product-media\"><a href=\"https:\/\/www.enapp.gov.ao\/?product=picking-e-sistema-de-distribuicao\" class=\"woocommerce-LoopProduct-link woocommerce-loop-product__link\"><img width=\"256\" height=\"222\" src=\"https:\/\/www.enapp.gov.ao\/wp-content\/uploads\/2021\/05\/Picking-e-Sistema-de-Distribuicao.jpg\" class=\"attachment-woocommerce_thumbnail size-woocommerce_thumbnail\" alt=\"\" loading=\"lazy\" srcset=\"https:\/\/www.enapp.gov.ao\/wp-content\/uploads\/2021\/05\/Picking-e-Sistema-de-Distribuicao.jpg 256w, https:\/\/www.enapp.gov.ao\/wp-content\/uploads\/2021\/05\/Picking-e-Sistema-de-Distribuicao-64x56.jpg 64w\" sizes=\"(max-width: 256px) 100vw, 256px\" \/><\/a><\/div><div class=\"wc-product-contents\"><a href=\"https:\/\/www.enapp.gov.ao\/?product=picking-e-sistema-de-distribuicao\" class=\"woocommerce-LoopProduct-link woocommerce-loop-product__link\"><div class=\"b-row-main\"><div class=\"b-col col-left\"><div class=\"wc-product__part wc-product__title show-in-grid show-in-list\"><img width=\"256\" height=\"222\" src=\"https:\/\/www.enapp.gov.ao\/wp-content\/uploads\/2021\/05\/Picking-e-Sistema-de-Distribuicao.jpg\" class=\"attachment-woocommerce_thumbnail size-woocommerce_thumbnail\" alt=\"\" loading=\"lazy\" srcset=\"https:\/\/www.enapp.gov.ao\/wp-content\/uploads\/2021\/05\/Picking-e-Sistema-de-Distribuicao.jpg 256w, https:\/\/www.enapp.gov.ao\/wp-content\/uploads\/2021\/05\/Picking-e-Sistema-de-Distribuicao-64x56.jpg 64w\" sizes=\"(max-width: 256px) 100vw, 256px\" \/><h2 class=\"woocommerce-loop-product__title\"><a href=\"https:\/\/www.enapp.gov.ao\/?product=picking-e-sistema-de-distribuicao\" class=\"woocommerce-LoopProduct-link woocommerce-loop-product__link\">Picking e Sistema de Distribui\u00e7\u00e3o<\/a><\/h2>\n<\/div><div class=\"wc-product__part wc-product__description hide-in-grid show-in-list\"><div class=\"woocommerce-loop-product__desc\"><p>Objectivos: Este curso visa agregar valor aos participantes, com flexibilidade para atender as demandas de forma personalizada e com a velocidade exigida pelo consumidor por&hellip;<\/p>\n<\/div><\/div><div class=\"wc-product__part wc-product__add_to_cart show-in-grid show-in-list\"><a href=\"https:\/\/www.enapp.gov.ao\/?product=picking-e-sistema-de-distribuicao\" data-quantity=\"1\" class=\"button c-pro product_type_simple display-text out-media add_to_cart_button\" data-product_id=\"5472\" data-product_sku=\"\" aria-label=\"Leia mais sobre &ldquo;Picking e Sistema de Distribui\u00e7\u00e3o&rdquo;\" title=\"Add to cart\" rel=\"nofollow\">Ler mais<\/a><\/div><\/div><\/div><\/a><a href=\"https:\/\/www.enapp.gov.ao\/?product=picking-e-sistema-de-distribuicao\" data-quantity=\"1\" class=\"button product_type_simple add_to_cart_button\" data-product_id=\"5472\" data-product_sku=\"\" aria-label=\"Leia mais sobre &ldquo;Picking e Sistema de Distribui\u00e7\u00e3o&rdquo;\" rel=\"nofollow\"><span class=\"button-label\">Ler mais<\/span><\/a><\/div>\t<\/div>\n<\/li>\n<li \nclass=\"customify-col product type-product post-5471 status-publish first instock product_cat-formacao-executiva-especifica has-post-thumbnail shipping-taxable product-type-simple\">\n\t<div class=\"wc-product-inner\">\n\t<div class=\"wc-product-media\"><a href=\"https:\/\/www.enapp.gov.ao\/?product=executivo-em-logistica-e-supply-chain\" class=\"woocommerce-LoopProduct-link woocommerce-loop-product__link\"><img width=\"256\" height=\"222\" src=\"https:\/\/www.enapp.gov.ao\/wp-content\/uploads\/2021\/05\/Executivo-em-Logistica-e-Supply-Chain.jpg\" class=\"attachment-woocommerce_thumbnail size-woocommerce_thumbnail\" alt=\"\" loading=\"lazy\" srcset=\"https:\/\/www.enapp.gov.ao\/wp-content\/uploads\/2021\/05\/Executivo-em-Logistica-e-Supply-Chain.jpg 256w, https:\/\/www.enapp.gov.ao\/wp-content\/uploads\/2021\/05\/Executivo-em-Logistica-e-Supply-Chain-64x56.jpg 64w\" sizes=\"(max-width: 256px) 100vw, 256px\" \/><\/a><\/div><div class=\"wc-product-contents\"><a href=\"https:\/\/www.enapp.gov.ao\/?product=executivo-em-logistica-e-supply-chain\" class=\"woocommerce-LoopProduct-link woocommerce-loop-product__link\"><div class=\"b-row-main\"><div class=\"b-col col-left\"><div class=\"wc-product__part wc-product__title show-in-grid show-in-list\"><img width=\"256\" height=\"222\" src=\"https:\/\/www.enapp.gov.ao\/wp-content\/uploads\/2021\/05\/Executivo-em-Logistica-e-Supply-Chain.jpg\" class=\"attachment-woocommerce_thumbnail size-woocommerce_thumbnail\" alt=\"\" loading=\"lazy\" srcset=\"https:\/\/www.enapp.gov.ao\/wp-content\/uploads\/2021\/05\/Executivo-em-Logistica-e-Supply-Chain.jpg 256w, https:\/\/www.enapp.gov.ao\/wp-content\/uploads\/2021\/05\/Executivo-em-Logistica-e-Supply-Chain-64x56.jpg 64w\" sizes=\"(max-width: 256px) 100vw, 256px\" \/><h2 class=\"woocommerce-loop-product__title\"><a href=\"https:\/\/www.enapp.gov.ao\/?product=executivo-em-logistica-e-supply-chain\" class=\"woocommerce-LoopProduct-link woocommerce-loop-product__link\">Executivo em Log\u00edstica e Supply Chain<\/a><\/h2>\n<\/div><div class=\"wc-product__part wc-product__description hide-in-grid show-in-list\"><div class=\"woocommerce-loop-product__desc\"><p>Objectivos: Este curso visa potencializar e desenvolver conhecimentos e capacidades aos participantes nas \u00e1reas de opera\u00e7\u00f5es log\u00edsticas, actualizando-os em novas t\u00e9cnicas e desenvolver compet\u00eancias de&hellip;<\/p>\n<\/div><\/div><div class=\"wc-product__part wc-product__add_to_cart show-in-grid show-in-list\"><a href=\"https:\/\/www.enapp.gov.ao\/?product=executivo-em-logistica-e-supply-chain\" data-quantity=\"1\" class=\"button c-pro product_type_simple display-text out-media add_to_cart_button\" data-product_id=\"5471\" data-product_sku=\"\" aria-label=\"Leia mais sobre &ldquo;Executivo em Log\u00edstica e Supply Chain&rdquo;\" title=\"Add to cart\" rel=\"nofollow\">Ler mais<\/a><\/div><\/div><\/div><\/a><a href=\"https:\/\/www.enapp.gov.ao\/?product=executivo-em-logistica-e-supply-chain\" data-quantity=\"1\" class=\"button product_type_simple add_to_cart_button\" data-product_id=\"5471\" data-product_sku=\"\" aria-label=\"Leia mais sobre &ldquo;Executivo em Log\u00edstica e Supply Chain&rdquo;\" rel=\"nofollow\"><span class=\"button-label\">Ler mais<\/span><\/a><\/div>\t<\/div>\n<\/li>\n<li \nclass=\"customify-col product type-product post-5469 status-publish instock product_cat-formacao-executiva-especifica has-post-thumbnail shipping-taxable product-type-simple\">\n\t<div class=\"wc-product-inner\">\n\t<div class=\"wc-product-media\"><a href=\"https:\/\/www.enapp.gov.ao\/?product=gestao-de-frotas\" class=\"woocommerce-LoopProduct-link woocommerce-loop-product__link\"><img width=\"256\" height=\"222\" src=\"https:\/\/www.enapp.gov.ao\/wp-content\/uploads\/2021\/05\/Gestao-de-Frotas-1.jpg\" class=\"attachment-woocommerce_thumbnail size-woocommerce_thumbnail\" alt=\"\" loading=\"lazy\" srcset=\"https:\/\/www.enapp.gov.ao\/wp-content\/uploads\/2021\/05\/Gestao-de-Frotas-1.jpg 256w, https:\/\/www.enapp.gov.ao\/wp-content\/uploads\/2021\/05\/Gestao-de-Frotas-1-64x56.jpg 64w\" sizes=\"(max-width: 256px) 100vw, 256px\" \/><\/a><\/div><div class=\"wc-product-contents\"><a href=\"https:\/\/www.enapp.gov.ao\/?product=gestao-de-frotas\" class=\"woocommerce-LoopProduct-link woocommerce-loop-product__link\"><div class=\"b-row-main\"><div class=\"b-col col-left\"><div class=\"wc-product__part wc-product__title show-in-grid show-in-list\"><img width=\"256\" height=\"222\" src=\"https:\/\/www.enapp.gov.ao\/wp-content\/uploads\/2021\/05\/Gestao-de-Frotas-1.jpg\" class=\"attachment-woocommerce_thumbnail size-woocommerce_thumbnail\" alt=\"\" loading=\"lazy\" srcset=\"https:\/\/www.enapp.gov.ao\/wp-content\/uploads\/2021\/05\/Gestao-de-Frotas-1.jpg 256w, https:\/\/www.enapp.gov.ao\/wp-content\/uploads\/2021\/05\/Gestao-de-Frotas-1-64x56.jpg 64w\" sizes=\"(max-width: 256px) 100vw, 256px\" \/><h2 class=\"woocommerce-loop-product__title\"><a href=\"https:\/\/www.enapp.gov.ao\/?product=gestao-de-frotas\" class=\"woocommerce-LoopProduct-link woocommerce-loop-product__link\">Gest\u00e3o de Frotas<\/a><\/h2>\n<\/div><div class=\"wc-product__part wc-product__description hide-in-grid show-in-list\"><div class=\"woocommerce-loop-product__desc\"><p>Objectivos: O Curso de Gest\u00e3o de Frotas tem como objectivo dotar os participantes de conhecimentos essenciais sobre a \u00e1rea de administra\u00e7\u00e3o de frotas, que lhes&hellip;<\/p>\n<\/div><\/div><div class=\"wc-product__part wc-product__add_to_cart show-in-grid show-in-list\"><a href=\"https:\/\/www.enapp.gov.ao\/?product=gestao-de-frotas\" data-quantity=\"1\" class=\"button c-pro product_type_simple display-text out-media add_to_cart_button\" data-product_id=\"5469\" data-product_sku=\"\" aria-label=\"Leia mais sobre &ldquo;Gest\u00e3o de Frotas&rdquo;\" title=\"Add to cart\" rel=\"nofollow\">Ler mais<\/a><\/div><\/div><\/div><\/a><a href=\"https:\/\/www.enapp.gov.ao\/?product=gestao-de-frotas\" data-quantity=\"1\" class=\"button product_type_simple add_to_cart_button\" data-product_id=\"5469\" data-product_sku=\"\" aria-label=\"Leia mais sobre &ldquo;Gest\u00e3o de Frotas&rdquo;\" rel=\"nofollow\"><span class=\"button-label\">Ler mais<\/span><\/a><\/div>\t<\/div>\n<\/li>\n<li \nclass=\"customify-col product type-product post-5468 status-publish last instock product_cat-formacao-executiva-especifica has-post-thumbnail shipping-taxable product-type-simple\">\n\t<div class=\"wc-product-inner\">\n\t<div class=\"wc-product-media\"><a href=\"https:\/\/www.enapp.gov.ao\/?product=gestao-estrategica-de-stock\" class=\"woocommerce-LoopProduct-link woocommerce-loop-product__link\"><img width=\"256\" height=\"222\" src=\"https:\/\/www.enapp.gov.ao\/wp-content\/uploads\/2021\/05\/Gestao-Estrategica-de-Stock.jpg\" class=\"attachment-woocommerce_thumbnail size-woocommerce_thumbnail\" alt=\"\" loading=\"lazy\" srcset=\"https:\/\/www.enapp.gov.ao\/wp-content\/uploads\/2021\/05\/Gestao-Estrategica-de-Stock.jpg 256w, https:\/\/www.enapp.gov.ao\/wp-content\/uploads\/2021\/05\/Gestao-Estrategica-de-Stock-64x56.jpg 64w\" sizes=\"(max-width: 256px) 100vw, 256px\" \/><\/a><\/div><div class=\"wc-product-contents\"><a href=\"https:\/\/www.enapp.gov.ao\/?product=gestao-estrategica-de-stock\" class=\"woocommerce-LoopProduct-link woocommerce-loop-product__link\"><div class=\"b-row-main\"><div class=\"b-col col-left\"><div class=\"wc-product__part wc-product__title show-in-grid show-in-list\"><img width=\"256\" height=\"222\" src=\"https:\/\/www.enapp.gov.ao\/wp-content\/uploads\/2021\/05\/Gestao-Estrategica-de-Stock.jpg\" class=\"attachment-woocommerce_thumbnail size-woocommerce_thumbnail\" alt=\"\" loading=\"lazy\" srcset=\"https:\/\/www.enapp.gov.ao\/wp-content\/uploads\/2021\/05\/Gestao-Estrategica-de-Stock.jpg 256w, https:\/\/www.enapp.gov.ao\/wp-content\/uploads\/2021\/05\/Gestao-Estrategica-de-Stock-64x56.jpg 64w\" sizes=\"(max-width: 256px) 100vw, 256px\" \/><h2 class=\"woocommerce-loop-product__title\"><a href=\"https:\/\/www.enapp.gov.ao\/?product=gestao-estrategica-de-stock\" class=\"woocommerce-LoopProduct-link woocommerce-loop-product__link\">Gest\u00e3o Estrat\u00e9gica de Stock<\/a><\/h2>\n<\/div><div class=\"wc-product__part wc-product__description hide-in-grid show-in-list\"><div class=\"woocommerce-loop-product__desc\"><p>Objectivos: O Curso de Gest\u00e3o Estrat\u00e9gica de Stock tem como objectivo dotar os participantes de conhecimentos essenciais sobre a \u00e1rea da log\u00edstica interna, que lhes&hellip;<\/p>\n<\/div><\/div><div class=\"wc-product__part wc-product__add_to_cart show-in-grid show-in-list\"><a href=\"https:\/\/www.enapp.gov.ao\/?product=gestao-estrategica-de-stock\" data-quantity=\"1\" class=\"button c-pro product_type_simple display-text out-media add_to_cart_button\" data-product_id=\"5468\" data-product_sku=\"\" aria-label=\"Leia mais sobre &ldquo;Gest\u00e3o Estrat\u00e9gica de Stock&rdquo;\" title=\"Add to cart\" rel=\"nofollow\">Ler mais<\/a><\/div><\/div><\/div><\/a><a href=\"https:\/\/www.enapp.gov.ao\/?product=gestao-estrategica-de-stock\" data-quantity=\"1\" class=\"button product_type_simple add_to_cart_button\" data-product_id=\"5468\" data-product_sku=\"\" aria-label=\"Leia mais sobre &ldquo;Gest\u00e3o Estrat\u00e9gica de Stock&rdquo;\" rel=\"nofollow\"><span class=\"button-label\">Ler mais<\/span><\/a><\/div>\t<\/div>\n<\/li>\n<li \nclass=\"customify-col product type-product post-5467 status-publish first instock product_cat-formacao-executiva-especifica has-post-thumbnail shipping-taxable product-type-simple\">\n\t<div class=\"wc-product-inner\">\n\t<div class=\"wc-product-media\"><a href=\"https:\/\/www.enapp.gov.ao\/?product=cyber-seguranca-na-era-da-digitalizacao-da-informacao-e-da-comunicacao-2\" class=\"woocommerce-LoopProduct-link woocommerce-loop-product__link\"><img width=\"125\" height=\"125\" src=\"https:\/\/www.enapp.gov.ao\/wp-content\/uploads\/2021\/05\/cyber-seguranca-1.jpg\" class=\"attachment-woocommerce_thumbnail size-woocommerce_thumbnail\" alt=\"\" loading=\"lazy\" srcset=\"https:\/\/www.enapp.gov.ao\/wp-content\/uploads\/2021\/05\/cyber-seguranca-1.jpg 125w, https:\/\/www.enapp.gov.ao\/wp-content\/uploads\/2021\/05\/cyber-seguranca-1-100x100.jpg 100w, https:\/\/www.enapp.gov.ao\/wp-content\/uploads\/2021\/05\/cyber-seguranca-1-64x64.jpg 64w\" sizes=\"(max-width: 125px) 100vw, 125px\" \/><\/a><\/div><div class=\"wc-product-contents\"><a href=\"https:\/\/www.enapp.gov.ao\/?product=cyber-seguranca-na-era-da-digitalizacao-da-informacao-e-da-comunicacao-2\" class=\"woocommerce-LoopProduct-link woocommerce-loop-product__link\"><div class=\"b-row-main\"><div class=\"b-col col-left\"><div class=\"wc-product__part wc-product__title show-in-grid show-in-list\"><img width=\"125\" height=\"125\" src=\"https:\/\/www.enapp.gov.ao\/wp-content\/uploads\/2021\/05\/cyber-seguranca-1.jpg\" class=\"attachment-woocommerce_thumbnail size-woocommerce_thumbnail\" alt=\"\" loading=\"lazy\" srcset=\"https:\/\/www.enapp.gov.ao\/wp-content\/uploads\/2021\/05\/cyber-seguranca-1.jpg 125w, https:\/\/www.enapp.gov.ao\/wp-content\/uploads\/2021\/05\/cyber-seguranca-1-100x100.jpg 100w, https:\/\/www.enapp.gov.ao\/wp-content\/uploads\/2021\/05\/cyber-seguranca-1-64x64.jpg 64w\" sizes=\"(max-width: 125px) 100vw, 125px\" \/><h2 class=\"woocommerce-loop-product__title\"><a href=\"https:\/\/www.enapp.gov.ao\/?product=cyber-seguranca-na-era-da-digitalizacao-da-informacao-e-da-comunicacao-2\" class=\"woocommerce-LoopProduct-link woocommerce-loop-product__link\">Cyber Seguran\u00e7a na Era da Digitaliza\u00e7\u00e3o, da Informa\u00e7\u00e3o e da Comunica\u00e7\u00e3o<\/a><\/h2>\n<\/div><div class=\"wc-product__part wc-product__description hide-in-grid show-in-list\"><div class=\"woocommerce-loop-product__desc\"><p>Objectivos: Esta forma\u00e7\u00e3o visa capacitar o Capital Humano que lida com a informa\u00e7\u00e3o sens\u00edvel, produzida pelas organiza\u00e7\u00f5es, dotando-lhes de ferramentas e t\u00e9cnicas necess\u00e1rias para cuidar&hellip;<\/p>\n<\/div><\/div><div class=\"wc-product__part wc-product__add_to_cart show-in-grid show-in-list\"><a href=\"https:\/\/www.enapp.gov.ao\/?product=cyber-seguranca-na-era-da-digitalizacao-da-informacao-e-da-comunicacao-2\" data-quantity=\"1\" class=\"button c-pro product_type_simple display-text out-media add_to_cart_button\" data-product_id=\"5467\" data-product_sku=\"\" aria-label=\"Leia mais sobre &ldquo;Cyber Seguran\u00e7a na Era da Digitaliza\u00e7\u00e3o, da Informa\u00e7\u00e3o e da Comunica\u00e7\u00e3o&rdquo;\" title=\"Add to cart\" rel=\"nofollow\">Ler mais<\/a><\/div><\/div><\/div><\/a><a href=\"https:\/\/www.enapp.gov.ao\/?product=cyber-seguranca-na-era-da-digitalizacao-da-informacao-e-da-comunicacao-2\" data-quantity=\"1\" class=\"button product_type_simple add_to_cart_button\" data-product_id=\"5467\" data-product_sku=\"\" aria-label=\"Leia mais sobre &ldquo;Cyber Seguran\u00e7a na Era da Digitaliza\u00e7\u00e3o, da Informa\u00e7\u00e3o e da Comunica\u00e7\u00e3o&rdquo;\" rel=\"nofollow\"><span class=\"button-label\">Ler mais<\/span><\/a><\/div>\t<\/div>\n<\/li>\n<\/ul>\n<\/div><\/div>\n\t\t\t\t<\/div>\n\t\t\t\t<\/div>\n\t\t\t\t\t\t<\/div>\n\t\t\t\t\t<\/div>\n\t\t<\/div>\n\t\t\t\t\t\t\t\t<\/div>\n\t\t\t\t\t<\/div>\n\t\t<\/section>\n\t\t\t\t\t\t<\/div>\n\t\t\t\t\t\t<\/div>\n\t\t\t\t\t<\/div>\n\t\t","protected":false},"excerpt":{"rendered":"<p>Os cursos que incorporam esse segmento resultam de um diagn\u00f3stico pr\u00e9vio efectuado pela Escola de Neg\u00f3cios em institui\u00e7\u00f5es parceiras estrat\u00e9gicas, e que pressup\u00f5e uma abordagem&hellip;<\/p>\n","protected":false},"author":1,"featured_media":0,"parent":0,"menu_order":0,"comment_status":"closed","ping_status":"closed","template":"","meta":[],"_links":{"self":[{"href":"https:\/\/www.enapp.gov.ao\/index.php?rest_route=\/wp\/v2\/pages\/3037"}],"collection":[{"href":"https:\/\/www.enapp.gov.ao\/index.php?rest_route=\/wp\/v2\/pages"}],"about":[{"href":"https:\/\/www.enapp.gov.ao\/index.php?rest_route=\/wp\/v2\/types\/page"}],"author":[{"embeddable":true,"href":"https:\/\/www.enapp.gov.ao\/index.php?rest_route=\/wp\/v2\/users\/1"}],"replies":[{"embeddable":true,"href":"https:\/\/www.enapp.gov.ao\/index.php?rest_route=%2Fwp%2Fv2%2Fcomments&post=3037"}],"version-history":[{"count":0,"href":"https:\/\/www.enapp.gov.ao\/index.php?rest_route=\/wp\/v2\/pages\/3037\/revisions"}],"wp:attachment":[{"href":"https:\/\/www.enapp.gov.ao\/index.php?rest_route=%2Fwp%2Fv2%2Fmedia&parent=3037"}],"curies":[{"name":"wp","href":"https:\/\/api.w.org\/{rel}","templated":true}]}}