{"id":3115,"date":"2021-01-10T13:57:47","date_gmt":"2021-01-10T13:57:47","guid":{"rendered":"https:\/\/atualizacao.enapp.ao\/?page_id=3115"},"modified":"2021-08-16T15:04:56","modified_gmt":"2021-08-16T15:04:56","slug":"cursos-por-encomenda","status":"publish","type":"page","link":"https:\/\/www.enapp.gov.ao\/?page_id=3115","title":{"rendered":"Cursos Por Encomenda"},"content":{"rendered":"\t\t<div data-elementor-type=\"wp-page\" data-elementor-id=\"3115\" class=\"elementor elementor-3115\" data-elementor-settings=\"[]\">\n\t\t\t\t\t\t<div class=\"elementor-inner\">\n\t\t\t\t\t\t\t<div class=\"elementor-section-wrap\">\n\t\t\t\t\t\t\t<section class=\"elementor-section elementor-top-section elementor-element elementor-element-c60f65d elementor-section-boxed elementor-section-height-default elementor-section-height-default\" data-id=\"c60f65d\" data-element_type=\"section\">\n\t\t\t\t\t\t<div class=\"elementor-container elementor-column-gap-default\">\n\t\t\t\t\t\t\t<div class=\"elementor-row\">\n\t\t\t\t\t<div class=\"elementor-column elementor-col-100 elementor-top-column elementor-element elementor-element-180ecc4\" data-id=\"180ecc4\" data-element_type=\"column\">\n\t\t\t<div class=\"elementor-column-wrap elementor-element-populated\">\n\t\t\t\t\t\t\t<div class=\"elementor-widget-wrap\">\n\t\t\t\t\t\t<div class=\"elementor-element elementor-element-f57b8a5 elementor-widget elementor-widget-text-editor\" data-id=\"f57b8a5\" data-element_type=\"widget\" data-widget_type=\"text-editor.default\">\n\t\t\t\t<div class=\"elementor-widget-container\">\n\t\t\t\t\t<div class=\"elementor-text-editor elementor-clearfix\"><p><strong>Cursos por Encomendas<\/strong> s\u00e3o aqueles que,\u00a0 estando ou n\u00e3o previstos no programa formativo da EBUS, s\u00e3o realizados por solicita\u00e7\u00e3o expressa de uma institui\u00e7\u00e3o, com o intuito de capacitar os seus colaboradores .<\/p><\/div>\n\t\t\t\t<\/div>\n\t\t\t\t<\/div>\n\t\t\t\t\t\t<\/div>\n\t\t\t\t\t<\/div>\n\t\t<\/div>\n\t\t\t\t\t\t\t\t<\/div>\n\t\t\t\t\t<\/div>\n\t\t<\/section>\n\t\t\t\t<section class=\"elementor-section elementor-top-section elementor-element elementor-element-a3491ea elementor-section-boxed elementor-section-height-default elementor-section-height-default\" data-id=\"a3491ea\" data-element_type=\"section\">\n\t\t\t\t\t\t<div class=\"elementor-container elementor-column-gap-default\">\n\t\t\t\t\t\t\t<div class=\"elementor-row\">\n\t\t\t\t\t<div class=\"elementor-column elementor-col-100 elementor-top-column elementor-element elementor-element-5f0ce20\" data-id=\"5f0ce20\" data-element_type=\"column\">\n\t\t\t<div class=\"elementor-column-wrap elementor-element-populated\">\n\t\t\t\t\t\t\t<div class=\"elementor-widget-wrap\">\n\t\t\t\t\t\t<div class=\"elementor-element elementor-element-099d03f elementor-widget elementor-widget-wpforms\" data-id=\"099d03f\" data-element_type=\"widget\" data-widget_type=\"wpforms.default\">\n\t\t\t\t<div class=\"elementor-widget-container\">\n\t\t\t<div class=\"wpforms-container wpforms-container-full\" id=\"wpforms-6236\"><form id=\"wpforms-form-6236\" class=\"wpforms-validate wpforms-form\" data-formid=\"6236\" method=\"post\" enctype=\"multipart\/form-data\" action=\"\/index.php?rest_route=%2Fwp%2Fv2%2Fpages%2F3115\" data-token=\"5c5bd5217547dfd90f8c2ba79211a97c\"><noscript class=\"wpforms-error-noscript\">Please enable JavaScript in your browser to complete this form.<\/noscript><div class=\"wpforms-field-container\"><div id=\"wpforms-6236-field_12-container\" class=\"wpforms-field wpforms-field-name wpforms-one-half wpforms-first\" data-field-id=\"12\"><label class=\"wpforms-field-label wpforms-label-hide\" for=\"wpforms-6236-field_12\">Nome da Institui\u00e7\u00e3o <span class=\"wpforms-required-label\">*<\/span><\/label><input type=\"text\" id=\"wpforms-6236-field_12\" class=\"wpforms-field-large wpforms-field-required\" name=\"wpforms[fields][12]\" placeholder=\"Nome da Institui\u00e7\u00e3o\" required><\/div><div id=\"wpforms-6236-field_4-container\" class=\"wpforms-field wpforms-field-email wpforms-one-half wpforms-one-half\" data-field-id=\"4\"><label class=\"wpforms-field-label wpforms-label-hide\" for=\"wpforms-6236-field_4\">E-mail <span class=\"wpforms-required-label\">*<\/span><\/label><input type=\"email\" id=\"wpforms-6236-field_4\" class=\"wpforms-field-large wpforms-field-required\" name=\"wpforms[fields][4]\" placeholder=\"E-mail Corporativo \" required><\/div><div id=\"wpforms-6236-field_19-container\" class=\"wpforms-field wpforms-field-text wpforms-one-half wpforms-first\" data-field-id=\"19\"><label class=\"wpforms-field-label wpforms-label-hide\" for=\"wpforms-6236-field_19\">Endere\u00e7o <span class=\"wpforms-required-label\">*<\/span><\/label><input type=\"text\" id=\"wpforms-6236-field_19\" class=\"wpforms-field-large wpforms-field-required\" name=\"wpforms[fields][19]\" placeholder=\"Endere\u00e7o\" required><\/div><div id=\"wpforms-6236-field_20-container\" class=\"wpforms-field wpforms-field-phone wpforms-one-half\" data-field-id=\"20\"><label class=\"wpforms-field-label wpforms-label-hide\" for=\"wpforms-6236-field_20\">Telefone  <span class=\"wpforms-required-label\">*<\/span><\/label><input type=\"tel\" id=\"wpforms-6236-field_20\" class=\"wpforms-field-large wpforms-field-required\" data-rule-int-phone-field=\"true\" name=\"wpforms[fields][20]\" placeholder=\"Telefone\" required><\/div><div id=\"wpforms-6236-field_21-container\" class=\"wpforms-field wpforms-field-number wpforms-one-half wpforms-first\" data-field-id=\"21\"><label class=\"wpforms-field-label wpforms-label-hide\" for=\"wpforms-6236-field_21\">N\u00fameros de Participante  <span class=\"wpforms-required-label\">*<\/span><\/label><input type=\"number\" pattern=\"\\d*\" id=\"wpforms-6236-field_21\" class=\"wpforms-field-large wpforms-field-required\" name=\"wpforms[fields][21]\" placeholder=\"N\u00fameros de Participante \" required><\/div><div id=\"wpforms-6236-field_22-container\" class=\"wpforms-field wpforms-field-text wpforms-one-half\" data-field-id=\"22\"><label class=\"wpforms-field-label wpforms-label-hide\" for=\"wpforms-6236-field_22\">NIF <span class=\"wpforms-required-label\">*<\/span><\/label><input type=\"text\" id=\"wpforms-6236-field_22\" class=\"wpforms-field-large wpforms-field-required\" name=\"wpforms[fields][22]\" placeholder=\"NIF\" required><\/div><div id=\"wpforms-6236-field_24-container\" class=\"wpforms-field wpforms-field-payment-select wpforms-one-half wpforms-first wpforms-field-select-style-classic\" data-field-id=\"24\"><label class=\"wpforms-field-label wpforms-label-hide\" for=\"wpforms-6236-field_24\">Formas de Pagamento  <span class=\"wpforms-required-label\">*<\/span><\/label><select id=\"wpforms-6236-field_24\" class=\"wpforms-payment-price wpforms-field-large wpforms-field-required\" name=\"wpforms[fields][24]\" required=\"required\"><option value=\"\" class=\"placeholder\" disabled  selected='selected'>Formas de Pagamento <\/option><option value=\"1\" data-amount=\"0.00\" >Transfer\u00eancia Banc\u00e1ria <\/option><option value=\"2\" data-amount=\"0.00\" >Deposito Banc\u00e1rio <\/option><option value=\"3\" data-amount=\"0.00\" >Ordem de Saque <\/option><\/select><\/div><div id=\"wpforms-6236-field_25-container\" class=\"wpforms-field wpforms-field-payment-select wpforms-one-half wpforms-field-select-style-classic\" data-field-id=\"25\"><label class=\"wpforms-field-label wpforms-label-hide\" for=\"wpforms-6236-field_25\">Escolha o curso <span class=\"wpforms-required-label\">*<\/span><\/label><select id=\"wpforms-6236-field_25\" class=\"wpforms-payment-price wpforms-field-large wpforms-field-required\" name=\"wpforms[fields][25]\" required=\"required\"><option value=\"\" class=\"placeholder\" disabled  selected='selected'>Escolha o curso<\/option><option value=\"3\" data-amount=\"0.00\" >Combate \u00e0 Corrup\u00e7\u00e3o<\/option><option value=\"4\" data-amount=\"0.00\" >Cyber Seguran\u00e7a na Era da Digitaliza\u00e7\u00e3o, da Informa\u00e7\u00e3o e da Comunica\u00e7\u00e3o<\/option><option value=\"5\" data-amount=\"0.00\" >Gest\u00e3o de Projectos de Investimentos P\u00fablicos<\/option><option value=\"6\" data-amount=\"0.00\" >Desenvolvimento em Lideran\u00e7a Estrat\u00e9gica<\/option><option value=\"7\" data-amount=\"0.00\" >Contrata\u00e7\u00e3o P\u00fablica na \u00d3ptica do Contratante<\/option><option value=\"8\" data-amount=\"0.00\" >An\u00e1lise da Pol\u00edtica Or\u00e7amental<\/option><option value=\"9\" data-amount=\"0.00\" >Gest\u00e3o de Conting\u00eancia<\/option><option value=\"10\" data-amount=\"0.00\" >Integridade Institucional<\/option><option value=\"12\" data-amount=\"0.00\" >Regras de Planifica\u00e7\u00e3o e Or\u00e7amenta\u00e7\u00e3o<\/option><option value=\"11\" data-amount=\"0.00\" >Administra\u00e7\u00e3o de Restaurantes<\/option><option value=\"18\" data-amount=\"0.00\" >Administra\u00e7\u00e3o e Gest\u00e3o Hoteleira<\/option><option value=\"17\" data-amount=\"0.00\" >Direc\u00e7\u00e3o Estrat\u00e9gica<\/option><option value=\"16\" data-amount=\"0.00\" > Bank Insurance<\/option><option value=\"15\" data-amount=\"0.00\" >Contabilidade, Or\u00e7amento e Controlo<\/option><option value=\"14\" data-amount=\"0.00\" >Finan\u00e7as Corporativas<\/option><option value=\"13\" data-amount=\"0.00\" >Finan\u00e7as Internacionais<\/option><option value=\"24\" data-amount=\"0.00\" >Gest\u00e3o de Projectos de Investimentos P\u00fablicos<\/option><option value=\"23\" data-amount=\"0.00\" >Gest\u00e3o Financeira<\/option><option value=\"22\" data-amount=\"0.00\" >Gest\u00e3o do Capital Humano<\/option><option value=\"21\" data-amount=\"0.00\" >Lideran\u00e7a Comportamental e Organizacional<\/option><option value=\"20\" data-amount=\"0.00\" >Log\u00edstica Internacional<\/option><option value=\"19\" data-amount=\"0.00\" >Legisla\u00e7\u00e3o do Transporte Rodovi\u00e1rio de Produtos Perigosos<\/option><option value=\"32\" data-amount=\"0.00\" >Picking e Sistema de Distribui\u00e7\u00e3o<\/option><option value=\"31\" data-amount=\"0.00\" >Executivo em Log\u00edstica e Supply Chain<\/option><option value=\"30\" data-amount=\"0.00\" >Gest\u00e3o de Frotas<\/option><option value=\"29\" data-amount=\"0.00\" >Gest\u00e3o Estrat\u00e9gica de Stock<\/option><option value=\"28\" data-amount=\"0.00\" >Cyber Seguran\u00e7a na Era da Digitaliza\u00e7\u00e3o, da Informa\u00e7\u00e3o e da Comunica\u00e7\u00e3o<\/option><option value=\"27\" data-amount=\"0.00\" >Especializa\u00e7\u00e3o em Direito Aut\u00e1rquico<\/option><option value=\"26\" data-amount=\"0.00\" > Especializa\u00e7\u00e3o em Elabora\u00e7\u00e3o e Gest\u00e3o de Projectos de Desenvolvimento Local<\/option><option value=\"36\" data-amount=\"0.00\" >Especializa\u00e7\u00e3o em Finan\u00e7as e Contabilidade Aut\u00e1rquica<\/option><option value=\"35\" data-amount=\"0.00\" >Especializa\u00e7\u00e3o em Planeamento e Ordenamento do Territ\u00f3rio para o Desenvolvimento Local e Sustent\u00e1vel<\/option><option value=\"34\" data-amount=\"0.00\" > Especializa\u00e7\u00e3o em Planeamento Municipal e Aut\u00e1rquico<\/option><option value=\"33\" data-amount=\"0.00\" >Especializa\u00e7\u00e3o em Planeamento Municipal e Aut\u00e1rquico<\/option><option value=\"25\" data-amount=\"0.00\" >Especializa\u00e7\u00e3o em Planeamento e Ordenamento do Territ\u00f3rio para o Desenvolvimento Local e Sustent\u00e1vel<\/option><option value=\"40\" data-amount=\"0.00\" >Especializa\u00e7\u00e3o em Elabora\u00e7\u00e3o e Gest\u00e3o de Projectos de Desenvolvimento Local<\/option><option value=\"39\" data-amount=\"0.00\" >Especializa\u00e7\u00e3o em Finan\u00e7as e Contabilidade Aut\u00e1rquica<\/option><option value=\"38\" data-amount=\"0.00\" >Especializa\u00e7\u00e3o em Direito Aut\u00e1rquico<\/option><\/select><\/div><div id=\"wpforms-6236-field_26-container\" class=\"wpforms-field wpforms-field-payment-select wpforms-one-half wpforms-first wpforms-field-select-style-classic\" data-field-id=\"26\"><label class=\"wpforms-field-label wpforms-label-hide\" for=\"wpforms-6236-field_26\">Como nos conheceu?  <span class=\"wpforms-required-label\">*<\/span><\/label><select id=\"wpforms-6236-field_26\" class=\"wpforms-payment-price wpforms-field-large wpforms-field-required\" name=\"wpforms[fields][26]\" required=\"required\"><option value=\"\" class=\"placeholder\" disabled  selected='selected'>Como nos conheceu? <\/option><option value=\"3\" data-amount=\"0.00\" >R\u00e1dio<\/option><option value=\"4\" data-amount=\"0.00\" >Televis\u00e3o<\/option><option value=\"5\" data-amount=\"0.00\" >Jornal<\/option><option value=\"6\" data-amount=\"0.00\" >TPA<\/option><option value=\"7\" data-amount=\"0.00\" >Zap TV<\/option><option value=\"8\" data-amount=\"0.00\" >TV Zimbo<\/option><option value=\"9\" data-amount=\"0.00\" >Palanca TV<\/option><option value=\"10\" data-amount=\"0.00\" >Facebook<\/option><option value=\"11\" data-amount=\"0.00\" >Instagram <\/option><option value=\"12\" data-amount=\"0.00\" >Website da ENAPP<\/option><option value=\"13\" data-amount=\"0.00\" >Google<\/option><option value=\"14\" data-amount=\"0.00\" >Youtube <\/option><option value=\"15\" data-amount=\"0.00\" >Outros meios <\/option><\/select><\/div><div id=\"wpforms-6236-field_27-container\" class=\"wpforms-field wpforms-field-text wpforms-one-half\" data-field-id=\"27\"><label class=\"wpforms-field-label wpforms-label-hide\" for=\"wpforms-6236-field_27\">Outros <span class=\"wpforms-required-label\">*<\/span><\/label><input type=\"text\" id=\"wpforms-6236-field_27\" class=\"wpforms-field-large wpforms-field-required\" name=\"wpforms[fields][27]\" placeholder=\"Outros\" required><\/div><\/div><input type=\"hidden\" name=\"wpforms[recaptcha]\" value=\"\"><div class=\"wpforms-submit-container\" ><input type=\"hidden\" name=\"wpforms[id]\" value=\"6236\"><input type=\"hidden\" name=\"wpforms[author]\" value=\"1\"><button type=\"submit\" name=\"wpforms[submit]\" class=\"wpforms-submit \" id=\"wpforms-submit-6236\" value=\"wpforms-submit\" aria-live=\"assertive\" data-alt-text=\"Enviando...\" data-submit-text=\"Enviar\">Enviar<\/button><\/div><\/form><\/div>  <!-- .wpforms-container -->\t\t<\/div>\n\t\t\t\t<\/div>\n\t\t\t\t\t\t<\/div>\n\t\t\t\t\t<\/div>\n\t\t<\/div>\n\t\t\t\t\t\t\t\t<\/div>\n\t\t\t\t\t<\/div>\n\t\t<\/section>\n\t\t\t\t<section class=\"elementor-section elementor-top-section elementor-element elementor-element-3396aff elementor-hidden-desktop elementor-hidden-tablet elementor-hidden-phone elementor-section-boxed elementor-section-height-default elementor-section-height-default\" data-id=\"3396aff\" data-element_type=\"section\">\n\t\t\t\t\t\t<div class=\"elementor-container elementor-column-gap-default\">\n\t\t\t\t\t\t\t<div class=\"elementor-row\">\n\t\t\t\t\t<div class=\"elementor-column elementor-col-100 elementor-top-column elementor-element elementor-element-1a903a0\" data-id=\"1a903a0\" data-element_type=\"column\">\n\t\t\t<div class=\"elementor-column-wrap elementor-element-populated\">\n\t\t\t\t\t\t\t<div class=\"elementor-widget-wrap\">\n\t\t\t\t\t\t<div class=\"elementor-element elementor-element-2962da0 elementor-button-align-center elementor-widget elementor-widget-form\" data-id=\"2962da0\" data-element_type=\"widget\" data-settings=\"{&quot;step_next_label&quot;:&quot;Next&quot;,&quot;step_previous_label&quot;:&quot;Previous&quot;,&quot;button_width&quot;:&quot;100&quot;,&quot;step_type&quot;:&quot;number_text&quot;,&quot;step_icon_shape&quot;:&quot;circle&quot;}\" data-widget_type=\"form.default\">\n\t\t\t\t<div class=\"elementor-widget-container\">\n\t\t\t\t\t<form class=\"elementor-form\" method=\"post\" name=\"Form\">\n\t\t\t<input type=\"hidden\" name=\"post_id\" value=\"3115\"\/>\n\t\t\t<input type=\"hidden\" name=\"form_id\" value=\"2962da0\"\/>\n\n\t\t\t\n\t\t\t<div class=\"elementor-form-fields-wrapper elementor-labels-above\">\n\t\t\t\t\t\t\t\t<div class=\"elementor-field-type-text elementor-field-group elementor-column elementor-field-group-name elementor-col-50\">\n\t\t\t\t\t<label for=\"form-field-name\" class=\"elementor-field-label\">Nome da Institui\u00e7\u00e3o<\/label><input size=\"1\" type=\"text\" name=\"form_fields[name]\" id=\"form-field-name\" class=\"elementor-field elementor-size-sm  elementor-field-textual\" placeholder=\"Nome da Institui\u00e7\u00e3o\">\t\t\t\t<\/div>\n\t\t\t\t\t\t\t\t<div class=\"elementor-field-type-email elementor-field-group elementor-column elementor-field-group-email elementor-col-50 elementor-field-required\">\n\t\t\t\t\t<label for=\"form-field-email\" class=\"elementor-field-label\">E-mail Corporativo<\/label><input size=\"1\" type=\"email\" name=\"form_fields[email]\" id=\"form-field-email\" class=\"elementor-field elementor-size-sm  elementor-field-textual\" placeholder=\"E-mail Corporativo\" required=\"required\" aria-required=\"true\">\t\t\t\t<\/div>\n\t\t\t\t\t\t\t\t<div class=\"elementor-field-type-text elementor-field-group elementor-column elementor-field-group-field_f754cb6 elementor-col-50\">\n\t\t\t\t\t<label for=\"form-field-field_f754cb6\" class=\"elementor-field-label\">Endere\u00e7o<\/label><input size=\"1\" type=\"text\" name=\"form_fields[field_f754cb6]\" id=\"form-field-field_f754cb6\" class=\"elementor-field elementor-size-sm  elementor-field-textual\" placeholder=\"Endere\u00e7o\">\t\t\t\t<\/div>\n\t\t\t\t\t\t\t\t<div class=\"elementor-field-type-tel elementor-field-group elementor-column elementor-field-group-field_59b62a1 elementor-col-50\">\n\t\t\t\t\t<label for=\"form-field-field_59b62a1\" class=\"elementor-field-label\">Telefone<\/label><input size=\"1\" type=\"tel\" name=\"form_fields[field_59b62a1]\" id=\"form-field-field_59b62a1\" class=\"elementor-field elementor-size-sm  elementor-field-textual\" placeholder=\"Telefone\" pattern=\"[0-9()#&amp;+*-=.]+\" title=\"Only numbers and phone characters (#, -, *, etc) are accepted.\">\t\t\t\t<\/div>\n\t\t\t\t\t\t\t\t<div class=\"elementor-field-type-number elementor-field-group elementor-column elementor-field-group-field_f9074da elementor-col-50\">\n\t\t\t\t\t<label for=\"form-field-field_f9074da\" class=\"elementor-field-label\">N\u00famero de Participante<\/label><input type=\"number\" name=\"form_fields[field_f9074da]\" id=\"form-field-field_f9074da\" class=\"elementor-field elementor-size-sm  elementor-field-textual\" min=\"\" max=\"\">\t\t\t\t<\/div>\n\t\t\t\t\t\t\t\t<div class=\"elementor-field-type-text elementor-field-group elementor-column elementor-field-group-field_8b9266c elementor-col-50\">\n\t\t\t\t\t<label for=\"form-field-field_8b9266c\" class=\"elementor-field-label\">NIF<\/label><input size=\"1\" type=\"text\" name=\"form_fields[field_8b9266c]\" id=\"form-field-field_8b9266c\" class=\"elementor-field elementor-size-sm  elementor-field-textual\" placeholder=\"NIF\">\t\t\t\t<\/div>\n\t\t\t\t\t\t\t\t<div class=\"elementor-field-type-select elementor-field-group elementor-column elementor-field-group-field_4e232a9 elementor-col-50\">\n\t\t\t\t\t<label for=\"form-field-field_4e232a9\" class=\"elementor-field-label\">Forma de pagamento<\/label>\t\t<div class=\"elementor-field elementor-select-wrapper \">\n\t\t\t<select name=\"form_fields[field_4e232a9]\" id=\"form-field-field_4e232a9\" class=\"elementor-field-textual elementor-size-sm\">\n\t\t\t\t<option value=\"Deposito Banc\u00e1rio\">Deposito Banc\u00e1rio<\/option><option value=\"Transfer\u00eancia Banc\u00e1ria\">Transfer\u00eancia Banc\u00e1ria<\/option><option value=\"Ordem de Saque\">Ordem de Saque<\/option>\t\t\t<\/select>\n\t\t<\/div>\n\t\t\t\t\t\t<\/div>\n\t\t\t\t\t\t\t\t<div class=\"elementor-field-type-select elementor-field-group elementor-column elementor-field-group-field_1ceed01 elementor-col-50\">\n\t\t\t\t\t<label for=\"form-field-field_1ceed01\" class=\"elementor-field-label\">Escolha o curso<\/label>\t\t<div class=\"elementor-field elementor-select-wrapper \">\n\t\t\t<select name=\"form_fields[field_1ceed01]\" id=\"form-field-field_1ceed01\" class=\"elementor-field-textual elementor-size-sm\">\n\t\t\t\t<option value=\"Combate \u00e0 Corrup\u00e7\u00e3o\">Combate \u00e0 Corrup\u00e7\u00e3o<\/option><option value=\"Cyber Seguran\u00e7a na Era da Digitaliza\u00e7\u00e3o, da Informa\u00e7\u00e3o e da Comunica\u00e7\u00e3o\">Cyber Seguran\u00e7a na Era da Digitaliza\u00e7\u00e3o, da Informa\u00e7\u00e3o e da Comunica\u00e7\u00e3o<\/option><option value=\"Gest\u00e3o de Projectos de Investimentos P\u00fablicos\">Gest\u00e3o de Projectos de Investimentos P\u00fablicos<\/option><option value=\"Desenvolvimento em Lideran\u00e7a Estrat\u00e9gia\">Desenvolvimento em Lideran\u00e7a Estrat\u00e9gia<\/option><option value=\"Contrata\u00e7\u00e3o P\u00fablica na \u00d3ptica do Contratante\">Contrata\u00e7\u00e3o P\u00fablica na \u00d3ptica do Contratante<\/option><option value=\"An\u00e1lise da Pol\u00edtica Or\u00e7amental\">An\u00e1lise da Pol\u00edtica Or\u00e7amental<\/option><option value=\"Gest\u00e3o de Conting\u00eancia \">Gest\u00e3o de Conting\u00eancia <\/option><option value=\"Integridade Institucional\">Integridade Institucional<\/option><option value=\"Regras de Planifica\u00e7\u00e3o e Or\u00e7amenta\u00e7\u00e3o\">Regras de Planifica\u00e7\u00e3o e Or\u00e7amenta\u00e7\u00e3o<\/option><option value=\"Administra\u00e7\u00e3o de Restaurantes\">Administra\u00e7\u00e3o de Restaurantes<\/option><option value=\"Administra\u00e7\u00e3o de Restaurantes\">Administra\u00e7\u00e3o de Restaurantes<\/option><option value=\"Administra\u00e7\u00e3o e Gest\u00e3o Hoteleira\">Administra\u00e7\u00e3o e Gest\u00e3o Hoteleira<\/option><option value=\"Direc\u00e7\u00e3o Estrat\u00e9gica\">Direc\u00e7\u00e3o Estrat\u00e9gica<\/option><option value=\"Bank Insurance\">Bank Insurance<\/option><option value=\"Contabilidade, Or\u00e7amento e Controlo\">Contabilidade, Or\u00e7amento e Controlo<\/option><option value=\"Finan\u00e7as Corporativas\">Finan\u00e7as Corporativas<\/option><option value=\"Finan\u00e7as Internacionais\">Finan\u00e7as Internacionais<\/option><option value=\"Gest\u00e3o de Projectos de Investimentos P\u00fablicos\">Gest\u00e3o de Projectos de Investimentos P\u00fablicos<\/option><option value=\"Gest\u00e3o Financeira\">Gest\u00e3o Financeira<\/option><option value=\"Gest\u00e3o do Capital Humano\">Gest\u00e3o do Capital Humano<\/option>\t\t\t<\/select>\n\t\t<\/div>\n\t\t\t\t\t\t<\/div>\n\t\t\t\t\t\t\t\t<div class=\"elementor-field-type-select elementor-field-group elementor-column elementor-field-group-field_45846b7 elementor-col-50\">\n\t\t\t\t\t<label for=\"form-field-field_45846b7\" class=\"elementor-field-label\">Como nos conheceu?<\/label>\t\t<div class=\"elementor-field elementor-select-wrapper \">\n\t\t\t<select name=\"form_fields[field_45846b7]\" id=\"form-field-field_45846b7\" class=\"elementor-field-textual elementor-size-sm\">\n\t\t\t\t<option value=\"R\u00e1dio\">R\u00e1dio<\/option><option value=\"Televis\u00e3o\">Televis\u00e3o<\/option><option value=\"Jornal\">Jornal<\/option><option value=\"TPA\">TPA<\/option><option value=\"Zap TV\">Zap TV<\/option><option value=\"TV Zimbo\">TV Zimbo<\/option><option value=\"Palanca TV\">Palanca TV<\/option><option value=\"Facebook\">Facebook<\/option><option value=\"Instagram\">Instagram<\/option><option value=\"Website da ENAPP\">Website da ENAPP<\/option><option value=\"Google\">Google<\/option><option value=\"Youtube\">Youtube<\/option><option value=\"Outros meios\">Outros meios<\/option>\t\t\t<\/select>\n\t\t<\/div>\n\t\t\t\t\t\t<\/div>\n\t\t\t\t\t\t\t\t<div class=\"elementor-field-type-text elementor-field-group elementor-column elementor-field-group-field_9be9d87 elementor-col-50\">\n\t\t\t\t\t<label for=\"form-field-field_9be9d87\" class=\"elementor-field-label\">Outros<\/label><input size=\"1\" type=\"text\" name=\"form_fields[field_9be9d87]\" id=\"form-field-field_9be9d87\" class=\"elementor-field elementor-size-sm  elementor-field-textual\" placeholder=\"Outros\">\t\t\t\t<\/div>\n\t\t\t\t\t\t\t\t<div class=\"elementor-field-group elementor-column elementor-field-type-submit elementor-col-100 e-form__buttons\">\n\t\t\t\t\t<button type=\"submit\" class=\"elementor-button elementor-size-sm\">\n\t\t\t\t\t\t<span >\n\t\t\t\t\t\t\t\t\t\t\t\t\t\t\t<span class=\" elementor-button-icon\">\n\t\t\t\t\t\t\t\t\t\t\t\t\t\t\t\t\t\t\t\t\t\t\t\t\t\t<\/span>\n\t\t\t\t\t\t\t\t\t\t\t\t\t\t\t\t\t\t\t\t\t\t<span class=\"elementor-button-text\">Enviar<\/span>\n\t\t\t\t\t\t\t\t\t\t\t\t\t<\/span>\n\t\t\t\t\t<\/button>\n\t\t\t\t<\/div>\n\t\t\t<\/div>\n\t\t<\/form>\n\t\t\t\t<\/div>\n\t\t\t\t<\/div>\n\t\t\t\t\t\t<\/div>\n\t\t\t\t\t<\/div>\n\t\t<\/div>\n\t\t\t\t\t\t\t\t<\/div>\n\t\t\t\t\t<\/div>\n\t\t<\/section>\n\t\t\t\t\t\t<\/div>\n\t\t\t\t\t\t<\/div>\n\t\t\t\t\t<\/div>\n\t\t","protected":false},"excerpt":{"rendered":"<p>Cursos por Encomendas s\u00e3o aqueles que,\u00a0 estando ou n\u00e3o previstos no programa formativo da EBUS, s\u00e3o realizados por solicita\u00e7\u00e3o expressa de uma institui\u00e7\u00e3o, com o&hellip;<\/p>\n","protected":false},"author":1,"featured_media":0,"parent":0,"menu_order":0,"comment_status":"closed","ping_status":"closed","template":"","meta":[],"_links":{"self":[{"href":"https:\/\/www.enapp.gov.ao\/index.php?rest_route=\/wp\/v2\/pages\/3115"}],"collection":[{"href":"https:\/\/www.enapp.gov.ao\/index.php?rest_route=\/wp\/v2\/pages"}],"about":[{"href":"https:\/\/www.enapp.gov.ao\/index.php?rest_route=\/wp\/v2\/types\/page"}],"author":[{"embeddable":true,"href":"https:\/\/www.enapp.gov.ao\/index.php?rest_route=\/wp\/v2\/users\/1"}],"replies":[{"embeddable":true,"href":"https:\/\/www.enapp.gov.ao\/index.php?rest_route=%2Fwp%2Fv2%2Fcomments&post=3115"}],"version-history":[{"count":21,"href":"https:\/\/www.enapp.gov.ao\/index.php?rest_route=\/wp\/v2\/pages\/3115\/revisions"}],"predecessor-version":[{"id":6408,"href":"https:\/\/www.enapp.gov.ao\/index.php?rest_route=\/wp\/v2\/pages\/3115\/revisions\/6408"}],"wp:attachment":[{"href":"https:\/\/www.enapp.gov.ao\/index.php?rest_route=%2Fwp%2Fv2%2Fmedia&parent=3115"}],"curies":[{"name":"wp","href":"https:\/\/api.w.org\/{rel}","templated":true}]}}