{"id":4932,"date":"2021-04-13T12:30:23","date_gmt":"2021-04-13T12:30:23","guid":{"rendered":"https:\/\/www.enapp.gov.ao\/?page_id=4932"},"modified":"2023-02-19T01:17:26","modified_gmt":"2023-02-19T01:17:26","slug":"mensagem-da-pca","status":"publish","type":"page","link":"https:\/\/www.enapp.gov.ao\/?page_id=4932","title":{"rendered":"Mensagem da PCA"},"content":{"rendered":"\t\t<div data-elementor-type=\"wp-page\" data-elementor-id=\"4932\" class=\"elementor elementor-4932\" data-elementor-settings=\"[]\">\n\t\t\t\t\t\t<div class=\"elementor-inner\">\n\t\t\t\t\t\t\t<div class=\"elementor-section-wrap\">\n\t\t\t\t\t\t\t<section class=\"elementor-section elementor-top-section elementor-element elementor-element-d9e3c53 elementor-section-boxed elementor-section-height-default elementor-section-height-default\" data-id=\"d9e3c53\" data-element_type=\"section\">\n\t\t\t\t\t\t<div class=\"elementor-container elementor-column-gap-default\">\n\t\t\t\t\t\t\t<div class=\"elementor-row\">\n\t\t\t\t\t<div class=\"elementor-column elementor-col-100 elementor-top-column elementor-element elementor-element-74e87d20\" data-id=\"74e87d20\" data-element_type=\"column\">\n\t\t\t<div class=\"elementor-column-wrap elementor-element-populated\">\n\t\t\t\t\t\t\t<div class=\"elementor-widget-wrap\">\n\t\t\t\t\t\t<div class=\"elementor-element elementor-element-31256578 elementor-view-default elementor-vertical-align-top elementor-widget elementor-widget-icon-box\" data-id=\"31256578\" data-element_type=\"widget\" data-widget_type=\"icon-box.default\">\n\t\t\t\t<div class=\"elementor-widget-container\">\n\t\t\t\t\t<div class=\"elementor-icon-box-wrapper\">\n\t\t\t\t\t\t<div class=\"elementor-icon-box-content\">\n\t\t\t\t<h3 class=\"elementor-icon-box-title\">\n\t\t\t\t\t<span >Bem-vindos ao Website Institucional da ENAPP-E.P<\/span>\n\t\t\t\t<\/h3>\n\t\t\t\t\t\t\t<\/div>\n\t\t<\/div>\n\t\t\t\t<\/div>\n\t\t\t\t<\/div>\n\t\t\t\t\t\t<\/div>\n\t\t\t\t\t<\/div>\n\t\t<\/div>\n\t\t\t\t\t\t\t\t<\/div>\n\t\t\t\t\t<\/div>\n\t\t<\/section>\n\t\t\t\t<section class=\"elementor-section elementor-top-section elementor-element elementor-element-909a79b elementor-section-boxed elementor-section-height-default elementor-section-height-default\" data-id=\"909a79b\" data-element_type=\"section\">\n\t\t\t\t\t\t<div class=\"elementor-container elementor-column-gap-default\">\n\t\t\t\t\t\t\t<div class=\"elementor-row\">\n\t\t\t\t\t<div class=\"elementor-column elementor-col-100 elementor-top-column elementor-element elementor-element-6db3cdd\" data-id=\"6db3cdd\" data-element_type=\"column\">\n\t\t\t<div class=\"elementor-column-wrap elementor-element-populated\">\n\t\t\t\t\t\t\t<div class=\"elementor-widget-wrap\">\n\t\t\t\t\t\t<section class=\"elementor-section elementor-inner-section elementor-element elementor-element-5dbcbb4 elementor-section-boxed elementor-section-height-default elementor-section-height-default\" data-id=\"5dbcbb4\" data-element_type=\"section\">\n\t\t\t\t\t\t<div class=\"elementor-container elementor-column-gap-default\">\n\t\t\t\t\t\t\t<div class=\"elementor-row\">\n\t\t\t\t\t<div class=\"elementor-column elementor-col-50 elementor-inner-column elementor-element elementor-element-3fc40e1\" data-id=\"3fc40e1\" data-element_type=\"column\">\n\t\t\t<div class=\"elementor-column-wrap elementor-element-populated\">\n\t\t\t\t\t\t\t<div class=\"elementor-widget-wrap\">\n\t\t\t\t\t\t<div class=\"elementor-element elementor-element-680b7e1 elementor-widget elementor-widget-image\" data-id=\"680b7e1\" data-element_type=\"widget\" data-widget_type=\"image.default\">\n\t\t\t\t<div class=\"elementor-widget-container\">\n\t\t\t\t\t<div class=\"elementor-image\">\n\t\t\t\t\t\t\t\t\t\t<img width=\"843\" height=\"639\" src=\"https:\/\/www.enapp.gov.ao\/wp-content\/uploads\/2023\/02\/PROJECT-PCA-003-Dra-Sadra-1024x776.jpg\" class=\"attachment-large size-large\" alt=\"\" loading=\"lazy\" srcset=\"https:\/\/www.enapp.gov.ao\/wp-content\/uploads\/2023\/02\/PROJECT-PCA-003-Dra-Sadra-1024x776.jpg 1024w, https:\/\/www.enapp.gov.ao\/wp-content\/uploads\/2023\/02\/PROJECT-PCA-003-Dra-Sadra-300x227.jpg 300w, https:\/\/www.enapp.gov.ao\/wp-content\/uploads\/2023\/02\/PROJECT-PCA-003-Dra-Sadra-768x582.jpg 768w, https:\/\/www.enapp.gov.ao\/wp-content\/uploads\/2023\/02\/PROJECT-PCA-003-Dra-Sadra-1536x1164.jpg 1536w, https:\/\/www.enapp.gov.ao\/wp-content\/uploads\/2023\/02\/PROJECT-PCA-003-Dra-Sadra-2048x1552.jpg 2048w, https:\/\/www.enapp.gov.ao\/wp-content\/uploads\/2023\/02\/PROJECT-PCA-003-Dra-Sadra-600x455.jpg 600w, https:\/\/www.enapp.gov.ao\/wp-content\/uploads\/2023\/02\/PROJECT-PCA-003-Dra-Sadra-64x48.jpg 64w\" sizes=\"(max-width: 843px) 100vw, 843px\" \/>\t\t\t\t\t\t\t\t\t\t\t<\/div>\n\t\t\t\t<\/div>\n\t\t\t\t<\/div>\n\t\t\t\t\t\t<\/div>\n\t\t\t\t\t<\/div>\n\t\t<\/div>\n\t\t\t\t<div class=\"elementor-column elementor-col-50 elementor-inner-column elementor-element elementor-element-8e6ccfd\" data-id=\"8e6ccfd\" data-element_type=\"column\">\n\t\t\t<div class=\"elementor-column-wrap elementor-element-populated\">\n\t\t\t\t\t\t\t<div class=\"elementor-widget-wrap\">\n\t\t\t\t\t\t<div class=\"elementor-element elementor-element-7522bd5 elementor-widget elementor-widget-text-editor\" data-id=\"7522bd5\" data-element_type=\"widget\" data-widget_type=\"text-editor.default\">\n\t\t\t\t<div class=\"elementor-widget-container\">\n\t\t\t\t\t<div class=\"elementor-text-editor elementor-clearfix\"><p>Em nome do Conselho de Administra\u00e7\u00e3o, do colectivo de trabalhadores e em meu pr\u00f3prio, desejo boas-vindas a todos os internautas que recorrem aos nossos servi\u00e7os, atrav\u00e9s desta ferramenta, website institucional da ENAPP-EP.<\/p><p>Os desafios que temos pela frente s\u00e3o in\u00fameros, os quais exigem de n\u00f3s dedica\u00e7\u00e3o, profissionalismo, sobretudo, compromisso com a miss\u00e3o que nos foi confiada.<\/p><p>A presente ferramenta visa tornar a ENAPP mais pr\u00f3xima do cidad\u00e3o, permitindo que os mesmos tenham os nossos servi\u00e7os a dist\u00e2ncia de um clique, maximizando a interac\u00e7\u00e3o e a comunica\u00e7\u00e3o institucional, comunicando mais e melhor.<\/p><\/div>\n\t\t\t\t<\/div>\n\t\t\t\t<\/div>\n\t\t\t\t\t\t<\/div>\n\t\t\t\t\t<\/div>\n\t\t<\/div>\n\t\t\t\t\t\t\t\t<\/div>\n\t\t\t\t\t<\/div>\n\t\t<\/section>\n\t\t\t\t<section class=\"elementor-section elementor-inner-section elementor-element elementor-element-b0e588e elementor-section-boxed elementor-section-height-default elementor-section-height-default\" data-id=\"b0e588e\" data-element_type=\"section\">\n\t\t\t\t\t\t<div class=\"elementor-container elementor-column-gap-default\">\n\t\t\t\t\t\t\t<div class=\"elementor-row\">\n\t\t\t\t\t<div class=\"elementor-column elementor-col-100 elementor-inner-column elementor-element elementor-element-e66ce1a\" data-id=\"e66ce1a\" data-element_type=\"column\">\n\t\t\t<div class=\"elementor-column-wrap elementor-element-populated\">\n\t\t\t\t\t\t\t<div class=\"elementor-widget-wrap\">\n\t\t\t\t\t\t<div class=\"elementor-element elementor-element-4ff8769 elementor-widget elementor-widget-text-editor\" data-id=\"4ff8769\" data-element_type=\"widget\" data-widget_type=\"text-editor.default\">\n\t\t\t\t<div class=\"elementor-widget-container\">\n\t\t\t\t\t<div class=\"elementor-text-editor elementor-clearfix\"><p>Ao darmos este passo, certamente, estamos a realizar um dos objectivos preconizados pelo Governo: o de simplificar e modernizar os servi\u00e7os \u2013 a Governa\u00e7\u00e3o Electr\u00f3nica.<\/p><p>Reafirmo o compromisso e a responsabilidade de servir com zelo, compet\u00eancia, lealdade e honestidade, contribuindo rigorosamente no alcance dos n\u00edveis de excel\u00eancia exigidos aos quadros do Executivo e da Administra\u00e7\u00e3o P\u00fablica, tendo em vista a eleva\u00e7\u00e3o da qualidade da presta\u00e7\u00e3o de servi\u00e7o pelo sector p\u00fablico.<\/p><p>A Escola Nacional de Administra\u00e7\u00e3o e Pol\u00edticas P\u00fablicas &#8211; ENAPP-EP \u00e9 uma pessoa colectiva com personalidade jur\u00eddica, com atribui\u00e7\u00f5es nos dom\u00ednios da forma\u00e7\u00e3o, pesquisa e consultoria, desenvolve a sua miss\u00e3o como centro de excel\u00eancia para a forma\u00e7\u00e3o, investiga\u00e7\u00e3o e divulga\u00e7\u00e3o de pol\u00edticas p\u00fablicas.<\/p><p>A ENAPP-EP desempenha um papel decisivo na forma\u00e7\u00e3o e capacita\u00e7\u00e3o do servidor p\u00fablico, que deve primar pelo Rigor, Disciplina, Efici\u00eancia, Integridade e Excel\u00eancia, valores estes que nos devem caracterizar pela pr\u00e1tica di\u00e1ria, com cultura de servir a Na\u00e7\u00e3o e os cidad\u00e3os.<\/p><p>Estamos engajados no sentido de capacitar os quadros do Executivo, partilhando conhecimento e dotando-os de mais compet\u00eancias para o desempenho das suas fun\u00e7\u00f5es di\u00e1rias.<\/p><p>Este Website \u00e9 apenas uma pequena porta que se abre, rumo ao futuro certo de uma nova Angola, inclusiva, moderna e melhor para todos n\u00f3s.<\/p><p>Bem-haja!<\/p><p><em>Luanda, aos 02 de Fevereiro de 2023.<\/em><\/p><\/div>\n\t\t\t\t<\/div>\n\t\t\t\t<\/div>\n\t\t\t\t\t\t<\/div>\n\t\t\t\t\t<\/div>\n\t\t<\/div>\n\t\t\t\t\t\t\t\t<\/div>\n\t\t\t\t\t<\/div>\n\t\t<\/section>\n\t\t\t\t\t\t<\/div>\n\t\t\t\t\t<\/div>\n\t\t<\/div>\n\t\t\t\t\t\t\t\t<\/div>\n\t\t\t\t\t<\/div>\n\t\t<\/section>\n\t\t\t\t<section class=\"elementor-section elementor-top-section elementor-element elementor-element-8444353 elementor-section-boxed elementor-section-height-default elementor-section-height-default\" data-id=\"8444353\" data-element_type=\"section\">\n\t\t\t\t\t\t<div class=\"elementor-container elementor-column-gap-default\">\n\t\t\t\t\t\t\t<div class=\"elementor-row\">\n\t\t\t\t\t<div class=\"elementor-column elementor-col-100 elementor-top-column elementor-element elementor-element-3fd53d5\" data-id=\"3fd53d5\" data-element_type=\"column\">\n\t\t\t<div class=\"elementor-column-wrap elementor-element-populated\">\n\t\t\t\t\t\t\t<div class=\"elementor-widget-wrap\">\n\t\t\t\t\t\t<div class=\"elementor-element elementor-element-1481535 elementor-view-default elementor-vertical-align-top elementor-widget elementor-widget-icon-box\" data-id=\"1481535\" data-element_type=\"widget\" data-widget_type=\"icon-box.default\">\n\t\t\t\t<div class=\"elementor-widget-container\">\n\t\t\t\t\t<div class=\"elementor-icon-box-wrapper\">\n\t\t\t\t\t\t<div class=\"elementor-icon-box-content\">\n\t\t\t\t<h3 class=\"elementor-icon-box-title\">\n\t\t\t\t\t<span >Sandra Rodrigues Alves<\/span>\n\t\t\t\t<\/h3>\n\t\t\t\t\t\t\t\t<p class=\"elementor-icon-box-description\">Presidente do Conselho de Administra\u00e7\u00e3o<\/p>\n\t\t\t\t\t\t\t<\/div>\n\t\t<\/div>\n\t\t\t\t<\/div>\n\t\t\t\t<\/div>\n\t\t\t\t<div class=\"elementor-element elementor-element-4a2e5c0 elementor-widget-divider--view-line elementor-widget elementor-widget-divider\" data-id=\"4a2e5c0\" data-element_type=\"widget\" data-widget_type=\"divider.default\">\n\t\t\t\t<div class=\"elementor-widget-container\">\n\t\t\t\t\t<div class=\"elementor-divider\">\n\t\t\t<span class=\"elementor-divider-separator\">\n\t\t\t\t\t\t<\/span>\n\t\t<\/div>\n\t\t\t\t<\/div>\n\t\t\t\t<\/div>\n\t\t\t\t\t\t<\/div>\n\t\t\t\t\t<\/div>\n\t\t<\/div>\n\t\t\t\t\t\t\t\t<\/div>\n\t\t\t\t\t<\/div>\n\t\t<\/section>\n\t\t\t\t\t\t<\/div>\n\t\t\t\t\t\t<\/div>\n\t\t\t\t\t<\/div>\n\t\t","protected":false},"excerpt":{"rendered":"<p>Bem-vindos ao Website Institucional da ENAPP-E.P Em nome do Conselho de Administra\u00e7\u00e3o, do colectivo de trabalhadores e em meu pr\u00f3prio, desejo boas-vindas a todos os&hellip;<\/p>\n","protected":false},"author":1,"featured_media":0,"parent":0,"menu_order":0,"comment_status":"closed","ping_status":"closed","template":"","meta":[],"_links":{"self":[{"href":"https:\/\/www.enapp.gov.ao\/index.php?rest_route=\/wp\/v2\/pages\/4932"}],"collection":[{"href":"https:\/\/www.enapp.gov.ao\/index.php?rest_route=\/wp\/v2\/pages"}],"about":[{"href":"https:\/\/www.enapp.gov.ao\/index.php?rest_route=\/wp\/v2\/types\/page"}],"author":[{"embeddable":true,"href":"https:\/\/www.enapp.gov.ao\/index.php?rest_route=\/wp\/v2\/users\/1"}],"replies":[{"embeddable":true,"href":"https:\/\/www.enapp.gov.ao\/index.php?rest_route=%2Fwp%2Fv2%2Fcomments&post=4932"}],"version-history":[{"count":18,"href":"https:\/\/www.enapp.gov.ao\/index.php?rest_route=\/wp\/v2\/pages\/4932\/revisions"}],"predecessor-version":[{"id":7383,"href":"https:\/\/www.enapp.gov.ao\/index.php?rest_route=\/wp\/v2\/pages\/4932\/revisions\/7383"}],"wp:attachment":[{"href":"https:\/\/www.enapp.gov.ao\/index.php?rest_route=%2Fwp%2Fv2%2Fmedia&parent=4932"}],"curies":[{"name":"wp","href":"https:\/\/api.w.org\/{rel}","templated":true}]}}