{"id":6128,"date":"2021-06-15T11:11:57","date_gmt":"2021-06-15T11:11:57","guid":{"rendered":"https:\/\/www.enapp.gov.ao\/?page_id=6128"},"modified":"2021-06-15T11:20:32","modified_gmt":"2021-06-15T11:20:32","slug":"zoom","status":"publish","type":"page","link":"https:\/\/www.enapp.gov.ao\/?page_id=6128","title":{"rendered":"Zoom"},"content":{"rendered":"\t\t<div data-elementor-type=\"wp-page\" data-elementor-id=\"6128\" class=\"elementor elementor-6128\" data-elementor-settings=\"[]\">\n\t\t\t\t\t\t<div class=\"elementor-inner\">\n\t\t\t\t\t\t\t<div class=\"elementor-section-wrap\">\n\t\t\t\t\t\t\t<section class=\"elementor-section elementor-top-section elementor-element elementor-element-56319096 elementor-section-boxed elementor-section-height-default elementor-section-height-default\" data-id=\"56319096\" data-element_type=\"section\">\n\t\t\t\t\t\t<div class=\"elementor-container elementor-column-gap-default\">\n\t\t\t\t\t\t\t<div class=\"elementor-row\">\n\t\t\t\t\t<div class=\"elementor-column elementor-col-100 elementor-top-column elementor-element elementor-element-eec5582\" data-id=\"eec5582\" data-element_type=\"column\">\n\t\t\t<div class=\"elementor-column-wrap elementor-element-populated\">\n\t\t\t\t\t\t\t<div class=\"elementor-widget-wrap\">\n\t\t\t\t\t\t<div class=\"elementor-element elementor-element-476e7ddc elementor-widget elementor-widget-wpb-ea-timeline\" data-id=\"476e7ddc\" data-element_type=\"widget\" data-widget_type=\"wpb-ea-timeline.default\">\n\t\t\t\t<div class=\"elementor-widget-container\">\n\t\t\t\t        <div class=\"wpb-timeline-area wpb-timeline-right wpb-timeline-shadow-yes\">\n\n\t        \t\n\t\t\t\t\t<div class=\"wpb-timeline-block\">\n\t\t\t\t\t\t\t\t\t\t\t\t\t\t\t\t\t\t\t<div class=\"wpb-timeline-icon\">\n                                <i aria-hidden=\"true\" class=\"fab fa-leanpub\"><\/i>                            <\/div>\n\t\t\t\t\t\t\t\t\t\t\t\t<div class=\"wpb-timeline-content\">\n\t\t\t\t\t\t\t\n\t\t\t\t\t\t\t<h3><a href=\"https:\/\/www.enapp.gov.ao\/formacoes-online\/\" >Forma\u00e7\u00f5es Online<\/a><\/h3>\n\t\t\t\t\t\t\t\n                            \n\t\t\t\t\t\t\t\t\t\t\t\t\t<\/div>\n\t\t\t\t\t\t\t\t\t\t\t<\/div>\n\n\t\t\t  \t\n\t\t\t\t\t<div class=\"wpb-timeline-block\">\n\t\t\t\t\t\t\t\t\t\t\t\t\t\t\t\t\t\t\t<div class=\"wpb-timeline-icon\">\n                                <i aria-hidden=\"true\" class=\"lni lni-website\"><\/i>                            <\/div>\n\t\t\t\t\t\t\t\t\t\t\t\t<div class=\"wpb-timeline-content\">\n\t\t\t\t\t\t\t\n\t\t\t\t\t\t\t<h3><a href=\"https:\/\/www.enapp.gov.ao\/webinars\/\" >Webinars<\/a><\/h3>\n\t\t\t\t\t\t\t\n                            \n\t\t\t\t\t\t\t\t\t\t\t\t\t<\/div>\n\t\t\t\t\t\t\t\t\t\t\t<\/div>\n\n\t\t\t  \t\n\t\t\t\t\t<div class=\"wpb-timeline-block\">\n\t\t\t\t\t\t\t\t\t\t\t\t\t\t\t\t\t\t\t<div class=\"wpb-timeline-icon\">\n                                <i aria-hidden=\"true\" class=\"fas fa-users\"><\/i>                            <\/div>\n\t\t\t\t\t\t\t\t\t\t\t\t<div class=\"wpb-timeline-content\">\n\t\t\t\t\t\t\t\n\t\t\t\t\t\t\t<h3><a href=\"https:\/\/www.enapp.gov.ao\/reunioes\/\" >Reuni\u00f5es<\/a><\/h3>\n\t\t\t\t\t\t\t\n                            \n\t\t\t\t\t\t\t\t\t\t\t\t\t<\/div>\n\t\t\t\t\t\t\t\t\t\t\t<\/div>\n\n\t\t\t  \t\n\t\t\t<\/div>\n\t\t\n        \t\t<\/div>\n\t\t\t\t<\/div>\n\t\t\t\t\t\t<\/div>\n\t\t\t\t\t<\/div>\n\t\t<\/div>\n\t\t\t\t\t\t\t\t<\/div>\n\t\t\t\t\t<\/div>\n\t\t<\/section>\n\t\t\t\t\t\t<\/div>\n\t\t\t\t\t\t<\/div>\n\t\t\t\t\t<\/div>\n\t\t","protected":false},"excerpt":{"rendered":"<p>Forma\u00e7\u00f5es Online Webinars Reuni\u00f5es<\/p>\n","protected":false},"author":1,"featured_media":0,"parent":0,"menu_order":0,"comment_status":"closed","ping_status":"closed","template":"","meta":[],"_links":{"self":[{"href":"https:\/\/www.enapp.gov.ao\/index.php?rest_route=\/wp\/v2\/pages\/6128"}],"collection":[{"href":"https:\/\/www.enapp.gov.ao\/index.php?rest_route=\/wp\/v2\/pages"}],"about":[{"href":"https:\/\/www.enapp.gov.ao\/index.php?rest_route=\/wp\/v2\/types\/page"}],"author":[{"embeddable":true,"href":"https:\/\/www.enapp.gov.ao\/index.php?rest_route=\/wp\/v2\/users\/1"}],"replies":[{"embeddable":true,"href":"https:\/\/www.enapp.gov.ao\/index.php?rest_route=%2Fwp%2Fv2%2Fcomments&post=6128"}],"version-history":[{"count":0,"href":"https:\/\/www.enapp.gov.ao\/index.php?rest_route=\/wp\/v2\/pages\/6128\/revisions"}],"wp:attachment":[{"href":"https:\/\/www.enapp.gov.ao\/index.php?rest_route=%2Fwp%2Fv2%2Fmedia&parent=6128"}],"curies":[{"name":"wp","href":"https:\/\/api.w.org\/{rel}","templated":true}]}}