{"id":5391,"date":"2021-05-27T13:53:52","date_gmt":"2021-05-27T13:53:52","guid":{"rendered":"https:\/\/www.enapp.gov.ao\/?post_type=product&#038;p=5391"},"modified":"2021-06-30T08:39:27","modified_gmt":"2021-06-30T08:39:27","slug":"etica-e-responsabilizacao-na-formacao-e-execucao-dos-contratos-publicos","status":"publish","type":"product","link":"https:\/\/www.enapp.gov.ao\/?product=etica-e-responsabilizacao-na-formacao-e-execucao-dos-contratos-publicos","title":{"rendered":"\u00c9tica e Responsabiliza\u00e7\u00e3o na Forma\u00e7\u00e3o e Execu\u00e7\u00e3o dos Contratos P\u00fablicos"},"content":{"rendered":"","protected":false},"excerpt":{"rendered":"<p><strong>Objectivos:\u00a0<\/strong><\/p>\n<p>Conhecer os comandos \u00e9ticos que norteiam a contrata\u00e7\u00e3o p\u00fablica.<\/p>\n<p><strong>Requisitos:<\/strong><\/p>\n<p>Ser gestor p\u00fablico, respons\u00e1vel, t\u00e9cnico do GEPE, da Unidade de Contrata\u00e7\u00e3o P\u00fablica, do Gabinete Jur\u00eddico, Secret\u00e1rio Geral dos \u00f3rg\u00e3os da Administra\u00e7\u00e3o Central e Local do Estado, Empresas P\u00fablicas e Privadas.<\/p>\n<p><strong>Carga hor\u00e1ria:<\/strong><\/p>\n<p>20 Horas<\/p>\n<p>&nbsp;<\/p>\n","protected":false},"featured_media":6189,"comment_status":"open","ping_status":"closed","template":"","meta":[],"_links":{"self":[{"href":"https:\/\/www.enapp.gov.ao\/index.php?rest_route=\/wp\/v2\/product\/5391"}],"collection":[{"href":"https:\/\/www.enapp.gov.ao\/index.php?rest_route=\/wp\/v2\/product"}],"about":[{"href":"https:\/\/www.enapp.gov.ao\/index.php?rest_route=\/wp\/v2\/types\/product"}],"replies":[{"embeddable":true,"href":"https:\/\/www.enapp.gov.ao\/index.php?rest_route=%2Fwp%2Fv2%2Fcomments&post=5391"}],"wp:featuredmedia":[{"embeddable":true,"href":"https:\/\/www.enapp.gov.ao\/index.php?rest_route=\/wp\/v2\/media\/6189"}],"wp:attachment":[{"href":"https:\/\/www.enapp.gov.ao\/index.php?rest_route=%2Fwp%2Fv2%2Fmedia&parent=5391"}],"curies":[{"name":"wp","href":"https:\/\/api.w.org\/{rel}","templated":true}]}}