{"id":5392,"date":"2021-05-27T13:58:04","date_gmt":"2021-05-27T13:58:04","guid":{"rendered":"https:\/\/www.enapp.gov.ao\/?post_type=product&#038;p=5392"},"modified":"2021-06-30T08:41:50","modified_gmt":"2021-06-30T08:41:50","slug":"execucao-dos-contratos-publicos","status":"publish","type":"product","link":"https:\/\/www.enapp.gov.ao\/?product=execucao-dos-contratos-publicos","title":{"rendered":"Execu\u00e7\u00e3o dos Contratos P\u00fablicos"},"content":{"rendered":"","protected":false},"excerpt":{"rendered":"<p><strong>Objectivos:<\/strong><\/p>\n<p>Dominar a execu\u00e7\u00e3o dos contratos p\u00fablicos.<\/p>\n<p><strong>Requisitos:<\/strong><\/p>\n<p>Ser gestor p\u00fablico, respons\u00e1vel, t\u00e9cnico do GEPE, da Unidade de Contrata\u00e7\u00e3o P\u00fablica, Secret\u00e1rio Geral dos \u00f3rg\u00e3os da Administra\u00e7\u00e3o Central e Local do Estado, Empresas P\u00fablicas e Privadas.<\/p>\n<p><strong>Carga hor\u00e1ria:\u00a0<\/strong><\/p>\n<p>20 horas<\/p>\n","protected":false},"featured_media":6190,"comment_status":"open","ping_status":"closed","template":"","meta":[],"_links":{"self":[{"href":"https:\/\/www.enapp.gov.ao\/index.php?rest_route=\/wp\/v2\/product\/5392"}],"collection":[{"href":"https:\/\/www.enapp.gov.ao\/index.php?rest_route=\/wp\/v2\/product"}],"about":[{"href":"https:\/\/www.enapp.gov.ao\/index.php?rest_route=\/wp\/v2\/types\/product"}],"replies":[{"embeddable":true,"href":"https:\/\/www.enapp.gov.ao\/index.php?rest_route=%2Fwp%2Fv2%2Fcomments&post=5392"}],"wp:featuredmedia":[{"embeddable":true,"href":"https:\/\/www.enapp.gov.ao\/index.php?rest_route=\/wp\/v2\/media\/6190"}],"wp:attachment":[{"href":"https:\/\/www.enapp.gov.ao\/index.php?rest_route=%2Fwp%2Fv2%2Fmedia&parent=5392"}],"curies":[{"name":"wp","href":"https:\/\/api.w.org\/{rel}","templated":true}]}}