{"id":5393,"date":"2021-05-27T14:00:21","date_gmt":"2021-05-27T14:00:21","guid":{"rendered":"https:\/\/www.enapp.gov.ao\/?post_type=product&#038;p=5393"},"modified":"2021-06-30T08:41:22","modified_gmt":"2021-06-30T08:41:22","slug":"introducao-a-auditoria-na-optica-da-contratacao-publica","status":"publish","type":"product","link":"https:\/\/www.enapp.gov.ao\/?product=introducao-a-auditoria-na-optica-da-contratacao-publica","title":{"rendered":"Introdu\u00e7\u00e3o \u00e0 Auditoria na \u00d3ptica da Contrata\u00e7\u00e3o P\u00fablica"},"content":{"rendered":"","protected":false},"excerpt":{"rendered":"<p><strong>Objectivos:<\/strong><\/p>\n<p>Dominar as t\u00e9cnicas e procedimentos de auditoria.<\/p>\n<p><strong>Requisitos:<\/strong><\/p>\n<p>Ser respons\u00e1vel, t\u00e9cnico do GEPE, da Unidade de Contrata\u00e7\u00e3o P\u00fablica, do Gabinete Jur\u00eddico ou Secret\u00e1rio Geral dos \u00f3rg\u00e3os da Administra\u00e7\u00e3o Central e Local do Estado.<\/p>\n<p><strong>Carga hor\u00e1ria:<\/strong><\/p>\n<p>20 horas<\/p>\n","protected":false},"featured_media":6191,"comment_status":"open","ping_status":"closed","template":"","meta":[],"_links":{"self":[{"href":"https:\/\/www.enapp.gov.ao\/index.php?rest_route=\/wp\/v2\/product\/5393"}],"collection":[{"href":"https:\/\/www.enapp.gov.ao\/index.php?rest_route=\/wp\/v2\/product"}],"about":[{"href":"https:\/\/www.enapp.gov.ao\/index.php?rest_route=\/wp\/v2\/types\/product"}],"replies":[{"embeddable":true,"href":"https:\/\/www.enapp.gov.ao\/index.php?rest_route=%2Fwp%2Fv2%2Fcomments&post=5393"}],"wp:featuredmedia":[{"embeddable":true,"href":"https:\/\/www.enapp.gov.ao\/index.php?rest_route=\/wp\/v2\/media\/6191"}],"wp:attachment":[{"href":"https:\/\/www.enapp.gov.ao\/index.php?rest_route=%2Fwp%2Fv2%2Fmedia&parent=5393"}],"curies":[{"name":"wp","href":"https:\/\/api.w.org\/{rel}","templated":true}]}}