{"id":5395,"date":"2021-05-27T14:05:47","date_gmt":"2021-05-27T14:05:47","guid":{"rendered":"https:\/\/www.enapp.gov.ao\/?post_type=product&#038;p=5395"},"modified":"2021-06-30T08:53:14","modified_gmt":"2021-06-30T08:53:14","slug":"tecnicas-de-instrucao-e-constituicao-de-propostas","status":"publish","type":"product","link":"https:\/\/www.enapp.gov.ao\/?product=tecnicas-de-instrucao-e-constituicao-de-propostas","title":{"rendered":"T\u00e9cnicas de Instru\u00e7\u00e3o e Constitui\u00e7\u00e3o de Propostas"},"content":{"rendered":"","protected":false},"excerpt":{"rendered":"<p><strong>Objectivos:<\/strong><\/p>\n<p>Dominar as t\u00e9cnicas de instru\u00e7\u00e3o e constitui\u00e7\u00e3o de propostas.<\/p>\n<p><strong>Requisitos:<\/strong><\/p>\n<p>Ser respons\u00e1vel, t\u00e9cnico dos operadores econ\u00f3micos (empresas p\u00fablicas e privadas).<\/p>\n<p><strong>Carga hor\u00e1ria:\u00a0<\/strong><\/p>\n<p>20 Horas<\/p>\n","protected":false},"featured_media":6193,"comment_status":"open","ping_status":"closed","template":"","meta":[],"_links":{"self":[{"href":"https:\/\/www.enapp.gov.ao\/index.php?rest_route=\/wp\/v2\/product\/5395"}],"collection":[{"href":"https:\/\/www.enapp.gov.ao\/index.php?rest_route=\/wp\/v2\/product"}],"about":[{"href":"https:\/\/www.enapp.gov.ao\/index.php?rest_route=\/wp\/v2\/types\/product"}],"replies":[{"embeddable":true,"href":"https:\/\/www.enapp.gov.ao\/index.php?rest_route=%2Fwp%2Fv2%2Fcomments&post=5395"}],"wp:featuredmedia":[{"embeddable":true,"href":"https:\/\/www.enapp.gov.ao\/index.php?rest_route=\/wp\/v2\/media\/6193"}],"wp:attachment":[{"href":"https:\/\/www.enapp.gov.ao\/index.php?rest_route=%2Fwp%2Fv2%2Fmedia&parent=5395"}],"curies":[{"name":"wp","href":"https:\/\/api.w.org\/{rel}","templated":true}]}}