{"id":5400,"date":"2021-05-27T14:15:06","date_gmt":"2021-05-27T14:15:06","guid":{"rendered":"https:\/\/www.enapp.gov.ao\/?post_type=product&#038;p=5400"},"modified":"2021-06-21T14:05:00","modified_gmt":"2021-06-21T14:05:00","slug":"tramitacao-dos-procedimentos-de-contratacao-publica","status":"publish","type":"product","link":"https:\/\/www.enapp.gov.ao\/?product=tramitacao-dos-procedimentos-de-contratacao-publica","title":{"rendered":"Tramita\u00e7\u00e3o dos Procedimentos de Contrata\u00e7\u00e3o P\u00fablica"},"content":{"rendered":"","protected":false},"excerpt":{"rendered":"<p><strong>Objectivos:<\/strong><\/p>\n<p>Conhecer os procedimentos de forma\u00e7\u00e3o dos contratos.<\/p>\n<p><strong>Requisitos:<\/strong><\/p>\n<p>Ser gestor p\u00fablico, respons\u00e1vel, t\u00e9cnico do GEPE, do Gabinete Jur\u00eddico, da Unidade de Contrata\u00e7\u00e3o P\u00fablica ou Secret\u00e1rio Geral dos \u00f3rg\u00e3os da Administra\u00e7\u00e3o Local do Estado, empresas p\u00fablicas e privadas.<\/p>\n<p><strong>Carga hor\u00e1ria:<\/strong><\/p>\n<p>40 horas<\/p>\n","protected":false},"featured_media":6176,"comment_status":"open","ping_status":"closed","template":"","meta":[],"_links":{"self":[{"href":"https:\/\/www.enapp.gov.ao\/index.php?rest_route=\/wp\/v2\/product\/5400"}],"collection":[{"href":"https:\/\/www.enapp.gov.ao\/index.php?rest_route=\/wp\/v2\/product"}],"about":[{"href":"https:\/\/www.enapp.gov.ao\/index.php?rest_route=\/wp\/v2\/types\/product"}],"replies":[{"embeddable":true,"href":"https:\/\/www.enapp.gov.ao\/index.php?rest_route=%2Fwp%2Fv2%2Fcomments&post=5400"}],"wp:featuredmedia":[{"embeddable":true,"href":"https:\/\/www.enapp.gov.ao\/index.php?rest_route=\/wp\/v2\/media\/6176"}],"wp:attachment":[{"href":"https:\/\/www.enapp.gov.ao\/index.php?rest_route=%2Fwp%2Fv2%2Fmedia&parent=5400"}],"curies":[{"name":"wp","href":"https:\/\/api.w.org\/{rel}","templated":true}]}}