{"id":5403,"date":"2021-05-27T14:23:50","date_gmt":"2021-05-27T14:23:50","guid":{"rendered":"https:\/\/www.enapp.gov.ao\/?post_type=product&#038;p=5403"},"modified":"2021-06-09T15:23:36","modified_gmt":"2021-06-09T15:23:36","slug":"gestao-de-projectos","status":"publish","type":"product","link":"https:\/\/www.enapp.gov.ao\/?product=gestao-de-projectos","title":{"rendered":"Gest\u00e3o de Projectos"},"content":{"rendered":"","protected":false},"excerpt":{"rendered":"<p><strong>Objectivos:<\/strong><\/p>\n<p>Compreender o processo da gest\u00e3o de projectos.<\/p>\n<p><strong>Requisitos:<\/strong><\/p>\n<p>Respons\u00e1vel, t\u00e9cnico do GEPE, do Gabinete Jur\u00eddico, da Unidade de Contrata\u00e7\u00e3o P\u00fablica ou dos \u00f3rg\u00e3os da Administra\u00e7\u00e3o Local do Estado.<\/p>\n<p><strong>Carga hor\u00e1ria:<\/strong><\/p>\n<p>20 horas<\/p>\n","protected":false},"featured_media":6041,"comment_status":"open","ping_status":"closed","template":"","meta":[],"_links":{"self":[{"href":"https:\/\/www.enapp.gov.ao\/index.php?rest_route=\/wp\/v2\/product\/5403"}],"collection":[{"href":"https:\/\/www.enapp.gov.ao\/index.php?rest_route=\/wp\/v2\/product"}],"about":[{"href":"https:\/\/www.enapp.gov.ao\/index.php?rest_route=\/wp\/v2\/types\/product"}],"replies":[{"embeddable":true,"href":"https:\/\/www.enapp.gov.ao\/index.php?rest_route=%2Fwp%2Fv2%2Fcomments&post=5403"}],"wp:featuredmedia":[{"embeddable":true,"href":"https:\/\/www.enapp.gov.ao\/index.php?rest_route=\/wp\/v2\/media\/6041"}],"wp:attachment":[{"href":"https:\/\/www.enapp.gov.ao\/index.php?rest_route=%2Fwp%2Fv2%2Fmedia&parent=5403"}],"curies":[{"name":"wp","href":"https:\/\/api.w.org\/{rel}","templated":true}]}}