{"id":5404,"date":"2021-05-27T14:26:37","date_gmt":"2021-05-27T14:26:37","guid":{"rendered":"https:\/\/www.enapp.gov.ao\/?post_type=product&#038;p=5404"},"modified":"2022-12-07T10:56:52","modified_gmt":"2022-12-07T10:56:52","slug":"contratacao-electronica-na-optica-da-epc","status":"publish","type":"product","link":"https:\/\/www.enapp.gov.ao\/?product=contratacao-electronica-na-optica-da-epc","title":{"rendered":"Contrata\u00e7\u00e3o Electr\u00f3nica na \u00d3ptica da EPC"},"content":{"rendered":"","protected":false},"excerpt":{"rendered":"<p><strong>Objectivos:<\/strong><\/p>\n<p>Dotar habilidades para manuseamento da Contrata\u00e7\u00e3o Electr\u00f3nica na \u00d3ptica da EPC.<\/p>\n<p><strong>Requisitos:<\/strong><\/p>\n<p>Ser respons\u00e1vel ou t\u00e9cnico do GEPE ou da Unidade da Contrata\u00e7\u00e3o P\u00fablica dos \u00f3rg\u00e3os da Administra\u00e7\u00e3o Central e Local do Estado.<\/p>\n<p><strong>Carga hor\u00e1ria:<\/strong><\/p>\n<p>20 horas<\/p>\n","protected":false},"featured_media":6169,"comment_status":"open","ping_status":"closed","template":"","meta":[],"_links":{"self":[{"href":"https:\/\/www.enapp.gov.ao\/index.php?rest_route=\/wp\/v2\/product\/5404"}],"collection":[{"href":"https:\/\/www.enapp.gov.ao\/index.php?rest_route=\/wp\/v2\/product"}],"about":[{"href":"https:\/\/www.enapp.gov.ao\/index.php?rest_route=\/wp\/v2\/types\/product"}],"replies":[{"embeddable":true,"href":"https:\/\/www.enapp.gov.ao\/index.php?rest_route=%2Fwp%2Fv2%2Fcomments&post=5404"}],"wp:featuredmedia":[{"embeddable":true,"href":"https:\/\/www.enapp.gov.ao\/index.php?rest_route=\/wp\/v2\/media\/6169"}],"wp:attachment":[{"href":"https:\/\/www.enapp.gov.ao\/index.php?rest_route=%2Fwp%2Fv2%2Fmedia&parent=5404"}],"curies":[{"name":"wp","href":"https:\/\/api.w.org\/{rel}","templated":true}]}}