{"id":5421,"date":"2021-05-27T14:46:05","date_gmt":"2021-05-27T14:46:05","guid":{"rendered":"https:\/\/www.enapp.gov.ao\/?post_type=product&#038;p=5421"},"modified":"2021-06-03T13:32:13","modified_gmt":"2021-06-03T13:32:13","slug":"gestao-publica-nivel-a","status":"publish","type":"product","link":"https:\/\/www.enapp.gov.ao\/?product=gestao-publica-nivel-a","title":{"rendered":"Gest\u00e3o P\u00fablica N\u00edvel A"},"content":{"rendered":"","protected":false},"excerpt":{"rendered":"<p><strong>Objectivos:<\/strong><\/p>\n<p>Este curso disp\u00f5e de um conjunto de mat\u00e9rias essenciais para refrescar os participantes e dot\u00e1-los das ferramentas necess\u00e1rias para melhor realizarem as suas tarefas. Faz uma incurs\u00e3o em quest\u00f5es de pendor \u00e9tico, de lideran\u00e7a, moderniza\u00e7\u00e3o dos servi\u00e7os, planeamento estrat\u00e9gico, entre outros. \u00c9 um curso de grande utilidade porque garante a reinven\u00e7\u00e3o e prepara\u00e7\u00e3o dos destinat\u00e1rios para os desafios da actualidade.<\/p>\n<p>&nbsp;<\/p>\n<p><strong>Requisitos:<\/strong><\/p>\n<p>S\u00e3o eleg\u00edveis para esta forma\u00e7\u00e3o todos os Directores Nacionais e equiparados em fun\u00e7\u00f5es a mais de tr\u00eas anos<\/p>\n<p><strong>\u00a0<\/strong><strong>Carga Hor\u00e1ria <\/strong><\/p>\n<p>50 horas<\/p>\n","protected":false},"featured_media":5895,"comment_status":"open","ping_status":"closed","template":"","meta":[],"_links":{"self":[{"href":"https:\/\/www.enapp.gov.ao\/index.php?rest_route=\/wp\/v2\/product\/5421"}],"collection":[{"href":"https:\/\/www.enapp.gov.ao\/index.php?rest_route=\/wp\/v2\/product"}],"about":[{"href":"https:\/\/www.enapp.gov.ao\/index.php?rest_route=\/wp\/v2\/types\/product"}],"replies":[{"embeddable":true,"href":"https:\/\/www.enapp.gov.ao\/index.php?rest_route=%2Fwp%2Fv2%2Fcomments&post=5421"}],"wp:featuredmedia":[{"embeddable":true,"href":"https:\/\/www.enapp.gov.ao\/index.php?rest_route=\/wp\/v2\/media\/5895"}],"wp:attachment":[{"href":"https:\/\/www.enapp.gov.ao\/index.php?rest_route=%2Fwp%2Fv2%2Fmedia&parent=5421"}],"curies":[{"name":"wp","href":"https:\/\/api.w.org\/{rel}","templated":true}]}}