{"id":5427,"date":"2021-05-27T14:52:13","date_gmt":"2021-05-27T14:52:13","guid":{"rendered":"https:\/\/www.enapp.gov.ao\/?post_type=product&#038;p=5427"},"modified":"2021-06-03T13:24:08","modified_gmt":"2021-06-03T13:24:08","slug":"formacao-inicial-para-quadros-superiores","status":"publish","type":"product","link":"https:\/\/www.enapp.gov.ao\/?product=formacao-inicial-para-quadros-superiores","title":{"rendered":"Forma\u00e7\u00e3o Inicial para Quadros Superiores"},"content":{"rendered":"","protected":false},"excerpt":{"rendered":"<p><strong>Objectivos:<\/strong><\/p>\n<p>Qualificar e dotar os quadros superiores da Administra\u00e7\u00e3o P\u00fablica, rec\u00e9m admitidos, para que a t\u00edtulo de forma\u00e7\u00e3o inicial sejam familiarizados com os temas e assuntos fulcrais que norteiam a actividade e o funcionamento da Administra\u00e7\u00e3o P\u00fablica.<\/p>\n<p><strong>Requisitos<\/strong><\/p>\n<p>Ser t\u00e9cnico superior rec\u00e9m admitido na fun\u00e7\u00e3o p\u00fablica.<\/p>\n<p><strong>Carga Hor\u00e1ria <\/strong><\/p>\n<p>68 horas<\/p>\n","protected":false},"featured_media":5894,"comment_status":"open","ping_status":"closed","template":"","meta":[],"_links":{"self":[{"href":"https:\/\/www.enapp.gov.ao\/index.php?rest_route=\/wp\/v2\/product\/5427"}],"collection":[{"href":"https:\/\/www.enapp.gov.ao\/index.php?rest_route=\/wp\/v2\/product"}],"about":[{"href":"https:\/\/www.enapp.gov.ao\/index.php?rest_route=\/wp\/v2\/types\/product"}],"replies":[{"embeddable":true,"href":"https:\/\/www.enapp.gov.ao\/index.php?rest_route=%2Fwp%2Fv2%2Fcomments&post=5427"}],"wp:featuredmedia":[{"embeddable":true,"href":"https:\/\/www.enapp.gov.ao\/index.php?rest_route=\/wp\/v2\/media\/5894"}],"wp:attachment":[{"href":"https:\/\/www.enapp.gov.ao\/index.php?rest_route=%2Fwp%2Fv2%2Fmedia&parent=5427"}],"curies":[{"name":"wp","href":"https:\/\/api.w.org\/{rel}","templated":true}]}}