{"id":5429,"date":"2021-05-27T14:53:56","date_gmt":"2021-05-27T14:53:56","guid":{"rendered":"https:\/\/www.enapp.gov.ao\/?post_type=product&#038;p=5429"},"modified":"2021-06-03T13:20:58","modified_gmt":"2021-06-03T13:20:58","slug":"formacao-inicial-para-quadros-medios","status":"publish","type":"product","link":"https:\/\/www.enapp.gov.ao\/?product=formacao-inicial-para-quadros-medios","title":{"rendered":"Forma\u00e7\u00e3o Inicial para Quadros M\u00e9dios"},"content":{"rendered":"","protected":false},"excerpt":{"rendered":"<p><strong>Objectivos:<\/strong><\/p>\n<p>Proporcionar forma\u00e7\u00e3o actualizada em gest\u00e3o p\u00fablica nos dom\u00ednios que requerem aplica\u00e7\u00e3o de t\u00e9cnicas e m\u00e9todos de trabalho transversais \u00e0 Administra\u00e7\u00e3o, e desenvolver capacidade de chefia para coordena\u00e7\u00e3o de outros profissionais, bem como compet\u00eancias de comunica\u00e7\u00e3o e trabalho em equipa.<\/p>\n<p><strong>Requisitos:<\/strong><\/p>\n<p>Ser t\u00e9cnico m\u00e9dio rec\u00e9m admitido na fun\u00e7\u00e3o p\u00fablica.<\/p>\n<p><strong>Carga Hor\u00e1ria:<\/strong><\/p>\n<p>88 horas<\/p>\n","protected":false},"featured_media":5893,"comment_status":"open","ping_status":"closed","template":"","meta":[],"_links":{"self":[{"href":"https:\/\/www.enapp.gov.ao\/index.php?rest_route=\/wp\/v2\/product\/5429"}],"collection":[{"href":"https:\/\/www.enapp.gov.ao\/index.php?rest_route=\/wp\/v2\/product"}],"about":[{"href":"https:\/\/www.enapp.gov.ao\/index.php?rest_route=\/wp\/v2\/types\/product"}],"replies":[{"embeddable":true,"href":"https:\/\/www.enapp.gov.ao\/index.php?rest_route=%2Fwp%2Fv2%2Fcomments&post=5429"}],"wp:featuredmedia":[{"embeddable":true,"href":"https:\/\/www.enapp.gov.ao\/index.php?rest_route=\/wp\/v2\/media\/5893"}],"wp:attachment":[{"href":"https:\/\/www.enapp.gov.ao\/index.php?rest_route=%2Fwp%2Fv2%2Fmedia&parent=5429"}],"curies":[{"name":"wp","href":"https:\/\/api.w.org\/{rel}","templated":true}]}}