{"id":5430,"date":"2021-05-27T14:56:00","date_gmt":"2021-05-27T14:56:00","guid":{"rendered":"https:\/\/www.enapp.gov.ao\/?post_type=product&#038;p=5430"},"modified":"2021-06-03T13:21:07","modified_gmt":"2021-06-03T13:21:07","slug":"gestao-de-recursos-humanos-e-desenvolvimento-de-pessoal","status":"publish","type":"product","link":"https:\/\/www.enapp.gov.ao\/?product=gestao-de-recursos-humanos-e-desenvolvimento-de-pessoal","title":{"rendered":"Gest\u00e3o de Recursos Humanos e Desenvolvimento de Pessoal"},"content":{"rendered":"","protected":false},"excerpt":{"rendered":"<p><strong>Objectivos:<\/strong><strong>\u00a0<\/strong><\/p>\n<p>Dotar os participantes das principais compet\u00eancias t\u00e9cnicas no dom\u00ednio da gest\u00e3o de quadros de pessoal, recrutamento, acolhimento, mobilidade, avalia\u00e7\u00e3o de desempenho, forma\u00e7\u00e3o e desenvolvimento de compet\u00eancias, bem como na aplica\u00e7\u00e3o dos instrumentos jur\u00eddicos sobre f\u00e9rias, faltas e licen\u00e7as, regime disciplinar e sistema retributivo.<\/p>\n<p><strong>\u00a0<\/strong><strong>Requisitos:<\/strong><\/p>\n<p>Servidores p\u00fablicos afectos \u00e0 \u00e1rea de Recursos Humanos.<\/p>\n<p><strong>Carga Hor\u00e1ria: <\/strong><\/p>\n<p>120 horas<\/p>\n","protected":false},"featured_media":5889,"comment_status":"open","ping_status":"closed","template":"","meta":[],"_links":{"self":[{"href":"https:\/\/www.enapp.gov.ao\/index.php?rest_route=\/wp\/v2\/product\/5430"}],"collection":[{"href":"https:\/\/www.enapp.gov.ao\/index.php?rest_route=\/wp\/v2\/product"}],"about":[{"href":"https:\/\/www.enapp.gov.ao\/index.php?rest_route=\/wp\/v2\/types\/product"}],"replies":[{"embeddable":true,"href":"https:\/\/www.enapp.gov.ao\/index.php?rest_route=%2Fwp%2Fv2%2Fcomments&post=5430"}],"wp:featuredmedia":[{"embeddable":true,"href":"https:\/\/www.enapp.gov.ao\/index.php?rest_route=\/wp\/v2\/media\/5889"}],"wp:attachment":[{"href":"https:\/\/www.enapp.gov.ao\/index.php?rest_route=%2Fwp%2Fv2%2Fmedia&parent=5430"}],"curies":[{"name":"wp","href":"https:\/\/api.w.org\/{rel}","templated":true}]}}