{"id":5435,"date":"2021-05-27T15:09:58","date_gmt":"2021-05-27T15:09:58","guid":{"rendered":"https:\/\/www.enapp.gov.ao\/?post_type=product&#038;p=5435"},"modified":"2021-06-03T13:21:29","modified_gmt":"2021-06-03T13:21:29","slug":"excel-para-gestao","status":"publish","type":"product","link":"https:\/\/www.enapp.gov.ao\/?product=excel-para-gestao","title":{"rendered":"Excel para Gest\u00e3o"},"content":{"rendered":"<p>&nbsp;<\/p>\n<p><strong>\u00a0<\/strong><\/p>\n<p>&nbsp;<\/p>\n","protected":false},"excerpt":{"rendered":"<p><strong>Objectivos:<\/strong><\/p>\n<p>Dotar os profissionais de conhecimento sobre Microsoft Excel, n\u00e3o apenas como ferramenta de trabalho, mas como ferramenta de apoio e de melhoria de resultados.<\/p>\n<p><strong>Requisitos:<\/strong><\/p>\n<p>Servidores p\u00fablicos e n\u00e3o s\u00f3 que utilizam o Microsoft Excel como ferramenta de trabalho e necessitem de conhecimentos mais profundos.<\/p>\n<p><strong>Carga Hor\u00e1ria:<\/strong><\/p>\n<p><strong>\u00a0<\/strong>40 horas<\/p>\n","protected":false},"featured_media":5892,"comment_status":"open","ping_status":"closed","template":"","meta":[],"_links":{"self":[{"href":"https:\/\/www.enapp.gov.ao\/index.php?rest_route=\/wp\/v2\/product\/5435"}],"collection":[{"href":"https:\/\/www.enapp.gov.ao\/index.php?rest_route=\/wp\/v2\/product"}],"about":[{"href":"https:\/\/www.enapp.gov.ao\/index.php?rest_route=\/wp\/v2\/types\/product"}],"replies":[{"embeddable":true,"href":"https:\/\/www.enapp.gov.ao\/index.php?rest_route=%2Fwp%2Fv2%2Fcomments&post=5435"}],"wp:featuredmedia":[{"embeddable":true,"href":"https:\/\/www.enapp.gov.ao\/index.php?rest_route=\/wp\/v2\/media\/5892"}],"wp:attachment":[{"href":"https:\/\/www.enapp.gov.ao\/index.php?rest_route=%2Fwp%2Fv2%2Fmedia&parent=5435"}],"curies":[{"name":"wp","href":"https:\/\/api.w.org\/{rel}","templated":true}]}}