{"id":5436,"date":"2021-05-27T15:13:41","date_gmt":"2021-05-27T15:13:41","guid":{"rendered":"https:\/\/www.enapp.gov.ao\/?post_type=product&#038;p=5436"},"modified":"2021-06-03T13:47:21","modified_gmt":"2021-06-03T13:47:21","slug":"curso-sobre-gestao-municipal-e-de-unidades-urbanas","status":"publish","type":"product","link":"https:\/\/www.enapp.gov.ao\/?product=curso-sobre-gestao-municipal-e-de-unidades-urbanas","title":{"rendered":"Curso sobre Gest\u00e3o Municipal e de Unidades Urbanas"},"content":{"rendered":"","protected":false},"excerpt":{"rendered":"<p><strong>Objectivos:<\/strong><\/p>\n<p>Dotar aos formandos de mat\u00e9rias que regulam a organiza\u00e7\u00e3o e funcionamento da Administra\u00e7\u00e3o Local do Estado.<\/p>\n<p><strong>Requisitos: <\/strong><\/p>\n<p>Os participantes deste programa devem necessariamente ocupar cargos de direc\u00e7\u00e3o e lideran\u00e7a a n\u00edvel das Administra\u00e7\u00f5es Municipais, Distritais e Comunais.<\/p>\n<p>&nbsp;<\/p>\n<p><strong>Carga hor\u00e1ria:\u00a0<\/strong><\/p>\n<p>85 horas<\/p>\n","protected":false},"featured_media":5909,"comment_status":"open","ping_status":"closed","template":"","meta":[],"_links":{"self":[{"href":"https:\/\/www.enapp.gov.ao\/index.php?rest_route=\/wp\/v2\/product\/5436"}],"collection":[{"href":"https:\/\/www.enapp.gov.ao\/index.php?rest_route=\/wp\/v2\/product"}],"about":[{"href":"https:\/\/www.enapp.gov.ao\/index.php?rest_route=\/wp\/v2\/types\/product"}],"replies":[{"embeddable":true,"href":"https:\/\/www.enapp.gov.ao\/index.php?rest_route=%2Fwp%2Fv2%2Fcomments&post=5436"}],"wp:featuredmedia":[{"embeddable":true,"href":"https:\/\/www.enapp.gov.ao\/index.php?rest_route=\/wp\/v2\/media\/5909"}],"wp:attachment":[{"href":"https:\/\/www.enapp.gov.ao\/index.php?rest_route=%2Fwp%2Fv2%2Fmedia&parent=5436"}],"curies":[{"name":"wp","href":"https:\/\/api.w.org\/{rel}","templated":true}]}}