{"id":5440,"date":"2021-05-27T15:20:17","date_gmt":"2021-05-27T15:20:17","guid":{"rendered":"https:\/\/www.enapp.gov.ao\/?post_type=product&#038;p=5440"},"modified":"2022-08-18T09:16:28","modified_gmt":"2022-08-18T09:16:28","slug":"fiscalizacao-e-transgressoes-administrativas","status":"publish","type":"product","link":"https:\/\/www.enapp.gov.ao\/?product=fiscalizacao-e-transgressoes-administrativas","title":{"rendered":"Fiscaliza\u00e7\u00e3o e Transgress\u00f5es Administrativas"},"content":{"rendered":"","protected":false},"excerpt":{"rendered":"<p><strong>Objectivos:<\/strong><\/p>\n<p>Melhorar a actua\u00e7\u00e3o dos agentes de fiscaliza\u00e7\u00e3o das Transgress\u00f5es Administrativas;<\/p>\n<p><strong>Requisitos:<\/strong><\/p>\n<p>Funcion\u00e1rios da administra\u00e7\u00e3o Municipal, afectos a Direc\u00e7\u00e3o de Fiscaliza\u00e7\u00e3o e Transgress\u00f5es Administrativas.<\/p>\n<p><strong>Carga hor\u00e1ria:<\/strong><\/p>\n<p>40 horas<\/p>\n","protected":false},"featured_media":5911,"comment_status":"open","ping_status":"closed","template":"","meta":[],"_links":{"self":[{"href":"https:\/\/www.enapp.gov.ao\/index.php?rest_route=\/wp\/v2\/product\/5440"}],"collection":[{"href":"https:\/\/www.enapp.gov.ao\/index.php?rest_route=\/wp\/v2\/product"}],"about":[{"href":"https:\/\/www.enapp.gov.ao\/index.php?rest_route=\/wp\/v2\/types\/product"}],"replies":[{"embeddable":true,"href":"https:\/\/www.enapp.gov.ao\/index.php?rest_route=%2Fwp%2Fv2%2Fcomments&post=5440"}],"wp:featuredmedia":[{"embeddable":true,"href":"https:\/\/www.enapp.gov.ao\/index.php?rest_route=\/wp\/v2\/media\/5911"}],"wp:attachment":[{"href":"https:\/\/www.enapp.gov.ao\/index.php?rest_route=%2Fwp%2Fv2%2Fmedia&parent=5440"}],"curies":[{"name":"wp","href":"https:\/\/api.w.org\/{rel}","templated":true}]}}