{"id":5445,"date":"2021-05-27T15:39:58","date_gmt":"2021-05-27T15:39:58","guid":{"rendered":"https:\/\/www.enapp.gov.ao\/?post_type=product&#038;p=5445"},"modified":"2021-06-03T12:11:04","modified_gmt":"2021-06-03T12:11:04","slug":"regras-de-planificacao-e-orcamentacao","status":"publish","type":"product","link":"https:\/\/www.enapp.gov.ao\/?product=regras-de-planificacao-e-orcamentacao","title":{"rendered":"Regras de Planifica\u00e7\u00e3o e Or\u00e7amenta\u00e7\u00e3o"},"content":{"rendered":"","protected":false},"excerpt":{"rendered":"<p><strong>Objectivos:<\/strong><\/p>\n<p>Pretende-se que os formandos adquiram compet\u00eancias suficientes para contribuir na elabora\u00e7\u00e3o de um Or\u00e7amento Geral do Estado (OGE), bem como poderem exercer o seu real papel fiscalizador no controle dos programas e projectos de cada ano econ\u00f3mico.<\/p>\n<p><b>Requisitos<\/b><strong>:<\/strong><\/p>\n<p>Licenciatura ou Bacharelato<\/p>\n<p><strong>Carga hor\u00e1ria:<\/strong><\/p>\n<p>16 horas<\/p>\n","protected":false},"featured_media":5845,"comment_status":"open","ping_status":"closed","template":"","meta":[],"_links":{"self":[{"href":"https:\/\/www.enapp.gov.ao\/index.php?rest_route=\/wp\/v2\/product\/5445"}],"collection":[{"href":"https:\/\/www.enapp.gov.ao\/index.php?rest_route=\/wp\/v2\/product"}],"about":[{"href":"https:\/\/www.enapp.gov.ao\/index.php?rest_route=\/wp\/v2\/types\/product"}],"replies":[{"embeddable":true,"href":"https:\/\/www.enapp.gov.ao\/index.php?rest_route=%2Fwp%2Fv2%2Fcomments&post=5445"}],"wp:featuredmedia":[{"embeddable":true,"href":"https:\/\/www.enapp.gov.ao\/index.php?rest_route=\/wp\/v2\/media\/5845"}],"wp:attachment":[{"href":"https:\/\/www.enapp.gov.ao\/index.php?rest_route=%2Fwp%2Fv2%2Fmedia&parent=5445"}],"curies":[{"name":"wp","href":"https:\/\/api.w.org\/{rel}","templated":true}]}}