{"id":5446,"date":"2021-05-27T15:43:21","date_gmt":"2021-05-27T15:43:21","guid":{"rendered":"https:\/\/www.enapp.gov.ao\/?post_type=product&#038;p=5446"},"modified":"2021-06-03T12:08:51","modified_gmt":"2021-06-03T12:08:51","slug":"integridade-institucional","status":"publish","type":"product","link":"https:\/\/www.enapp.gov.ao\/?product=integridade-institucional","title":{"rendered":"Integridade Institucional"},"content":{"rendered":"","protected":false},"excerpt":{"rendered":"<p><strong>Objectivos:<\/strong><\/p>\n<p>Esta forma\u00e7\u00e3o tem o objectivo de fornecer aos participantes conhecimentos sobre estrat\u00e9gias de combate \u00e0 corrup\u00e7\u00e3o, bem como Integridade Institucional e Compliance na Administra\u00e7\u00e3o P\u00fablica angolana.<\/p>\n<p><strong>Requisitos:<\/strong><\/p>\n<p>Licenciatura ou Bacharelato<\/p>\n<p><strong>Carga hor\u00e1ria:<\/strong> 16 horas<\/p>\n","protected":false},"featured_media":5844,"comment_status":"open","ping_status":"closed","template":"","meta":[],"_links":{"self":[{"href":"https:\/\/www.enapp.gov.ao\/index.php?rest_route=\/wp\/v2\/product\/5446"}],"collection":[{"href":"https:\/\/www.enapp.gov.ao\/index.php?rest_route=\/wp\/v2\/product"}],"about":[{"href":"https:\/\/www.enapp.gov.ao\/index.php?rest_route=\/wp\/v2\/types\/product"}],"replies":[{"embeddable":true,"href":"https:\/\/www.enapp.gov.ao\/index.php?rest_route=%2Fwp%2Fv2%2Fcomments&post=5446"}],"wp:featuredmedia":[{"embeddable":true,"href":"https:\/\/www.enapp.gov.ao\/index.php?rest_route=\/wp\/v2\/media\/5844"}],"wp:attachment":[{"href":"https:\/\/www.enapp.gov.ao\/index.php?rest_route=%2Fwp%2Fv2%2Fmedia&parent=5446"}],"curies":[{"name":"wp","href":"https:\/\/api.w.org\/{rel}","templated":true}]}}