{"id":5449,"date":"2021-05-27T15:50:51","date_gmt":"2021-05-27T15:50:51","guid":{"rendered":"https:\/\/www.enapp.gov.ao\/?post_type=product&#038;p=5449"},"modified":"2021-06-03T12:00:07","modified_gmt":"2021-06-03T12:00:07","slug":"contratacao-publica-na-optica-do-contratante","status":"publish","type":"product","link":"https:\/\/www.enapp.gov.ao\/?product=contratacao-publica-na-optica-do-contratante","title":{"rendered":"Contrata\u00e7\u00e3o P\u00fablica na \u00d3ptica do Contratante"},"content":{"rendered":"","protected":false},"excerpt":{"rendered":"<p><strong>Objectivos:<\/strong><\/p>\n<p>Esta forma\u00e7\u00e3o visa capacitar os Gestores P\u00fablicos de conhecimentos em mat\u00e9rias da contrata\u00e7\u00e3o p\u00fablica, para responderem aos desafios colocados pela complexa actividade de gest\u00e3o dos recursos p\u00fablicos por via da actividade de contrata\u00e7\u00e3o p\u00fablica, tendo em vista a melhoria da qualidade da despesa p\u00fablica.<\/p>\n<p>&nbsp;<\/p>\n<p><strong>Requisitos:<\/strong><\/p>\n<p>Licenciatura ou Bacharelato<\/p>\n<p><strong>Carga hor\u00e1ria:<\/strong> 16 horas<\/p>\n","protected":false},"featured_media":5840,"comment_status":"open","ping_status":"closed","template":"","meta":[],"_links":{"self":[{"href":"https:\/\/www.enapp.gov.ao\/index.php?rest_route=\/wp\/v2\/product\/5449"}],"collection":[{"href":"https:\/\/www.enapp.gov.ao\/index.php?rest_route=\/wp\/v2\/product"}],"about":[{"href":"https:\/\/www.enapp.gov.ao\/index.php?rest_route=\/wp\/v2\/types\/product"}],"replies":[{"embeddable":true,"href":"https:\/\/www.enapp.gov.ao\/index.php?rest_route=%2Fwp%2Fv2%2Fcomments&post=5449"}],"wp:featuredmedia":[{"embeddable":true,"href":"https:\/\/www.enapp.gov.ao\/index.php?rest_route=\/wp\/v2\/media\/5840"}],"wp:attachment":[{"href":"https:\/\/www.enapp.gov.ao\/index.php?rest_route=%2Fwp%2Fv2%2Fmedia&parent=5449"}],"curies":[{"name":"wp","href":"https:\/\/api.w.org\/{rel}","templated":true}]}}