{"id":5450,"date":"2021-05-27T15:52:46","date_gmt":"2021-05-27T15:52:46","guid":{"rendered":"https:\/\/www.enapp.gov.ao\/?post_type=product&#038;p=5450"},"modified":"2021-06-03T12:11:00","modified_gmt":"2021-06-03T12:11:00","slug":"desenvolvimento-em-lideranca-estrategica","status":"publish","type":"product","link":"https:\/\/www.enapp.gov.ao\/?product=desenvolvimento-em-lideranca-estrategica","title":{"rendered":"Desenvolvimento em Lideran\u00e7a Estrat\u00e9gica"},"content":{"rendered":"","protected":false},"excerpt":{"rendered":"<p><strong>Objectivos:<\/strong><\/p>\n<p>Pretende-se preparar os formandos para assumirem fun\u00e7\u00f5es de maior responsabilidade aos n\u00edveis t\u00e1ctico ou estrat\u00e9gico, aumentando a capacidade de tomar decis\u00f5es ou de construir projectos e estrat\u00e9gias com a participa\u00e7\u00e3o dos colaboradores.<\/p>\n<p><strong>Requisitos:<\/strong><\/p>\n<p>Licenciatura ou Bacharelato<\/p>\n<p><strong>Carga hor\u00e1ria:<\/strong> 16 horas<\/p>\n","protected":false},"featured_media":5842,"comment_status":"open","ping_status":"closed","template":"","meta":[],"_links":{"self":[{"href":"https:\/\/www.enapp.gov.ao\/index.php?rest_route=\/wp\/v2\/product\/5450"}],"collection":[{"href":"https:\/\/www.enapp.gov.ao\/index.php?rest_route=\/wp\/v2\/product"}],"about":[{"href":"https:\/\/www.enapp.gov.ao\/index.php?rest_route=\/wp\/v2\/types\/product"}],"replies":[{"embeddable":true,"href":"https:\/\/www.enapp.gov.ao\/index.php?rest_route=%2Fwp%2Fv2%2Fcomments&post=5450"}],"wp:featuredmedia":[{"embeddable":true,"href":"https:\/\/www.enapp.gov.ao\/index.php?rest_route=\/wp\/v2\/media\/5842"}],"wp:attachment":[{"href":"https:\/\/www.enapp.gov.ao\/index.php?rest_route=%2Fwp%2Fv2%2Fmedia&parent=5450"}],"curies":[{"name":"wp","href":"https:\/\/api.w.org\/{rel}","templated":true}]}}