{"id":5452,"date":"2021-05-27T15:58:27","date_gmt":"2021-05-27T15:58:27","guid":{"rendered":"https:\/\/www.enapp.gov.ao\/?post_type=product&#038;p=5452"},"modified":"2022-12-07T10:55:54","modified_gmt":"2022-12-07T10:55:54","slug":"cyber-seguranca-na-era-da-digitalizacao-da-informacao-e-da-comunicacao","status":"publish","type":"product","link":"https:\/\/www.enapp.gov.ao\/?product=cyber-seguranca-na-era-da-digitalizacao-da-informacao-e-da-comunicacao","title":{"rendered":"Cyber Seguran\u00e7a na Era da Digitaliza\u00e7\u00e3o, da Informa\u00e7\u00e3o e da Comunica\u00e7\u00e3o"},"content":{"rendered":"","protected":false},"excerpt":{"rendered":"<p><strong>Objectivos<\/strong>:<\/p>\n<p>Esta forma\u00e7\u00e3o visa capacitar o Capital Humano que lida com a informa\u00e7\u00e3o sens\u00edvel produzida pelas organiza\u00e7\u00f5es, dotando-lhes de ferramentas e t\u00e9cnicas necess\u00e1rias para cuidar e proteger a informa\u00e7\u00e3o de poss\u00edveis vazamentos e ataques cibern\u00e9ticos.<\/p>\n<p><strong>Requisitos<\/strong>:<\/p>\n<p>Licenciatura ou Bacharelato<\/p>\n<p><strong>Carga hor\u00e1ria:<\/strong> 16 horas.<\/p>\n","protected":false},"featured_media":5841,"comment_status":"open","ping_status":"closed","template":"","meta":[],"_links":{"self":[{"href":"https:\/\/www.enapp.gov.ao\/index.php?rest_route=\/wp\/v2\/product\/5452"}],"collection":[{"href":"https:\/\/www.enapp.gov.ao\/index.php?rest_route=\/wp\/v2\/product"}],"about":[{"href":"https:\/\/www.enapp.gov.ao\/index.php?rest_route=\/wp\/v2\/types\/product"}],"replies":[{"embeddable":true,"href":"https:\/\/www.enapp.gov.ao\/index.php?rest_route=%2Fwp%2Fv2%2Fcomments&post=5452"}],"wp:featuredmedia":[{"embeddable":true,"href":"https:\/\/www.enapp.gov.ao\/index.php?rest_route=\/wp\/v2\/media\/5841"}],"wp:attachment":[{"href":"https:\/\/www.enapp.gov.ao\/index.php?rest_route=%2Fwp%2Fv2%2Fmedia&parent=5452"}],"curies":[{"name":"wp","href":"https:\/\/api.w.org\/{rel}","templated":true}]}}