{"id":5453,"date":"2021-05-27T16:00:50","date_gmt":"2021-05-27T16:00:50","guid":{"rendered":"https:\/\/www.enapp.gov.ao\/?post_type=product&#038;p=5453"},"modified":"2022-08-18T09:46:34","modified_gmt":"2022-08-18T09:46:34","slug":"combate-a-corrupcao","status":"publish","type":"product","link":"https:\/\/www.enapp.gov.ao\/?product=combate-a-corrupcao","title":{"rendered":"Combate \u00e0 Corrup\u00e7\u00e3o"},"content":{"rendered":"","protected":false},"excerpt":{"rendered":"<p><strong>Objectivos<\/strong>:<\/p>\n<p>Esta forma\u00e7\u00e3o visa proporcionar aos participantes conhecimentos pr\u00e1ticos e abrangentes sobre o fen\u00f3meno da corrup\u00e7\u00e3o, formas de preven\u00e7\u00e3o e combate institucional, tanto no plano nacional como no internacional, bem como despertar motiva\u00e7\u00f5es nos participantes no sentido de, ao n\u00edvel das estruturas de governa\u00e7\u00e3o do topo \u00e0 base, adoptarem pr\u00e1ticas e mecanismos inclusivos a curto, m\u00e9dio e longo prazos, com vista \u00e0 preven\u00e7\u00e3o e combate \u00e0 corrup\u00e7\u00e3o.<\/p>\n<p><strong>Requisitos<\/strong>:<\/p>\n<p>Licenciatura ou Bacharelato<\/p>\n<p><strong>Carga hor\u00e1ria:<\/strong><\/p>\n<p>16 horas<\/p>\n","protected":false},"featured_media":5837,"comment_status":"open","ping_status":"closed","template":"","meta":[],"_links":{"self":[{"href":"https:\/\/www.enapp.gov.ao\/index.php?rest_route=\/wp\/v2\/product\/5453"}],"collection":[{"href":"https:\/\/www.enapp.gov.ao\/index.php?rest_route=\/wp\/v2\/product"}],"about":[{"href":"https:\/\/www.enapp.gov.ao\/index.php?rest_route=\/wp\/v2\/types\/product"}],"replies":[{"embeddable":true,"href":"https:\/\/www.enapp.gov.ao\/index.php?rest_route=%2Fwp%2Fv2%2Fcomments&post=5453"}],"wp:featuredmedia":[{"embeddable":true,"href":"https:\/\/www.enapp.gov.ao\/index.php?rest_route=\/wp\/v2\/media\/5837"}],"wp:attachment":[{"href":"https:\/\/www.enapp.gov.ao\/index.php?rest_route=%2Fwp%2Fv2%2Fmedia&parent=5453"}],"curies":[{"name":"wp","href":"https:\/\/api.w.org\/{rel}","templated":true}]}}