{"id":5455,"date":"2021-05-27T16:06:02","date_gmt":"2021-05-27T16:06:02","guid":{"rendered":"https:\/\/www.enapp.gov.ao\/?post_type=product&#038;p=5455"},"modified":"2021-06-03T16:07:36","modified_gmt":"2021-06-03T16:07:36","slug":"gestao-financeira","status":"publish","type":"product","link":"https:\/\/www.enapp.gov.ao\/?product=gestao-financeira","title":{"rendered":"Gest\u00e3o Financeira"},"content":{"rendered":"","protected":false},"excerpt":{"rendered":"<p><strong>Objectivos:<\/strong><\/p>\n<p>Pretende-se que os participantes possam ter um <em>update<\/em> em pr\u00e1ticas procedimentais e de execu\u00e7\u00e3o em mat\u00e9rias de gest\u00e3o financeira.<\/p>\n<p><strong>Requisitos<\/strong>:<\/p>\n<p>Licenciatura ou Bacharelato<\/p>\n<p>Carga hor\u00e1ria: 44 horas<\/p>\n","protected":false},"featured_media":5946,"comment_status":"open","ping_status":"closed","template":"","meta":[],"_links":{"self":[{"href":"https:\/\/www.enapp.gov.ao\/index.php?rest_route=\/wp\/v2\/product\/5455"}],"collection":[{"href":"https:\/\/www.enapp.gov.ao\/index.php?rest_route=\/wp\/v2\/product"}],"about":[{"href":"https:\/\/www.enapp.gov.ao\/index.php?rest_route=\/wp\/v2\/types\/product"}],"replies":[{"embeddable":true,"href":"https:\/\/www.enapp.gov.ao\/index.php?rest_route=%2Fwp%2Fv2%2Fcomments&post=5455"}],"wp:featuredmedia":[{"embeddable":true,"href":"https:\/\/www.enapp.gov.ao\/index.php?rest_route=\/wp\/v2\/media\/5946"}],"wp:attachment":[{"href":"https:\/\/www.enapp.gov.ao\/index.php?rest_route=%2Fwp%2Fv2%2Fmedia&parent=5455"}],"curies":[{"name":"wp","href":"https:\/\/api.w.org\/{rel}","templated":true}]}}