{"id":5458,"date":"2021-05-27T16:11:25","date_gmt":"2021-05-27T16:11:25","guid":{"rendered":"https:\/\/www.enapp.gov.ao\/?post_type=product&#038;p=5458"},"modified":"2021-06-03T16:03:14","modified_gmt":"2021-06-03T16:03:14","slug":"bank-insurance","status":"publish","type":"product","link":"https:\/\/www.enapp.gov.ao\/?product=bank-insurance","title":{"rendered":"Bank Insurance"},"content":{"rendered":"","protected":false},"excerpt":{"rendered":"<p><strong>Objectivos:<\/strong><\/p>\n<p>Trata-se de uma forma\u00e7\u00e3o que visa responder \u00e0s necessidades de forma\u00e7\u00e3o do mercado da banca e seguros, com destaque para a capacita\u00e7\u00e3o de gestores interm\u00e9dios e da mais alta lideran\u00e7a.<\/p>\n<p><strong>Requisitos:<\/strong><\/p>\n<p>Licenciatura ou Bacharelato<\/p>\n<p><strong>Carga hor\u00e1ria<\/strong>:<\/p>\n<p>48 horas<\/p>\n","protected":false},"featured_media":5947,"comment_status":"open","ping_status":"closed","template":"","meta":[],"_links":{"self":[{"href":"https:\/\/www.enapp.gov.ao\/index.php?rest_route=\/wp\/v2\/product\/5458"}],"collection":[{"href":"https:\/\/www.enapp.gov.ao\/index.php?rest_route=\/wp\/v2\/product"}],"about":[{"href":"https:\/\/www.enapp.gov.ao\/index.php?rest_route=\/wp\/v2\/types\/product"}],"replies":[{"embeddable":true,"href":"https:\/\/www.enapp.gov.ao\/index.php?rest_route=%2Fwp%2Fv2%2Fcomments&post=5458"}],"wp:featuredmedia":[{"embeddable":true,"href":"https:\/\/www.enapp.gov.ao\/index.php?rest_route=\/wp\/v2\/media\/5947"}],"wp:attachment":[{"href":"https:\/\/www.enapp.gov.ao\/index.php?rest_route=%2Fwp%2Fv2%2Fmedia&parent=5458"}],"curies":[{"name":"wp","href":"https:\/\/api.w.org\/{rel}","templated":true}]}}