{"id":5459,"date":"2021-05-27T16:13:22","date_gmt":"2021-05-27T16:13:22","guid":{"rendered":"https:\/\/www.enapp.gov.ao\/?post_type=product&#038;p=5459"},"modified":"2022-12-07T10:57:38","modified_gmt":"2022-12-07T10:57:38","slug":"contabilidade-orcamento-e-controlo","status":"publish","type":"product","link":"https:\/\/www.enapp.gov.ao\/?product=contabilidade-orcamento-e-controlo","title":{"rendered":"Contabilidade, Or\u00e7amento e Controlo"},"content":{"rendered":"","protected":false},"excerpt":{"rendered":"<p><strong>Objectivos:<\/strong><\/p>\n<p>Esta forma\u00e7\u00e3o visa dotar os participantes de ferramentas para uma gest\u00e3o mais adequada dos recursos financeiros e um controlo mais eficaz de resultados, de forma a contribuir para a optimiza\u00e7\u00e3o global dos servi\u00e7os.<\/p>\n<p><strong>Requisitos:<\/strong><\/p>\n<p>Licenciatura ou Bacharelato<\/p>\n<p><strong>Carga hor\u00e1ria:<\/strong><\/p>\n<p>80 horas<\/p>\n","protected":false},"featured_media":5956,"comment_status":"open","ping_status":"closed","template":"","meta":[],"_links":{"self":[{"href":"https:\/\/www.enapp.gov.ao\/index.php?rest_route=\/wp\/v2\/product\/5459"}],"collection":[{"href":"https:\/\/www.enapp.gov.ao\/index.php?rest_route=\/wp\/v2\/product"}],"about":[{"href":"https:\/\/www.enapp.gov.ao\/index.php?rest_route=\/wp\/v2\/types\/product"}],"replies":[{"embeddable":true,"href":"https:\/\/www.enapp.gov.ao\/index.php?rest_route=%2Fwp%2Fv2%2Fcomments&post=5459"}],"wp:featuredmedia":[{"embeddable":true,"href":"https:\/\/www.enapp.gov.ao\/index.php?rest_route=\/wp\/v2\/media\/5956"}],"wp:attachment":[{"href":"https:\/\/www.enapp.gov.ao\/index.php?rest_route=%2Fwp%2Fv2%2Fmedia&parent=5459"}],"curies":[{"name":"wp","href":"https:\/\/api.w.org\/{rel}","templated":true}]}}