{"id":5461,"date":"2021-05-27T16:16:50","date_gmt":"2021-05-27T16:16:50","guid":{"rendered":"https:\/\/www.enapp.gov.ao\/?post_type=product&#038;p=5461"},"modified":"2021-06-03T16:03:16","modified_gmt":"2021-06-03T16:03:16","slug":"financas-corporativas","status":"publish","type":"product","link":"https:\/\/www.enapp.gov.ao\/?product=financas-corporativas","title":{"rendered":"Finan\u00e7as Corporativas"},"content":{"rendered":"","protected":false},"excerpt":{"rendered":"<p><strong>Objectivos<\/strong>:<\/p>\n<p>O curso de Finan\u00e7as Coorporativas tem como objectivo capacitar os participantes em mat\u00e9rias fundamentais sobre finan\u00e7as empresariais e dos modelos utilizados pelos analistas e executivos do mercado no dia-a-dia para tomada de decis\u00f5es de investimentos.<\/p>\n<p><strong>Requisitos:<\/strong><\/p>\n<p>Licenciatura ou Bacharelato<\/p>\n<p><strong>Carga hor\u00e1ria:<\/strong><\/p>\n<p>60 horas.<\/p>\n","protected":false},"featured_media":5944,"comment_status":"open","ping_status":"closed","template":"","meta":[],"_links":{"self":[{"href":"https:\/\/www.enapp.gov.ao\/index.php?rest_route=\/wp\/v2\/product\/5461"}],"collection":[{"href":"https:\/\/www.enapp.gov.ao\/index.php?rest_route=\/wp\/v2\/product"}],"about":[{"href":"https:\/\/www.enapp.gov.ao\/index.php?rest_route=\/wp\/v2\/types\/product"}],"replies":[{"embeddable":true,"href":"https:\/\/www.enapp.gov.ao\/index.php?rest_route=%2Fwp%2Fv2%2Fcomments&post=5461"}],"wp:featuredmedia":[{"embeddable":true,"href":"https:\/\/www.enapp.gov.ao\/index.php?rest_route=\/wp\/v2\/media\/5944"}],"wp:attachment":[{"href":"https:\/\/www.enapp.gov.ao\/index.php?rest_route=%2Fwp%2Fv2%2Fmedia&parent=5461"}],"curies":[{"name":"wp","href":"https:\/\/api.w.org\/{rel}","templated":true}]}}