{"id":5464,"date":"2021-05-27T16:24:52","date_gmt":"2021-05-27T16:24:52","guid":{"rendered":"https:\/\/www.enapp.gov.ao\/?post_type=product&#038;p=5464"},"modified":"2021-06-03T15:46:06","modified_gmt":"2021-06-03T15:46:06","slug":"gestao-do-capital-humano","status":"publish","type":"product","link":"https:\/\/www.enapp.gov.ao\/?product=gestao-do-capital-humano","title":{"rendered":"Gest\u00e3o do Capital Humano"},"content":{"rendered":"","protected":false},"excerpt":{"rendered":"<p><strong>Objectivos:<\/strong><\/p>\n<p>Trata-se de uma forma\u00e7\u00e3o executiva que visa dotar os participantes de compet\u00eancias e t\u00e9cnicas necess\u00e1rias no dom\u00ednio da gest\u00e3o do capital humano, bem como perceber a import\u00e2ncia estrat\u00e9gica da \u00e1rea de Recursos Humanos no contexto organizacional e de gest\u00e3o.<\/p>\n<p><strong>Requisitos<\/strong>:<\/p>\n<p>Licenciatura ou Bacharelato<\/p>\n<p><strong>Carga hor\u00e1ria:<\/strong><\/p>\n<p>40 horas<\/p>\n","protected":false},"featured_media":5957,"comment_status":"open","ping_status":"closed","template":"","meta":[],"_links":{"self":[{"href":"https:\/\/www.enapp.gov.ao\/index.php?rest_route=\/wp\/v2\/product\/5464"}],"collection":[{"href":"https:\/\/www.enapp.gov.ao\/index.php?rest_route=\/wp\/v2\/product"}],"about":[{"href":"https:\/\/www.enapp.gov.ao\/index.php?rest_route=\/wp\/v2\/types\/product"}],"replies":[{"embeddable":true,"href":"https:\/\/www.enapp.gov.ao\/index.php?rest_route=%2Fwp%2Fv2%2Fcomments&post=5464"}],"wp:featuredmedia":[{"embeddable":true,"href":"https:\/\/www.enapp.gov.ao\/index.php?rest_route=\/wp\/v2\/media\/5957"}],"wp:attachment":[{"href":"https:\/\/www.enapp.gov.ao\/index.php?rest_route=%2Fwp%2Fv2%2Fmedia&parent=5464"}],"curies":[{"name":"wp","href":"https:\/\/api.w.org\/{rel}","templated":true}]}}