{"id":5465,"date":"2021-05-27T16:27:08","date_gmt":"2021-05-27T16:27:08","guid":{"rendered":"https:\/\/www.enapp.gov.ao\/?post_type=product&#038;p=5465"},"modified":"2022-12-07T09:43:40","modified_gmt":"2022-12-07T09:43:40","slug":"administracao-de-restaurantes","status":"publish","type":"product","link":"https:\/\/www.enapp.gov.ao\/?product=administracao-de-restaurantes","title":{"rendered":"Administra\u00e7\u00e3o de Restaurantes"},"content":{"rendered":"","protected":false},"excerpt":{"rendered":"<p><strong>Objectivos<\/strong>:<\/p>\n<p>Pretende-se com este curso formar profissionais para o exerc\u00edcio de fun\u00e7\u00f5es nos servi\u00e7os de Restaura\u00e7\u00e3o, por forma a adquirirem compet\u00eancias para o melhor desempenho das suas atribui\u00e7\u00f5es.<\/p>\n<p><strong>Requisitos<\/strong>:<\/p>\n<p>Licenciatura ou Bacharelato<\/p>\n<p><strong>Carga hor\u00e1ria:<\/strong><\/p>\n<p>40 horas<\/p>\n","protected":false},"featured_media":5876,"comment_status":"open","ping_status":"closed","template":"","meta":[],"_links":{"self":[{"href":"https:\/\/www.enapp.gov.ao\/index.php?rest_route=\/wp\/v2\/product\/5465"}],"collection":[{"href":"https:\/\/www.enapp.gov.ao\/index.php?rest_route=\/wp\/v2\/product"}],"about":[{"href":"https:\/\/www.enapp.gov.ao\/index.php?rest_route=\/wp\/v2\/types\/product"}],"replies":[{"embeddable":true,"href":"https:\/\/www.enapp.gov.ao\/index.php?rest_route=%2Fwp%2Fv2%2Fcomments&post=5465"}],"wp:featuredmedia":[{"embeddable":true,"href":"https:\/\/www.enapp.gov.ao\/index.php?rest_route=\/wp\/v2\/media\/5876"}],"wp:attachment":[{"href":"https:\/\/www.enapp.gov.ao\/index.php?rest_route=%2Fwp%2Fv2%2Fmedia&parent=5465"}],"curies":[{"name":"wp","href":"https:\/\/api.w.org\/{rel}","templated":true}]}}