{"id":5466,"date":"2021-05-27T16:29:30","date_gmt":"2021-05-27T16:29:30","guid":{"rendered":"https:\/\/www.enapp.gov.ao\/?post_type=product&#038;p=5466"},"modified":"2021-06-03T12:41:21","modified_gmt":"2021-06-03T12:41:21","slug":"administracao-e-gestao-hoteleira","status":"publish","type":"product","link":"https:\/\/www.enapp.gov.ao\/?product=administracao-e-gestao-hoteleira","title":{"rendered":"Administra\u00e7\u00e3o e Gest\u00e3o Hoteleira"},"content":{"rendered":"","protected":false},"excerpt":{"rendered":"<p><strong>Objectivos<\/strong>:<\/p>\n<p>Pretende-se com este curso capacitar os gestores de unidades hoteleiras.<\/p>\n<p><strong>Requisitos:<\/strong><\/p>\n<p>Licenciatura ou Bacharelato<\/p>\n<p><strong>Carga hor\u00e1ria:<\/strong><\/p>\n<p>80 horas<\/p>\n","protected":false},"featured_media":5875,"comment_status":"open","ping_status":"closed","template":"","meta":[],"_links":{"self":[{"href":"https:\/\/www.enapp.gov.ao\/index.php?rest_route=\/wp\/v2\/product\/5466"}],"collection":[{"href":"https:\/\/www.enapp.gov.ao\/index.php?rest_route=\/wp\/v2\/product"}],"about":[{"href":"https:\/\/www.enapp.gov.ao\/index.php?rest_route=\/wp\/v2\/types\/product"}],"replies":[{"embeddable":true,"href":"https:\/\/www.enapp.gov.ao\/index.php?rest_route=%2Fwp%2Fv2%2Fcomments&post=5466"}],"wp:featuredmedia":[{"embeddable":true,"href":"https:\/\/www.enapp.gov.ao\/index.php?rest_route=\/wp\/v2\/media\/5875"}],"wp:attachment":[{"href":"https:\/\/www.enapp.gov.ao\/index.php?rest_route=%2Fwp%2Fv2%2Fmedia&parent=5466"}],"curies":[{"name":"wp","href":"https:\/\/api.w.org\/{rel}","templated":true}]}}