{"id":5469,"date":"2021-05-27T16:35:59","date_gmt":"2021-05-27T16:35:59","guid":{"rendered":"https:\/\/www.enapp.gov.ao\/?post_type=product&#038;p=5469"},"modified":"2021-06-03T16:16:30","modified_gmt":"2021-06-03T16:16:30","slug":"gestao-de-frotas","status":"publish","type":"product","link":"https:\/\/www.enapp.gov.ao\/?product=gestao-de-frotas","title":{"rendered":"Gest\u00e3o de Frotas"},"content":{"rendered":"","protected":false},"excerpt":{"rendered":"<p><strong>Objectivos<\/strong>:<\/p>\n<p>O Curso de Gest\u00e3o de Frotas tem como objectivo dotar os participantes de conhecimentos essenciais sobre a \u00e1rea de administra\u00e7\u00e3o de frotas, que lhes permitam efectuar uma melhor gest\u00e3o dos riscos e redu\u00e7\u00e3o de custos.<\/p>\n<p><strong>Requisitos:<\/strong><\/p>\n<p>Licenciatura ou Bacharelato<\/p>\n<p><strong>Carga hor\u00e1ria:<\/strong><\/p>\n<p>75 horas<\/p>\n","protected":false},"featured_media":5968,"comment_status":"open","ping_status":"closed","template":"","meta":[],"_links":{"self":[{"href":"https:\/\/www.enapp.gov.ao\/index.php?rest_route=\/wp\/v2\/product\/5469"}],"collection":[{"href":"https:\/\/www.enapp.gov.ao\/index.php?rest_route=\/wp\/v2\/product"}],"about":[{"href":"https:\/\/www.enapp.gov.ao\/index.php?rest_route=\/wp\/v2\/types\/product"}],"replies":[{"embeddable":true,"href":"https:\/\/www.enapp.gov.ao\/index.php?rest_route=%2Fwp%2Fv2%2Fcomments&post=5469"}],"wp:featuredmedia":[{"embeddable":true,"href":"https:\/\/www.enapp.gov.ao\/index.php?rest_route=\/wp\/v2\/media\/5968"}],"wp:attachment":[{"href":"https:\/\/www.enapp.gov.ao\/index.php?rest_route=%2Fwp%2Fv2%2Fmedia&parent=5469"}],"curies":[{"name":"wp","href":"https:\/\/api.w.org\/{rel}","templated":true}]}}