{"id":5473,"date":"2021-05-27T16:42:07","date_gmt":"2021-05-27T16:42:07","guid":{"rendered":"https:\/\/www.enapp.gov.ao\/?post_type=product&#038;p=5473"},"modified":"2021-06-03T16:14:13","modified_gmt":"2021-06-03T16:14:13","slug":"legislacao-do-transporte-rodoviario-de-produtos-perigosos","status":"publish","type":"product","link":"https:\/\/www.enapp.gov.ao\/?product=legislacao-do-transporte-rodoviario-de-produtos-perigosos","title":{"rendered":"Legisla\u00e7\u00e3o do Transporte Rodovi\u00e1rio de Produtos Perigosos"},"content":{"rendered":"","protected":false},"excerpt":{"rendered":"<p><strong>Objectivos:<\/strong><\/p>\n<p>Este curso visa actualizar os t\u00e9cnicos que actuam no mercado de transporte de produtos perigosos da ind\u00fastria qu\u00edmica e impactos para a cadeia log\u00edstica, bem como as consequ\u00eancias pelo n\u00e3o cumprimento da legisla\u00e7\u00e3o e seguran\u00e7a no manuseio dos transportes de produtos perigosos e afins, capacitando-os para as actualiza\u00e7\u00f5es acerca da legisla\u00e7\u00e3o e normas t\u00e9cnicas.<\/p>\n<p><strong>Requisitos:<\/strong><\/p>\n<p>Licenciatura ou Bacharelato<\/p>\n<p><strong>Carga hor\u00e1ria:<\/strong><\/p>\n<p>45 horas<\/p>\n","protected":false},"featured_media":5972,"comment_status":"open","ping_status":"closed","template":"","meta":[],"_links":{"self":[{"href":"https:\/\/www.enapp.gov.ao\/index.php?rest_route=\/wp\/v2\/product\/5473"}],"collection":[{"href":"https:\/\/www.enapp.gov.ao\/index.php?rest_route=\/wp\/v2\/product"}],"about":[{"href":"https:\/\/www.enapp.gov.ao\/index.php?rest_route=\/wp\/v2\/types\/product"}],"replies":[{"embeddable":true,"href":"https:\/\/www.enapp.gov.ao\/index.php?rest_route=%2Fwp%2Fv2%2Fcomments&post=5473"}],"wp:featuredmedia":[{"embeddable":true,"href":"https:\/\/www.enapp.gov.ao\/index.php?rest_route=\/wp\/v2\/media\/5972"}],"wp:attachment":[{"href":"https:\/\/www.enapp.gov.ao\/index.php?rest_route=%2Fwp%2Fv2%2Fmedia&parent=5473"}],"curies":[{"name":"wp","href":"https:\/\/api.w.org\/{rel}","templated":true}]}}