{"id":5474,"date":"2021-05-27T16:44:04","date_gmt":"2021-05-27T16:44:04","guid":{"rendered":"https:\/\/www.enapp.gov.ao\/?post_type=product&#038;p=5474"},"modified":"2021-06-03T16:14:05","modified_gmt":"2021-06-03T16:14:05","slug":"logistica-internacional","status":"publish","type":"product","link":"https:\/\/www.enapp.gov.ao\/?product=logistica-internacional","title":{"rendered":"Log\u00edstica Internacional"},"content":{"rendered":"","protected":false},"excerpt":{"rendered":"<p><strong>Objectivos<\/strong>:<\/p>\n<p>Este curso visa dotar os participantes de conhecimentos para an\u00e1lise de informa\u00e7\u00f5es e de necessidades nas negocia\u00e7\u00f5es de\u00a0compra e venda internacionais, por meio da avalia\u00e7\u00e3o dos <em>Incoterms<\/em>, de forma pr\u00e1tica, assertiva e\u00a0objectiva.<\/p>\n<p><strong>Requisitos<\/strong>:<\/p>\n<p>Licenciatura ou Bacharelato<\/p>\n<p><strong>Carga hor\u00e1ria:<\/strong><\/p>\n<p>55 horas<\/p>\n","protected":false},"featured_media":5970,"comment_status":"open","ping_status":"closed","template":"","meta":[],"_links":{"self":[{"href":"https:\/\/www.enapp.gov.ao\/index.php?rest_route=\/wp\/v2\/product\/5474"}],"collection":[{"href":"https:\/\/www.enapp.gov.ao\/index.php?rest_route=\/wp\/v2\/product"}],"about":[{"href":"https:\/\/www.enapp.gov.ao\/index.php?rest_route=\/wp\/v2\/types\/product"}],"replies":[{"embeddable":true,"href":"https:\/\/www.enapp.gov.ao\/index.php?rest_route=%2Fwp%2Fv2%2Fcomments&post=5474"}],"wp:featuredmedia":[{"embeddable":true,"href":"https:\/\/www.enapp.gov.ao\/index.php?rest_route=\/wp\/v2\/media\/5970"}],"wp:attachment":[{"href":"https:\/\/www.enapp.gov.ao\/index.php?rest_route=%2Fwp%2Fv2%2Fmedia&parent=5474"}],"curies":[{"name":"wp","href":"https:\/\/api.w.org\/{rel}","templated":true}]}}