{"id":5476,"date":"2021-05-27T16:48:07","date_gmt":"2021-05-27T16:48:07","guid":{"rendered":"https:\/\/www.enapp.gov.ao\/?post_type=product&#038;p=5476"},"modified":"2021-06-09T15:23:30","modified_gmt":"2021-06-09T15:23:30","slug":"especializacao-em-financas-e-contabilidade-autarquica","status":"publish","type":"product","link":"https:\/\/www.enapp.gov.ao\/?product=especializacao-em-financas-e-contabilidade-autarquica","title":{"rendered":"Especializa\u00e7\u00e3o em Finan\u00e7as e Contabilidade Aut\u00e1rquica"},"content":{"rendered":"","protected":false},"excerpt":{"rendered":"<p><strong>Objectivos<\/strong>:<\/p>\n<p>Este curso tem como objectivo dotar os formandos de conhecimentos sobre o regime financeiro aut\u00e1rquico numa perspectiva nacional e comparada, as princ\u00edpios, as regras, o or\u00e7amento e a presta\u00e7\u00e3o de contas nas autarquias locais.<\/p>\n<p><strong>Requisitos<\/strong>:<\/p>\n<p>Licenciatura ou Bacharelato<\/p>\n<p><strong>Carga hor\u00e1ria:<\/strong><\/p>\n<p>100 horas<\/p>\n","protected":false},"featured_media":6040,"comment_status":"open","ping_status":"closed","template":"","meta":[],"_links":{"self":[{"href":"https:\/\/www.enapp.gov.ao\/index.php?rest_route=\/wp\/v2\/product\/5476"}],"collection":[{"href":"https:\/\/www.enapp.gov.ao\/index.php?rest_route=\/wp\/v2\/product"}],"about":[{"href":"https:\/\/www.enapp.gov.ao\/index.php?rest_route=\/wp\/v2\/types\/product"}],"replies":[{"embeddable":true,"href":"https:\/\/www.enapp.gov.ao\/index.php?rest_route=%2Fwp%2Fv2%2Fcomments&post=5476"}],"wp:featuredmedia":[{"embeddable":true,"href":"https:\/\/www.enapp.gov.ao\/index.php?rest_route=\/wp\/v2\/media\/6040"}],"wp:attachment":[{"href":"https:\/\/www.enapp.gov.ao\/index.php?rest_route=%2Fwp%2Fv2%2Fmedia&parent=5476"}],"curies":[{"name":"wp","href":"https:\/\/api.w.org\/{rel}","templated":true}]}}