{"id":5477,"date":"2021-05-27T16:50:16","date_gmt":"2021-05-27T16:50:16","guid":{"rendered":"https:\/\/www.enapp.gov.ao\/?post_type=product&#038;p=5477"},"modified":"2021-05-28T13:01:18","modified_gmt":"2021-05-28T13:01:18","slug":"especializacao-em-elaboracao-e-gestao-de-projectos-de-desenvolvimento-local","status":"publish","type":"product","link":"https:\/\/www.enapp.gov.ao\/?product=especializacao-em-elaboracao-e-gestao-de-projectos-de-desenvolvimento-local","title":{"rendered":"Especializa\u00e7\u00e3o em Elabora\u00e7\u00e3o e Gest\u00e3o de Projectos de Desenvolvimento Local"},"content":{"rendered":"","protected":false},"excerpt":{"rendered":"<p><strong>Objectivos<\/strong>:<\/p>\n<p>Este curso visa munir os formandos de ferramentas e t\u00e9cnicas essenciais para o desenho de projectos de desenvolvimento, bem como agregar valor profissional n\u00e3o s\u00f3 aos formandos, mas tamb\u00e9m \u00e0s suas respectivas organiza\u00e7\u00f5es.<\/p>\n<p><strong>Requisitos<\/strong>:<\/p>\n<p>Licenciatura ou Bacharelato<\/p>\n<p><strong>Carga hor\u00e1ria:<\/strong><\/p>\n<p>100 horas<\/p>\n","protected":false},"featured_media":0,"comment_status":"open","ping_status":"closed","template":"","meta":[],"_links":{"self":[{"href":"https:\/\/www.enapp.gov.ao\/index.php?rest_route=\/wp\/v2\/product\/5477"}],"collection":[{"href":"https:\/\/www.enapp.gov.ao\/index.php?rest_route=\/wp\/v2\/product"}],"about":[{"href":"https:\/\/www.enapp.gov.ao\/index.php?rest_route=\/wp\/v2\/types\/product"}],"replies":[{"embeddable":true,"href":"https:\/\/www.enapp.gov.ao\/index.php?rest_route=%2Fwp%2Fv2%2Fcomments&post=5477"}],"wp:attachment":[{"href":"https:\/\/www.enapp.gov.ao\/index.php?rest_route=%2Fwp%2Fv2%2Fmedia&parent=5477"}],"curies":[{"name":"wp","href":"https:\/\/api.w.org\/{rel}","templated":true}]}}