{"id":5487,"date":"2021-05-27T17:11:22","date_gmt":"2021-05-27T17:11:22","guid":{"rendered":"https:\/\/www.enapp.gov.ao\/?post_type=product&#038;p=5487"},"modified":"2021-06-03T16:05:39","modified_gmt":"2021-06-03T16:05:39","slug":"5487","status":"publish","type":"product","link":"https:\/\/www.enapp.gov.ao\/?product=5487","title":{"rendered":"Gest\u00e3o de Frotas"},"content":{"rendered":"","protected":false},"excerpt":{"rendered":"<p><strong>Objectivo:<\/strong><\/p>\n<p>Dotar de ferramentas em gest\u00e3o para analise e controlo de frotas<\/p>\n<p><strong>Requisito:<\/strong><\/p>\n<p>Ser respons\u00e1vel de log\u00edstica, distribui\u00e7\u00e3o, diretor e operador de frota.<\/p>\n<p><strong>Carga Hor\u00e1ria<\/strong>:<\/p>\n<p>20 horas<\/p>\n","protected":false},"featured_media":5962,"comment_status":"open","ping_status":"closed","template":"","meta":[],"_links":{"self":[{"href":"https:\/\/www.enapp.gov.ao\/index.php?rest_route=\/wp\/v2\/product\/5487"}],"collection":[{"href":"https:\/\/www.enapp.gov.ao\/index.php?rest_route=\/wp\/v2\/product"}],"about":[{"href":"https:\/\/www.enapp.gov.ao\/index.php?rest_route=\/wp\/v2\/types\/product"}],"replies":[{"embeddable":true,"href":"https:\/\/www.enapp.gov.ao\/index.php?rest_route=%2Fwp%2Fv2%2Fcomments&post=5487"}],"wp:featuredmedia":[{"embeddable":true,"href":"https:\/\/www.enapp.gov.ao\/index.php?rest_route=\/wp\/v2\/media\/5962"}],"wp:attachment":[{"href":"https:\/\/www.enapp.gov.ao\/index.php?rest_route=%2Fwp%2Fv2%2Fmedia&parent=5487"}],"curies":[{"name":"wp","href":"https:\/\/api.w.org\/{rel}","templated":true}]}}