{"id":5502,"date":"2021-05-27T17:32:40","date_gmt":"2021-05-27T17:32:40","guid":{"rendered":"https:\/\/www.enapp.gov.ao\/?post_type=product&#038;p=5502"},"modified":"2021-06-03T15:39:15","modified_gmt":"2021-06-03T15:39:15","slug":"financas-publicas","status":"publish","type":"product","link":"https:\/\/www.enapp.gov.ao\/?product=financas-publicas","title":{"rendered":"Finan\u00e7as P\u00fablicas"},"content":{"rendered":"","protected":false},"excerpt":{"rendered":"<p><strong>Objectivos:<\/strong><\/p>\n<ul>\n<li>Compreender as diferentes fases do ciclo or\u00e7amental, desde a prepara\u00e7\u00e3o do Or\u00e7amento do Estado \u00e0 presta\u00e7\u00e3o de contas;<\/li>\n<li>Implementar as medidas de gest\u00e3o, execu\u00e7\u00e3o e controlo adequadas;<\/li>\n<li>Interpretar e aplicar a legisla\u00e7\u00e3o em vigor;<\/li>\n<li>Compreender o papel dos diferentes intervenientes no processo or\u00e7amental;<\/li>\n<li>Perceber o processo de elabora\u00e7\u00e3o da Conta Geral do Estado.<\/li>\n<\/ul>\n<p><strong>Requisitos:<\/strong><\/p>\n<p>Ser funcion\u00e1rio p\u00fablico, exercendo cargo de Direc\u00e7\u00e3o e Chefia e n\u00e3o s\u00f3.<\/p>\n<p><strong>Carga Hor\u00e1ria<\/strong>:<\/p>\n<p>60 horas.<\/p>\n","protected":false},"featured_media":5951,"comment_status":"open","ping_status":"closed","template":"","meta":[],"_links":{"self":[{"href":"https:\/\/www.enapp.gov.ao\/index.php?rest_route=\/wp\/v2\/product\/5502"}],"collection":[{"href":"https:\/\/www.enapp.gov.ao\/index.php?rest_route=\/wp\/v2\/product"}],"about":[{"href":"https:\/\/www.enapp.gov.ao\/index.php?rest_route=\/wp\/v2\/types\/product"}],"replies":[{"embeddable":true,"href":"https:\/\/www.enapp.gov.ao\/index.php?rest_route=%2Fwp%2Fv2%2Fcomments&post=5502"}],"wp:featuredmedia":[{"embeddable":true,"href":"https:\/\/www.enapp.gov.ao\/index.php?rest_route=\/wp\/v2\/media\/5951"}],"wp:attachment":[{"href":"https:\/\/www.enapp.gov.ao\/index.php?rest_route=%2Fwp%2Fv2%2Fmedia&parent=5502"}],"curies":[{"name":"wp","href":"https:\/\/api.w.org\/{rel}","templated":true}]}}