{"id":5504,"date":"2021-05-27T17:35:31","date_gmt":"2021-05-27T17:35:31","guid":{"rendered":"https:\/\/www.enapp.gov.ao\/?post_type=product&#038;p=5504"},"modified":"2021-06-03T15:39:23","modified_gmt":"2021-06-03T15:39:23","slug":"ciclo-de-contabilidade","status":"publish","type":"product","link":"https:\/\/www.enapp.gov.ao\/?product=ciclo-de-contabilidade","title":{"rendered":"Ciclo de Contabilidade"},"content":{"rendered":"","protected":false},"excerpt":{"rendered":"<p><strong>Objectivos:<\/strong><\/p>\n<p>Dotar os participantes de compet\u00eancias para interpretar e aplicar as opera\u00e7\u00f5es contabil\u00edsticas de forma correcta, classificar correctamente os documentos contabil\u00edsticos, elaborar as pe\u00e7as contabil\u00edsticas fundamentais de forma clara, precisa e concisa e avaliar o universo contabil\u00edstico nacional e internacional.<\/p>\n<p><strong>Requisitos:<\/strong><\/p>\n<p>Ser profissional de gest\u00e3o contabil\u00edstica, financeira e auditoria.<\/p>\n<p>Ser licenciado ou bacharel da \u00e1rea contabil\u00edstica.<\/p>\n<p><strong>Carga Hor\u00e1ria<\/strong>:<\/p>\n<p>100 horas.<\/p>\n","protected":false},"featured_media":5949,"comment_status":"open","ping_status":"closed","template":"","meta":[],"_links":{"self":[{"href":"https:\/\/www.enapp.gov.ao\/index.php?rest_route=\/wp\/v2\/product\/5504"}],"collection":[{"href":"https:\/\/www.enapp.gov.ao\/index.php?rest_route=\/wp\/v2\/product"}],"about":[{"href":"https:\/\/www.enapp.gov.ao\/index.php?rest_route=\/wp\/v2\/types\/product"}],"replies":[{"embeddable":true,"href":"https:\/\/www.enapp.gov.ao\/index.php?rest_route=%2Fwp%2Fv2%2Fcomments&post=5504"}],"wp:featuredmedia":[{"embeddable":true,"href":"https:\/\/www.enapp.gov.ao\/index.php?rest_route=\/wp\/v2\/media\/5949"}],"wp:attachment":[{"href":"https:\/\/www.enapp.gov.ao\/index.php?rest_route=%2Fwp%2Fv2%2Fmedia&parent=5504"}],"curies":[{"name":"wp","href":"https:\/\/api.w.org\/{rel}","templated":true}]}}