{"id":5505,"date":"2021-05-27T17:36:54","date_gmt":"2021-05-27T17:36:54","guid":{"rendered":"https:\/\/www.enapp.gov.ao\/?post_type=product&#038;p=5505"},"modified":"2021-06-03T15:45:00","modified_gmt":"2021-06-03T15:45:00","slug":"auditoria-contabilistica-e-financeira","status":"publish","type":"product","link":"https:\/\/www.enapp.gov.ao\/?product=auditoria-contabilistica-e-financeira","title":{"rendered":"Auditoria Contabil\u00edstica e Financeira"},"content":{"rendered":"","protected":false},"excerpt":{"rendered":"<p><strong>Objectivos:<\/strong><\/p>\n<p>Dotar os participantes de conhecimentos e compet\u00eancias que permitam conhecer a import\u00e2ncia, os tipos de auditoria, as fun\u00e7\u00f5es do auditor e os tipos de relat\u00f3rios produzidos. Perceber a import\u00e2ncia do sistema de controlo interno na gest\u00e3o das empresas.<\/p>\n<p><strong>Requisitos:<\/strong><\/p>\n<p>Ser profissional de gest\u00e3o contabil\u00edstica, financeira, auditoria;<\/p>\n<p>Ser licenciado ou bacharel da \u00e1rea contabil\u00edstica.<\/p>\n<p><strong>Carga Hor\u00e1ria<\/strong>:<\/p>\n<p>40 horas.<\/p>\n","protected":false},"featured_media":5948,"comment_status":"open","ping_status":"closed","template":"","meta":[],"_links":{"self":[{"href":"https:\/\/www.enapp.gov.ao\/index.php?rest_route=\/wp\/v2\/product\/5505"}],"collection":[{"href":"https:\/\/www.enapp.gov.ao\/index.php?rest_route=\/wp\/v2\/product"}],"about":[{"href":"https:\/\/www.enapp.gov.ao\/index.php?rest_route=\/wp\/v2\/types\/product"}],"replies":[{"embeddable":true,"href":"https:\/\/www.enapp.gov.ao\/index.php?rest_route=%2Fwp%2Fv2%2Fcomments&post=5505"}],"wp:featuredmedia":[{"embeddable":true,"href":"https:\/\/www.enapp.gov.ao\/index.php?rest_route=\/wp\/v2\/media\/5948"}],"wp:attachment":[{"href":"https:\/\/www.enapp.gov.ao\/index.php?rest_route=%2Fwp%2Fv2%2Fmedia&parent=5505"}],"curies":[{"name":"wp","href":"https:\/\/api.w.org\/{rel}","templated":true}]}}